{"id":103,"date":"2017-07-02T14:29:15","date_gmt":"2017-07-02T14:29:15","guid":{"rendered":"http:\/\/geiger-evolution.ch\/?page_id=103"},"modified":"2021-02-24T21:02:52","modified_gmt":"2021-02-24T21:02:52","slug":"power-play_unternehmen","status":"publish","type":"page","link":"https:\/\/geiger-evolution.ch\/index.php\/power-play_unternehmen\/","title":{"rendered":"Power Play Unternehmen"},"content":{"rendered":"\n<figure class=\"wp-block-image\"><img src=\"http:\/\/geiger-evolution.ch\/wp-content\/uploads\/2017\/07\/2f9976cc27.jpg\" alt=\"2f9976cc27\" class=\"wp-image-188\"\/><\/figure>\n\n\n\n<h3><span style=\"color: #99cc00; font-size: 24pt;\">Mobilisieren Sie Ihr Unternehmen<\/span><\/h3>\n\n\n\n<figure class=\"wp-block-image\"><a href=\"http:\/\/geiger-evolution.ch\/wp-content\/uploads\/2018\/01\/Flyer_GG_PRO4S-MEMO.pdf\" target=\"_blank\" rel=\"noopener\"><img src=\"http:\/\/geiger-evolution.ch\/wp-content\/uploads\/2017\/07\/Pro-Memo-213x300.png\" alt=\"Pro Memo\" class=\"wp-image-276\"\/><\/a><\/figure>\n\n\n\n<p>Unternehmerisches Denken und Handeln im Betrieb l\u00e4sst sich systematisch f\u00f6rdern!<\/p>\n\n\n\n<p>Machen Sie eine neue Erfahrung und lernen Sie Menschen von einer anderen Seite und ein wirkungsvolles Motivationsinstrument kurz und knackig kennen!<\/p>\n\n\n\n<p>jetzt mit neuem, mobilem und interaktivem Management-App!<\/p>\n\n\n\n<p>Die Unternehmenssimulation PRO4S MEMO mobilisiert Menschen und macht unternehmerisches Denken und Handeln greifbar, aktiviert den Gedankenaustausch und f\u00f6rdert Teamwork. Und f\u00f6rdert motivierte und verantwortungsvoll denkende Mitunternehmer, welche das Dienstleistungs- und Qualit\u00e4tsniveau nochmals sp\u00fcr- und messbar steigern!<\/p>\n\n\n\n<p>Nach einer Einf\u00fchrung in die betriebswirtschaftlichen Grundlagen und den Spielaufbau erleben Sie unternehmerisches Denken und Handeln und tauschen Erlebnisse und Erkenntnisse aus. Teams \u00e0 zwei Personen w\u00fcrfeln, spielen und diskutieren an Tischen \u00fcber Ziele, Gesch\u00e4ftsvorf\u00e4lle, Probleme und vor allem L\u00f6sungen. Rasch erkennen Sie Handlungsfelder und Verbesserungsm\u00f6glichkeiten in Ihrem eigenen Unternehmen sowie weitere Einsatzm\u00f6glichkeiten bei Ihnen und Ihren Kunden und Lieferanten.<\/p>\n\n\n\n<h3>Welchen Nutzen bringt das Ihrem Unternehmen?<\/h3>\n\n\n\n<ul><li>Mehr unternehmerisches Denken und Handeln von F\u00fchrungskr\u00e4ften und Mitarbeitenden steigert Ihre Service-Qualit\u00e4t und Ihren Kundenfokus<\/li><li>Team- und Unternehmensziele besser sehen und aus eigener Kraft rascher erreichen bringt mehr Umsatz<\/li><li>Verbesserung von Motivation, F\u00fchrung, Zusammenarbeit und Kommunikation bringt Effizienz und Effektivit\u00e4t in Ihre Abl\u00e4ufe und Prozesse = bessere Wirkung und Margen<\/li><li>Schaffen einer gemeinsamen Sprache und Sichtweise vom Auszubildenden \u00fcber Mitarbeitende, Kader, Gesch\u00e4ftsleitung bis zum Verwaltungsrat\/Vorstand und Kunden schafft Verst\u00e4ndnis und Transparenz<\/li><\/ul>\n\n\n\n<h3>Was macht den spielerischen Ansatz so wirkungsvoll?<\/h3>\n\n\n\n<ul><li>Spielen ist die nat\u00fcrlichste Art, richtig verstehen zu lernen<\/li><li>Ein Spiel vereinfacht komplexe Zusammenh\u00e4nge, visualisiert Sachverhalte und strukturiert Ziele &#8211; Fragen werden im pers\u00f6nlichen Kontakt unmittelbar beantwortet<\/li><li>Es erm\u00f6glicht lebendige, lehrreiche und interaktive Anl\u00e4sse mit F\u00fchrungskr\u00e4ften, Mitarbeitenden und Kunden bzw. Lieferanten.<\/li><li>Hier <a href=\"https:\/\/pro4s.adobeconnect.com\/_a54343444\/p60097920\/\" target=\"_blank\" rel=\"noopener\">sehen und h\u00f6ren<\/a> Sie Impressionen zum Unternehmensspiel PRO4S MEMO.<\/li><\/ul>\n\n\n\n<p>Setzen Sie motivierende Impulse und mobilisieren Sie Ihr Unternehmen, Ihre Mitarbeitenden, Ihre Kunden und Lieferanten auf eine neue Art und Weise!<\/p>\n\n\n\n<p>M\u00f6chten Sie mehr dar\u00fcber erfahren? Auf Ihre <a href=\"http:\/\/geiger-evolution.ch\/?page_id=30\">Anfrage<\/a> freuen wir uns sehr!<\/p>\n\n\n\n<p>Weitere Informationen finden Sie bei <a href=\"http:\/\/www.pro4smemo.com\/\" target=\"_blank\" rel=\"noopener\">www.pro4smemo.com<\/a><\/p>\n\n\n\n<blockquote class=\"wp-block-quote\"><p><strong><em> <\/em><\/strong><em>&#8222;Wenn Du ein Schiff bauen willst, so rufe nicht Menschen zusammen, um Holz zu beschaffen, Werkzeuge vorzubereiten, Aufgaben zu vergeben und die Arbeit einzuteilen; entfalte in den Menschen den Wunsch nach dem grossen weiten Meer.&#8220;<\/em><\/p><cite><em>Antoine de Saint-Exup\u00e9ry<\/em><\/cite><\/blockquote>\n","protected":false},"excerpt":{"rendered":"<p>Mobilisieren Sie Ihr Unternehmen Unternehmerisches Denken und Handeln im Betrieb l\u00e4sst sich systematisch f\u00f6rdern! Machen Sie eine neue Erfahrung und lernen Sie Menschen von einer anderen Seite und ein wirkungsvolles Motivationsinstrument kurz und knackig kennen! jetzt mit neuem, mobilem und interaktivem Management-App! Die Unternehmenssimulation PRO4S MEMO mobilisiert Menschen und macht unternehmerisches Denken und Handeln greifbar, [&hellip;]<\/p>\n","protected":false},"author":1,"featured_media":0,"parent":0,"menu_order":0,"comment_status":"closed","ping_status":"closed","template":"","meta":[],"_links":{"self":[{"href":"https:\/\/geiger-evolution.ch\/index.php\/wp-json\/wp\/v2\/pages\/103"}],"collection":[{"href":"https:\/\/geiger-evolution.ch\/index.php\/wp-json\/wp\/v2\/pages"}],"about":[{"href":"https:\/\/geiger-evolution.ch\/index.php\/wp-json\/wp\/v2\/types\/page"}],"author":[{"embeddable":true,"href":"https:\/\/geiger-evolution.ch\/index.php\/wp-json\/wp\/v2\/users\/1"}],"replies":[{"embeddable":true,"href":"https:\/\/geiger-evolution.ch\/index.php\/wp-json\/wp\/v2\/comments?post=103"}],"version-history":[{"count":7,"href":"https:\/\/geiger-evolution.ch\/index.php\/wp-json\/wp\/v2\/pages\/103\/revisions"}],"predecessor-version":[{"id":1544,"href":"https:\/\/geiger-evolution.ch\/index.php\/wp-json\/wp\/v2\/pages\/103\/revisions\/1544"}],"wp:attachment":[{"href":"https:\/\/geiger-evolution.ch\/index.php\/wp-json\/wp\/v2\/media?parent=103"}],"curies":[{"name":"wp","href":"https:\/\/api.w.org\/{rel}","templated":true}]}}