{"id":1031,"date":"2017-09-29T10:03:24","date_gmt":"2017-09-29T10:03:24","guid":{"rendered":"http:\/\/geiger-evolution.ch\/?page_id=1031"},"modified":"2021-02-24T22:28:33","modified_gmt":"2021-02-24T22:28:33","slug":"formation-professionelle","status":"publish","type":"page","link":"https:\/\/geiger-evolution.ch\/index.php\/fr\/formation-professionelle\/","title":{"rendered":"Formation Professionelle"},"content":{"rendered":"\n<h2 class=\"has-accent-color has-text-color\">RENFORCEMENT DU SYST\u00c8ME BINAIRE SUISSE!<\/h2>\n\n\n\n<p><a href=\"http:\/\/www.efz-international.ch\" target=\"_blank\" rel=\"noopener\">www.efz-international.ch<\/a><\/p>\n\n\n\n<p>Le Service de la formation professionnelle du canton de Zoug a organis\u00e9 pendant l&#8217;\u00e9t\u00e9 2015 des formations professionnelles principalement en anglais.<\/p>\n\n\n\n<p>Dans le <a title=\"http:\/\/www.zg.ch\/behoerden\/volkswirtschaftsdirektion\/amt-fur-berufsbildung\" href=\"http:\/\/www.zg.ch\/behoerden\/volkswirtschaftsdirektion\/amt-fur-berufsbildung\" target=\"_blank\" rel=\"noopener\">Service de la formation professionnelle du canton de Zoug<\/a>, Bruno Geiger m\u00e8ne un projet dans lequel des formations sont d\u00e9velopp\u00e9es et dispens\u00e9es principalement en anglais, conjointement avec le CFC (premi\u00e8res formations : commercial(e) et informaticien(ne) &#8211; d\u00e9but \u00e0 l&#8217;\u00e9t\u00e9 2015).<\/p>\n\n\n\n<p>Le canton de Zoug veut ainsi offrir un service suppl\u00e9mentaire aux jeunes qui s&#8217;int\u00e9ressent aux langues, contribuer \u00e0 une plus grande reconnaissance du syst\u00e8me de formation professionnelle suisse, et impliquer davantage les entreprises suisses \u00e0 vocation internationale mais aussi les multinationales dans la formation professionnelle.<\/p>\n","protected":false},"excerpt":{"rendered":"<p>RENFORCEMENT DU SYST\u00c8ME BINAIRE SUISSE! www.efz-international.ch Le Service de la formation professionnelle du canton de Zoug a organis\u00e9 pendant l&#8217;\u00e9t\u00e9 2015 des formations professionnelles principalement en anglais. Dans le Service de la formation professionnelle du canton de Zoug, Bruno Geiger m\u00e8ne un projet dans lequel des formations sont d\u00e9velopp\u00e9es et dispens\u00e9es principalement en anglais, conjointement [&hellip;]<\/p>\n","protected":false},"author":1,"featured_media":0,"parent":0,"menu_order":0,"comment_status":"closed","ping_status":"closed","template":"","meta":[],"_links":{"self":[{"href":"https:\/\/geiger-evolution.ch\/index.php\/wp-json\/wp\/v2\/pages\/1031"}],"collection":[{"href":"https:\/\/geiger-evolution.ch\/index.php\/wp-json\/wp\/v2\/pages"}],"about":[{"href":"https:\/\/geiger-evolution.ch\/index.php\/wp-json\/wp\/v2\/types\/page"}],"author":[{"embeddable":true,"href":"https:\/\/geiger-evolution.ch\/index.php\/wp-json\/wp\/v2\/users\/1"}],"replies":[{"embeddable":true,"href":"https:\/\/geiger-evolution.ch\/index.php\/wp-json\/wp\/v2\/comments?post=1031"}],"version-history":[{"count":3,"href":"https:\/\/geiger-evolution.ch\/index.php\/wp-json\/wp\/v2\/pages\/1031\/revisions"}],"predecessor-version":[{"id":1597,"href":"https:\/\/geiger-evolution.ch\/index.php\/wp-json\/wp\/v2\/pages\/1031\/revisions\/1597"}],"wp:attachment":[{"href":"https:\/\/geiger-evolution.ch\/index.php\/wp-json\/wp\/v2\/media?parent=1031"}],"curies":[{"name":"wp","href":"https:\/\/api.w.org\/{rel}","templated":true}]}}