{"id":107,"date":"2017-07-02T09:37:02","date_gmt":"2017-07-02T09:37:02","guid":{"rendered":"http:\/\/geiger-evolution.ch\/?page_id=107"},"modified":"2021-02-24T10:30:42","modified_gmt":"2021-02-24T10:30:42","slug":"achtsamkeit-2","status":"publish","type":"page","link":"https:\/\/geiger-evolution.ch\/index.php\/achtsamkeit-2\/","title":{"rendered":"Achtsamkeit"},"content":{"rendered":"\n<figure class=\"wp-block-image\"><img src=\"http:\/\/geiger-evolution.ch\/wp-content\/uploads\/2017\/07\/2f9976cc27.jpg\" alt=\"2f9976cc27\" class=\"wp-image-188\"\/><\/figure>\n\n\n\n<h3 class=\"has-accent-color has-text-color\">Unternehmertum und Achtsamkeit = Widerspruch?<\/h3>\n\n\n\n<h4>Erfolg und Gelassenheit mit Achtsamkeit im aktuellen bewegten Umfeld<\/h4>\n\n\n\n<h5><strong>Beachten Sie das&nbsp;Firmenangebot<\/strong><\/h5>\n\n\n\n<p>Neues Bewusst-Sein in der Beziehungspflege und Kommunikation im beruflichen und im privaten Umfeld<\/p>\n\n\n\n<p><strong>Teilnehmerstimmen<\/strong><\/p>\n\n\n\n<p class=\"has-text-align-center\"><em>Das war ein kurzweiliger gelungener Abend. Vor allem der gedankliche Austausch im Plenum zu Fragen und Impulsen der Referenten wie auch der Teilnehmenden selbst haben mich sehr angesprochen. Humorvoll und zur\u00fcckhaltend gef\u00fchrt von Adrian und Bruno. Gerne bin ich auch k\u00fcnftig dabei!<\/em><\/p>\n\n\n\n<p class=\"has-text-align-center\"><em>Ich war sehr beeindruckt von der fachlichen Kompetenz von Adrian und Bruno, der feinen Art der Moderation, der Tiefe der Diskussionen sowie auch vom Interesse und den aktiven Beitr\u00e4gen der Teilnehmenden. Auch der Spass und das Networking kamen nicht zu kurz. Ich habe einige mir wichtige Erkenntnisse mitgenommen. F\u00fcr mich hat sich die Anreise aus dem Z\u00fcrcher Oberland sehr gelohnt. Danke f\u00fcr die Organisation &#8211; gerne komme ich wieder in die Innerschweiz.<\/em><\/p>\n\n\n\n<p class=\"has-text-align-center\"><em>Spannendes Thema mit sehr guter Moderation und interessanten Gespr\u00e4chen. Ein Anlass, der sich wirklich lohnt.<\/em><\/p>\n\n\n\n<p class=\"has-text-align-center\"><em>F\u00fcr mich ist dieser ganze Themenkreis Neuland&#8230; spannendes Neuland allerdings! Nun versuche ich, die vielen Infos und Zusammenh\u00e4nge zu verstehen und auszuwerten. Und so vielleicht auch noch jene Frage beantworten zu k\u00f6nnen, die mir h\u00e4ngen blieb: wie finde ich zu innerer Ruhe und Entspannung? Ich bleibe am Ball und danke den Referenten f\u00fcr die Starthilfe!<\/em><\/p>\n\n\n\n<h5>Ihr Nutzen:<\/h5>\n\n\n\n<ul><li>Motivierte und zufriedenere Mitarbeitende<\/li><li>Ebenso achtsame Lieferanten<\/li><li>Klare Marke &#8211; klares Unternehmensimage<\/li><li>\u00dcberzeugende Verkaufsargumente<\/li><li>Betriebswirtschaftlicher Erfolg<\/li><li>Reputationsgewinn bei den Stakeholdern<\/li><\/ul>\n\n\n\n<p>Die Kunst ist es, in der heutigen, sehr herausfordernden Weltwirtschaftslage, neben der erfolgreichen Bew\u00e4ltigung des Tagesgesch\u00e4ftes auch noch Zeit und Geld in das Projekt &#8222;Achtsamkeit&#8220; zu investieren &#8211; aber es lohnt sich!<\/p>\n\n\n\n<p>Setzen Sie zukunftsorientierte und langfristig wirkende <a href=\"http:\/\/geiger-evolution.ch\/?page_id=30\">Impulse<\/a> &#8211; gemeinsam finden wir einen Weg in die &#8222;achtsame&#8220; Zukunft Ihres Unternehmens!<\/p>\n","protected":false},"excerpt":{"rendered":"<p>Unternehmertum und Achtsamkeit = Widerspruch? Erfolg und Gelassenheit mit Achtsamkeit im aktuellen bewegten Umfeld Beachten Sie das&nbsp;Firmenangebot Neues Bewusst-Sein in der Beziehungspflege und Kommunikation im beruflichen und im privaten Umfeld Teilnehmerstimmen Das war ein kurzweiliger gelungener Abend. Vor allem der gedankliche Austausch im Plenum zu Fragen und Impulsen der Referenten wie auch der Teilnehmenden selbst [&hellip;]<\/p>\n","protected":false},"author":1,"featured_media":0,"parent":0,"menu_order":0,"comment_status":"closed","ping_status":"closed","template":"","meta":[],"_links":{"self":[{"href":"https:\/\/geiger-evolution.ch\/index.php\/wp-json\/wp\/v2\/pages\/107"}],"collection":[{"href":"https:\/\/geiger-evolution.ch\/index.php\/wp-json\/wp\/v2\/pages"}],"about":[{"href":"https:\/\/geiger-evolution.ch\/index.php\/wp-json\/wp\/v2\/types\/page"}],"author":[{"embeddable":true,"href":"https:\/\/geiger-evolution.ch\/index.php\/wp-json\/wp\/v2\/users\/1"}],"replies":[{"embeddable":true,"href":"https:\/\/geiger-evolution.ch\/index.php\/wp-json\/wp\/v2\/comments?post=107"}],"version-history":[{"count":7,"href":"https:\/\/geiger-evolution.ch\/index.php\/wp-json\/wp\/v2\/pages\/107\/revisions"}],"predecessor-version":[{"id":1494,"href":"https:\/\/geiger-evolution.ch\/index.php\/wp-json\/wp\/v2\/pages\/107\/revisions\/1494"}],"wp:attachment":[{"href":"https:\/\/geiger-evolution.ch\/index.php\/wp-json\/wp\/v2\/media?parent=107"}],"curies":[{"name":"wp","href":"https:\/\/api.w.org\/{rel}","templated":true}]}}