{"id":112,"date":"2017-07-02T14:14:19","date_gmt":"2017-07-02T14:14:19","guid":{"rendered":"http:\/\/geiger-evolution.ch\/?page_id=112"},"modified":"2021-02-24T10:33:42","modified_gmt":"2021-02-24T10:33:42","slug":"motivation-finden","status":"publish","type":"page","link":"https:\/\/geiger-evolution.ch\/index.php\/motivation-finden\/","title":{"rendered":"Motivation finden"},"content":{"rendered":"\n<figure class=\"wp-block-image\"><img src=\"http:\/\/geiger-evolution.ch\/wp-content\/uploads\/2017\/07\/9af2585f04.jpg\" alt=\"9af2585f04\" class=\"wp-image-190\"\/><\/figure>\n\n\n\n<h3 class=\"has-accent-color has-text-color\">Kraft f\u00fcr Privatpersonen<\/h3>\n\n\n\n<h5><strong>Die Kraft liegt in Ihnen \u2013 legen Sie Ihr Potential frei!<\/strong><\/h5>\n\n\n\n<ul><li>F\u00fchlen Sie sich unter Druck?<\/li><li>Sind Sie leicht reiz\u2013 und angreifbar?<\/li><li>Ist Ihr Leben aus dem Gleichgewicht geraten?<\/li><li>Gehen Sie gerade durch Ver\u00e4nderungen mit grosser Tragweite?<\/li><li>Fehlt Ihnen in Ihrem direkten Umfeld ein vertrauensvoller Gespr\u00e4chspartner?<\/li><\/ul>\n\n\n\n<p><strong>Schwierige Situationen oder Krisen sind immer eine Chance!<\/strong><\/p>\n\n\n\n<p>Machen Sie einen Schritt vorw\u00e4rts, entdecken Sie Ihre Chancen, Potentiale und M\u00f6glichkeiten!<\/p>\n\n\n\n<p>Schenken Sie sich Zeit f\u00fcr ein l\u00f6sungsorientiertes Gespr\u00e4ch und nehmen Sie mit mir <a href=\"http:\/\/geiger-evolution.ch\/?page_id=30\" target=\"_blank\" rel=\"noopener\">Kontakt<\/a> auf!<\/p>\n","protected":false},"excerpt":{"rendered":"<p>Kraft f\u00fcr Privatpersonen Die Kraft liegt in Ihnen \u2013 legen Sie Ihr Potential frei! F\u00fchlen Sie sich unter Druck? Sind Sie leicht reiz\u2013 und angreifbar? Ist Ihr Leben aus dem Gleichgewicht geraten? Gehen Sie gerade durch Ver\u00e4nderungen mit grosser Tragweite? Fehlt Ihnen in Ihrem direkten Umfeld ein vertrauensvoller Gespr\u00e4chspartner? Schwierige Situationen oder Krisen sind immer [&hellip;]<\/p>\n","protected":false},"author":1,"featured_media":0,"parent":0,"menu_order":0,"comment_status":"closed","ping_status":"closed","template":"","meta":[],"_links":{"self":[{"href":"https:\/\/geiger-evolution.ch\/index.php\/wp-json\/wp\/v2\/pages\/112"}],"collection":[{"href":"https:\/\/geiger-evolution.ch\/index.php\/wp-json\/wp\/v2\/pages"}],"about":[{"href":"https:\/\/geiger-evolution.ch\/index.php\/wp-json\/wp\/v2\/types\/page"}],"author":[{"embeddable":true,"href":"https:\/\/geiger-evolution.ch\/index.php\/wp-json\/wp\/v2\/users\/1"}],"replies":[{"embeddable":true,"href":"https:\/\/geiger-evolution.ch\/index.php\/wp-json\/wp\/v2\/comments?post=112"}],"version-history":[{"count":4,"href":"https:\/\/geiger-evolution.ch\/index.php\/wp-json\/wp\/v2\/pages\/112\/revisions"}],"predecessor-version":[{"id":1496,"href":"https:\/\/geiger-evolution.ch\/index.php\/wp-json\/wp\/v2\/pages\/112\/revisions\/1496"}],"wp:attachment":[{"href":"https:\/\/geiger-evolution.ch\/index.php\/wp-json\/wp\/v2\/media?parent=112"}],"curies":[{"name":"wp","href":"https:\/\/api.w.org\/{rel}","templated":true}]}}