{"id":114,"date":"2017-07-02T14:02:22","date_gmt":"2017-07-02T14:02:22","guid":{"rendered":"http:\/\/geiger-evolution.ch\/?page_id=114"},"modified":"2021-02-24T10:37:49","modified_gmt":"2021-02-24T10:37:49","slug":"loesungs-coaching","status":"publish","type":"page","link":"https:\/\/geiger-evolution.ch\/index.php\/loesungs-coaching\/","title":{"rendered":"L\u00f6sungs-Coaching"},"content":{"rendered":"\n<figure class=\"wp-block-image\"><img src=\"http:\/\/geiger-evolution.ch\/wp-content\/uploads\/2017\/07\/9af2585f04.jpg\" alt=\"9af2585f04\" class=\"wp-image-190\"\/><\/figure>\n\n\n\n<h3 class=\"has-accent-color has-text-color\">Stehe zu Dir selbst!<\/h3>\n\n\n\n<h5>Einzelberatungen \/ Coachings \/ Reflexionen f\u00fcr Jugendliche und Erwachsene<\/h5>\n\n\n\n<p>&nbsp;<a href=\"http:\/\/geiger-evolution.ch\/?page_id=30\" target=\"_blank\" rel=\"noreferrer noopener\">&#8222;Auch die l\u00e4ngste Reise beginnt mit dem&nbsp;ersten Schritt!&#8220;<\/a><\/p>\n\n\n\n<p>Meist ist das einfacher gesagt als getan &#8211; deshalb m\u00f6chte ich Sie&nbsp;dazu ermutigen nach vorne zu schauen&nbsp;und darin unterst\u00fctzen, Ihre&nbsp;eigenen&nbsp;Schritte selbstsicher anzugehen!<\/p>\n\n\n\n<p>Lassen Sie Probleme, Zerw\u00fcrfnisse, Schwierigkeiten und Hindernisse privater oder beruflicher Natur hinter sich.&nbsp;Lernen&nbsp;Sie, zu sich zu stehen und St\u00e4rken und Schw\u00e4chen bewusst einzusetzen. Wagen Sie eigene selbstbewusste&nbsp;Schritte in die Zukunft &#8211; ich begleite Sie gerne ein St\u00fcck auf diesem Weg!<\/p>\n\n\n\n<p>Wie gehen wir das gemeinsam an?<\/p>\n\n\n\n<ul><li>Eintrittsgespr\u00e4ch \/ Lagebesprechung \/ Zielabstimmung<\/li><li>Coachinggespr\u00e4che mit konkreten Hausaufgaben und Experimenten<\/li><li>Klare Fokussierung auf L\u00f6sungen und Entwicklungen<\/li><li>Mobilisierung f\u00fcr eine positive Zukunftsgestaltung<\/li><li>Verbinden von Management und Spiritualit\u00e4t<\/li><li>Stilles Coaching auf Wunsch bzw. bei Bedarf einsetzbar<\/li><li>Entwicklungsbegleitung<\/li><li>Entfaltung von neuen Potentialen<\/li><li>Bef\u00e4higung zur Selbstbef\u00e4higung<\/li><\/ul>\n\n\n\n<div style=\"height:20px\" aria-hidden=\"true\" class=\"wp-block-spacer\"><\/div>\n\n\n\n<p>Unterst\u00fctzung von Jugendlichen in der Berufswahl und im Bewerbungsverfahren<\/p>\n\n\n\n<ul><li>Wo liegen die wahren und vielleicht&nbsp;noch&nbsp;verborgenen&nbsp;Potentiale eines Jugendlichen oder jungen Erwachsenen?<\/li><li>Welche Branchen \/ Berufsbilder kommen in Frage?<\/li><li>Welche Richtung soll er\/sie einschlagen (Beruf \/ Firma)?<\/li><li>Wie wird eine Bewerbung geschrieben?<\/li><li>Auf was gilt es besonders zu achten?<\/li><li>Wie bereite ich mich auf ein Bewerbungsgespr\u00e4ch vor?<\/li><li>Was ziehe ich an? Wie verhalte ich mich im Gespr\u00e4ch?<\/li><li>Was folgt im Anschluss (Planung \/ Nachhaken)?<\/li><li>Vorbereitung der Verhandlungen \/ Konditionen?<\/li><\/ul>\n\n\n\n<div style=\"height:20px\" aria-hidden=\"true\" class=\"wp-block-spacer\"><\/div>\n\n\n\n<p>Und dann geht`s endlich los! Es folgen die Vorbereitung auf den Start und die ersten Erfahrungen mit Hochs und Tiefs!<\/p>\n\n\n\n<p>Ich begleite Sie&nbsp;sehr gerne auf dem Weg durch&nbsp;diesen wichtigen und herausfordernden Lebensabschnitt!<\/p>\n\n\n\n<p>Wir k\u00f6nnen diesen Weg gemeinsam gestalten &#8211; hier ist der&nbsp;<a href=\"http:\/\/geiger-evolution.ch\/?page_id=30\">Kontakt<\/a>.<\/p>\n","protected":false},"excerpt":{"rendered":"<p>Stehe zu Dir selbst! Einzelberatungen \/ Coachings \/ Reflexionen f\u00fcr Jugendliche und Erwachsene &nbsp;&#8222;Auch die l\u00e4ngste Reise beginnt mit dem&nbsp;ersten Schritt!&#8220; Meist ist das einfacher gesagt als getan &#8211; deshalb m\u00f6chte ich Sie&nbsp;dazu ermutigen nach vorne zu schauen&nbsp;und darin unterst\u00fctzen, Ihre&nbsp;eigenen&nbsp;Schritte selbstsicher anzugehen! Lassen Sie Probleme, Zerw\u00fcrfnisse, Schwierigkeiten und Hindernisse privater oder beruflicher Natur hinter [&hellip;]<\/p>\n","protected":false},"author":1,"featured_media":0,"parent":0,"menu_order":0,"comment_status":"closed","ping_status":"closed","template":"","meta":[],"_links":{"self":[{"href":"https:\/\/geiger-evolution.ch\/index.php\/wp-json\/wp\/v2\/pages\/114"}],"collection":[{"href":"https:\/\/geiger-evolution.ch\/index.php\/wp-json\/wp\/v2\/pages"}],"about":[{"href":"https:\/\/geiger-evolution.ch\/index.php\/wp-json\/wp\/v2\/types\/page"}],"author":[{"embeddable":true,"href":"https:\/\/geiger-evolution.ch\/index.php\/wp-json\/wp\/v2\/users\/1"}],"replies":[{"embeddable":true,"href":"https:\/\/geiger-evolution.ch\/index.php\/wp-json\/wp\/v2\/comments?post=114"}],"version-history":[{"count":7,"href":"https:\/\/geiger-evolution.ch\/index.php\/wp-json\/wp\/v2\/pages\/114\/revisions"}],"predecessor-version":[{"id":1501,"href":"https:\/\/geiger-evolution.ch\/index.php\/wp-json\/wp\/v2\/pages\/114\/revisions\/1501"}],"wp:attachment":[{"href":"https:\/\/geiger-evolution.ch\/index.php\/wp-json\/wp\/v2\/media?parent=114"}],"curies":[{"name":"wp","href":"https:\/\/api.w.org\/{rel}","templated":true}]}}