{"id":116,"date":"2017-07-02T14:21:20","date_gmt":"2017-07-02T14:21:20","guid":{"rendered":"http:\/\/geiger-evolution.ch\/?page_id=116"},"modified":"2021-02-24T10:41:44","modified_gmt":"2021-02-24T10:41:44","slug":"vision-werte","status":"publish","type":"page","link":"https:\/\/geiger-evolution.ch\/index.php\/vision-werte\/","title":{"rendered":"Vision \/ Werte"},"content":{"rendered":"\n<figure class=\"wp-block-image\"><img src=\"http:\/\/geiger-evolution.ch\/wp-content\/uploads\/2017\/07\/b2555ce504.jpg\" alt=\"b2555ce504\" class=\"wp-image-175\"\/><\/figure>\n\n\n\n<p><a href=\"http:\/\/geiger-evolution.ch\/wp-content\/uploads\/2017\/07\/b2555ce504.jpg\"><span style=\"color: #99cc00; font-family: arial,helvetica,sans-serif; font-size: 24pt;\"><\/span><\/a><\/p>\n\n\n\n<h3 class=\"has-accent-color has-text-color\">F\u00fcr was wir einstehen<\/h3>\n\n\n\n<h4>Vision<\/h4>\n\n\n\n<p>Der Mensch ist im Unternehmen (und auch f\u00fcr sich selber)&nbsp; DIE&nbsp; entscheidende Ressource.<\/p>\n\n\n\n<p>Die Einstellung \/ Haltung (und nicht nur das Verhalten)&nbsp; bilden die Grundlage f\u00fcr seine Wirkung.<\/p>\n\n\n\n<p>Positive Energie sowie der optimale Einsatz seiner Potentiale tragen massgeblich zum eigenen Erfolg bzw. zum Unternehmenserfolg, aber auch zu Zufriedenheit in allen Lebensbereichen bei.<\/p>\n\n\n\n<p>Diese positive Haltung und diese Potentiale k\u00f6nnen Menschen jeden Alters wie auch Unternehmen selber frei setzen und verankern!<\/p>\n\n\n\n<p>siehe auch&nbsp;<a href=\"https:\/\/www.geiger-evolution.ch\/medien\/\">Medienartikel<\/a>&nbsp;dazu.<\/p>\n\n\n\n<h4>Mission<\/h4>\n\n\n\n<p>Entfalten und Verankern von Potentialen in Menschen und Unternehmen<\/p>\n\n\n\n<p>Schaffen einer positiven Einstellung \/ Haltung zu sich und zum Leben<\/p>\n\n\n\n<p>Verbinden und vernetzen der optimalen Teams (in Projekten, als Partner, in der F\u00fchrung)<\/p>\n\n\n\n<p>St\u00e4rken der Attraktivit\u00e4t (Ausstrahlung&nbsp; \/ Image)<\/p>\n\n\n\n<p>Zentrieren und Erden der pers\u00f6nlichen Einstellung und der Unternehmenskultur<\/p>\n\n\n\n<p>F\u00f6rdern einer begeisternden und motivierenden Kommunikation und (Unternehmens)-Kultur<\/p>\n\n\n\n<p>Bef\u00e4higung zur Selbstbef\u00e4higung&nbsp;&nbsp; &#8211;&nbsp; keine Abh\u00e4ngigkeiten mehr<\/p>\n\n\n\n<h4>Hauptbotschaften<\/h4>\n\n\n\n<p>Entdecken Sie sich mit Ihren wahren F\u00e4higkeiten neu &#8211; sagen Sie JA zu Ver\u00e4nderungen<\/p>\n\n\n\n<p>Die L\u00f6sung liegt in Ihnen&nbsp; &#8211;&nbsp; wecken Sie diese verborgene Kraft<\/p>\n\n\n\n<p>St\u00e4rken Sie Ihre eigene Pers\u00f6nlichkeit bzw. die Pers\u00f6nlichkeit Ihres Unternehmens<\/p>\n\n\n\n<p>Lernen Sie, an sich und Ihre Potentiale zu glauben und diese gezielt einzusetzen<\/p>\n\n\n\n<p>(als Jugendliche, Erwachsene, F\u00fchrungspers\u00f6nlichkeit, Unternehmen &nbsp;&#8211; &nbsp;altersunabh\u00e4ngig)<\/p>\n\n\n\n<p>Gemeinsam starten wir auf einen neuen Weg und machen die ersten Schritte!<\/p>\n\n\n\n<h3>Werte<\/h3>\n\n\n\n<h4>Lebenskraft<\/h4>\n\n\n\n<p>Vitales Interesse am Leben, am Fortschritt, an Entwicklungen und dynamischem Verhalten und Gedanken.<\/p>\n\n\n\n<p>Positive Grundhaltung zu Bewegung und Ver\u00e4nderung aus tiefstem Herzen.<\/p>\n\n\n\n<h4>Entfaltung<\/h4>\n\n\n\n<p>Das sch\u00f6nste, beste, strahlendste Ergebnis aus dem Vorhandenen entwickeln und entfalten;<\/p>\n\n\n\n<p>Wir&nbsp;glauben und vertrauen in die Vollkommenheit der Sch\u00f6pfung &#8211; mit allem was die Natur zu bieten hat<\/p>\n\n\n\n<h4>Achtsamkeit<\/h4>\n\n\n\n<p>Nur was geduldig und mit R\u00fccksicht auf die Umgebung hat reifen k\u00f6nnen, erbringt die nachhaltige Qualit\u00e4t und Best\u00e4ndigkeit.<\/p>\n\n\n\n<p>Achtsamkeit legt die Grundlage f\u00fcr alles, was wir gemeinsam mit anderen Lebewesen tun wollen.<\/p>\n\n\n\n<h4>Verbindung<\/h4>\n\n\n\n<p>Ob Arbeiten, Denken, Gestalten, Innovieren, Entwickeln, F\u00fchren, Kommunizieren, Bergsteigen oder Mannschaftssportarten spielen&nbsp; &#8211; &nbsp;gemeinsam im optimal zusammengestellten Team geht es immer besser und erfolgreicher.<\/p>\n\n\n\n<p>Der Schl\u00fcssel liegt immer wieder im vertrauensvollen&nbsp;Bauen und \u00dcberschreiten von Br\u00fccken, um gemeinsam zum Ziel zu&nbsp; kommen.<\/p>\n\n\n","protected":false},"excerpt":{"rendered":"<p>F\u00fcr was wir einstehen Vision Der Mensch ist im Unternehmen (und auch f\u00fcr sich selber)&nbsp; DIE&nbsp; entscheidende Ressource. Die Einstellung \/ Haltung (und nicht nur das Verhalten)&nbsp; bilden die Grundlage f\u00fcr seine Wirkung. Positive Energie sowie der optimale Einsatz seiner Potentiale tragen massgeblich zum eigenen Erfolg bzw. zum Unternehmenserfolg, aber auch zu Zufriedenheit in allen [&hellip;]<\/p>\n","protected":false},"author":1,"featured_media":0,"parent":0,"menu_order":0,"comment_status":"closed","ping_status":"closed","template":"","meta":[],"_links":{"self":[{"href":"https:\/\/geiger-evolution.ch\/index.php\/wp-json\/wp\/v2\/pages\/116"}],"collection":[{"href":"https:\/\/geiger-evolution.ch\/index.php\/wp-json\/wp\/v2\/pages"}],"about":[{"href":"https:\/\/geiger-evolution.ch\/index.php\/wp-json\/wp\/v2\/types\/page"}],"author":[{"embeddable":true,"href":"https:\/\/geiger-evolution.ch\/index.php\/wp-json\/wp\/v2\/users\/1"}],"replies":[{"embeddable":true,"href":"https:\/\/geiger-evolution.ch\/index.php\/wp-json\/wp\/v2\/comments?post=116"}],"version-history":[{"count":3,"href":"https:\/\/geiger-evolution.ch\/index.php\/wp-json\/wp\/v2\/pages\/116\/revisions"}],"predecessor-version":[{"id":1503,"href":"https:\/\/geiger-evolution.ch\/index.php\/wp-json\/wp\/v2\/pages\/116\/revisions\/1503"}],"wp:attachment":[{"href":"https:\/\/geiger-evolution.ch\/index.php\/wp-json\/wp\/v2\/media?parent=116"}],"curies":[{"name":"wp","href":"https:\/\/api.w.org\/{rel}","templated":true}]}}