{"id":118,"date":"2017-07-02T09:39:14","date_gmt":"2017-07-02T09:39:14","guid":{"rendered":"http:\/\/geiger-evolution.ch\/?page_id=118"},"modified":"2021-02-24T10:47:50","modified_gmt":"2021-02-24T10:47:50","slug":"ausrichtung","status":"publish","type":"page","link":"https:\/\/geiger-evolution.ch\/index.php\/ausrichtung\/","title":{"rendered":"Ausrichtung"},"content":{"rendered":"\n<figure class=\"wp-block-image\"><img src=\"http:\/\/geiger-evolution.ch\/wp-content\/uploads\/2017\/07\/b2555ce504.jpg\" alt=\"b2555ce504\" class=\"wp-image-175\"\/><\/figure>\n\n\n\n<h3>Zielsetzungen<\/h3>\n\n\n\n<ul><li>Achtsame Menschen (und Unternehmen) nehmen sich mehr Zeit, um sich selber besser zu h\u00f6ren, zu sp\u00fcren, zu reflektieren und zu verstehen.<\/li><li>Sie entdecken Ihre noch brachliegenden Potentiale, St\u00e4rken und Energien &#8211; bei sich selber und\/oder im Unternehmen!<\/li><li>Sie setzen die vorhandenen und neu entdeckten Ressourcen gem\u00e4ss ihren Eigenschaften, Kompetenzen, Potentialen und W\u00fcnschen optimal ein (die L\u00f6sung liegt innen).<\/li><li>Erfolg basiert auf einer positiven Kultur (pers\u00f6nlich und im Unternehmen) mit Transparenz, Respekt, Verst\u00e4ndnis, Offenheit, R\u00fccksichtnahme und Vertrauen.<\/li><li>Br\u00fccken bauen und den roten Faden fokussieren f\u00fcr eine konsequente und r\u00fccksichtsvolle Umsetzung von Visionen, Strategien, Projekten oder Tr\u00e4umen bei sich selber und\/oder gemeinsam mit Freunden, Bekannten, Mitarbeitenden, Lieferanten und\/oder Kunden im Unternehmen. Die vorbildlich gelebte (Selbst-)F\u00fchrung erm\u00f6glicht eine verst\u00e4ndliche, bildhafte und nachvollziehbare Kommunikation f\u00fcr die erfolgreiche Umsetzung von Vision, Strategie und Zielen (f\u00fcr sich selber und im Unternehmen) &#8211; sie mobilisieren neue Kr\u00e4fte.<\/li><\/ul>\n\n\n\n<h3>Nutzen<\/h3>\n\n\n\n<ul><li>Begeisternde L\u00f6sungen f\u00fcr Einzelpersonen und Unternehmen<\/li><li>Eigene Potenziale entfalten (die L\u00f6sung liegt in Dir bzw. im Unternehmen selber)<\/li><li>St\u00e4rkung der Attraktivit\u00e4t und Steigerung der Leistungsf\u00e4higkeit = neues Image<\/li><li>Gewissenhafte Umsetzung bzw. Umsetzungsbegleitung in Ver\u00e4nderungen<\/li><li>Positiver Geist und ausgleichendes Denken f\u00f6rdern Souver\u00e4nit\u00e4t<\/li><li>Frische, wache, besonnene Pr\u00e4senz geben Ihnen Motivation und Selbstvertrauen<\/li><li>St\u00e4rkung Ihrer Energie: naturverbunden, kraftvoll, motiviert<\/li><li>Verbesserung der Kultur in der Familie, im Hobby und im Unternehmen<\/li><li>Mehrwert in der Wertsch\u00f6pfungskette f\u00fcr das Unternehmen und f\u00fcr Kunden Rentabilit\u00e4t und somit auch Steigerung des Unternehmenswertes<\/li><\/ul>\n\n\n\n<h3>Kernleistung<\/h3>\n\n\n\n<ul><li>Entdecken der eigenen Potenziale<\/li><li>Entfalten und f\u00f6rdern der eigenen St\u00e4rken<\/li><li>Erfolgserlebnisse durch Ver\u00e4nderung<\/li><li>Positive Energie &#8211; der Umschwung beginnt im Kopf<\/li><li>Begleiten \/ Reflektieren \/ Ver\u00e4ndern \/ Verbinden<\/li><li>Offenheit \/ Umsicht \/ Vertrauen \/ Achtsamkeit<\/li><li>Vernetzende, motivierende, umsetzbare L\u00f6sungen Freude \/ Begeisterung<\/li><\/ul>\n\n\n\n<p><\/p>\n","protected":false},"excerpt":{"rendered":"<p>Zielsetzungen Achtsame Menschen (und Unternehmen) nehmen sich mehr Zeit, um sich selber besser zu h\u00f6ren, zu sp\u00fcren, zu reflektieren und zu verstehen. Sie entdecken Ihre noch brachliegenden Potentiale, St\u00e4rken und Energien &#8211; bei sich selber und\/oder im Unternehmen! Sie setzen die vorhandenen und neu entdeckten Ressourcen gem\u00e4ss ihren Eigenschaften, Kompetenzen, Potentialen und W\u00fcnschen optimal ein [&hellip;]<\/p>\n","protected":false},"author":1,"featured_media":0,"parent":0,"menu_order":0,"comment_status":"closed","ping_status":"closed","template":"","meta":[],"_links":{"self":[{"href":"https:\/\/geiger-evolution.ch\/index.php\/wp-json\/wp\/v2\/pages\/118"}],"collection":[{"href":"https:\/\/geiger-evolution.ch\/index.php\/wp-json\/wp\/v2\/pages"}],"about":[{"href":"https:\/\/geiger-evolution.ch\/index.php\/wp-json\/wp\/v2\/types\/page"}],"author":[{"embeddable":true,"href":"https:\/\/geiger-evolution.ch\/index.php\/wp-json\/wp\/v2\/users\/1"}],"replies":[{"embeddable":true,"href":"https:\/\/geiger-evolution.ch\/index.php\/wp-json\/wp\/v2\/comments?post=118"}],"version-history":[{"count":3,"href":"https:\/\/geiger-evolution.ch\/index.php\/wp-json\/wp\/v2\/pages\/118\/revisions"}],"predecessor-version":[{"id":1505,"href":"https:\/\/geiger-evolution.ch\/index.php\/wp-json\/wp\/v2\/pages\/118\/revisions\/1505"}],"wp:attachment":[{"href":"https:\/\/geiger-evolution.ch\/index.php\/wp-json\/wp\/v2\/media?parent=118"}],"curies":[{"name":"wp","href":"https:\/\/api.w.org\/{rel}","templated":true}]}}