{"id":120,"date":"2017-07-31T12:46:08","date_gmt":"2017-07-31T12:46:08","guid":{"rendered":"http:\/\/geiger-evolution.ch\/?page_id=120"},"modified":"2021-03-08T10:30:16","modified_gmt":"2021-03-08T10:30:16","slug":"medien","status":"publish","type":"page","link":"https:\/\/geiger-evolution.ch\/index.php\/medien\/","title":{"rendered":"Medien"},"content":{"rendered":"\n<figure class=\"wp-block-image\"><img src=\"http:\/\/geiger-evolution.ch\/wp-content\/uploads\/2017\/07\/7992b03339.jpg\" alt=\"\" class=\"wp-image-451\"\/><\/figure>\n\n\n\n<h2 class=\"has-accent-color has-text-color\">Aktuelle Medienberichte<\/h2>\n\n\n\n<h3>Werte-voller Umgang<\/h3>\n\n\n\n<p>In den letzten Monaten haben Begriffe wie \u00abWerte\u00bb, \u00abWertsch\u00e4tzung\u00bb oder \u00abwertvoll\u00bb f\u00fcr viele Menschen eine neue Bedeutung erhalten. Durch Lockdown, Distanz, Home Office und viel Digitalisierung ist der Umgang miteinander anspruchsvoller geworden. Egal ob in der Bildung, F\u00fchrung oder im Umgang mit uns selbst.<\/p>\n\n\n\n<p>Die drei Artikel werfen einen Blick auf \u00abwerte-volle\u00bb Zusammenh\u00e4nge und Verhaltensweisen in genau diesen Bereichen \u2013 viel Freude beim Lesen:<\/p>\n\n\n\n<h3>Werte Serie Teil 1 &#8211; Kompetenzen<\/h3>\n\n\n\n<figure class=\"wp-block-image size-large\"><img loading=\"lazy\" width=\"281\" height=\"397\" src=\"http:\/\/geiger-evolution.ch\/wp-content\/uploads\/2021\/03\/Preview-Teil-1.png\" alt=\"\" class=\"wp-image-1891\" srcset=\"https:\/\/geiger-evolution.ch\/wp-content\/uploads\/2021\/03\/Preview-Teil-1.png 281w, https:\/\/geiger-evolution.ch\/wp-content\/uploads\/2021\/03\/Preview-Teil-1-212x300.png 212w\" sizes=\"(max-width: 281px) 100vw, 281px\" \/><\/figure>\n\n\n\n<div class=\"wp-block-file\"><a href=\"http:\/\/geiger-evolution.ch\/wp-content\/uploads\/2021\/02\/Werte-Serie-Teil-1_Kompetenzen_Geiger_Grebien_PersonalSchweiz_2020.pdf\" target=\"_blank\" rel=\"noreferrer noopener\"><strong><span class=\"has-inline-color has-black-color\">Teil 1 &#8211; Kompetenzen<\/span><\/strong><\/a><a href=\"http:\/\/geiger-evolution.ch\/wp-content\/uploads\/2021\/02\/Werte-Serie-Teil-1_Kompetenzen_Geiger_Grebien_PersonalSchweiz_2020.pdf\" class=\"wp-block-file__button\" download>Herunterladen<\/a><\/div>\n\n\n\n<h3>Werte Serie Teil 2 &#8211; F\u00fchrung<\/h3>\n\n\n\n<figure class=\"wp-block-image size-large\"><img loading=\"lazy\" width=\"281\" height=\"397\" src=\"http:\/\/geiger-evolution.ch\/wp-content\/uploads\/2021\/03\/Preview-Teil-2.png\" alt=\"\" class=\"wp-image-1892\" srcset=\"https:\/\/geiger-evolution.ch\/wp-content\/uploads\/2021\/03\/Preview-Teil-2.png 281w, https:\/\/geiger-evolution.ch\/wp-content\/uploads\/2021\/03\/Preview-Teil-2-212x300.png 212w\" sizes=\"(max-width: 281px) 100vw, 281px\" \/><\/figure>\n\n\n\n<div class=\"wp-block-file\"><a href=\"http:\/\/geiger-evolution.ch\/wp-content\/uploads\/2021\/02\/Werte-Serie-Teil-2_F\u00fchrung_Grebien_Geiger_PersonalSchweiz_2020.pdf\" target=\"_blank\" rel=\"noreferrer noopener\"><strong><span class=\"has-inline-color has-black-color\">Teil 2 &#8211; F\u00fchrung<\/span><\/strong><\/a><a href=\"http:\/\/geiger-evolution.ch\/wp-content\/uploads\/2021\/02\/Werte-Serie-Teil-2_F\u00fchrung_Grebien_Geiger_PersonalSchweiz_2020.pdf\" class=\"wp-block-file__button\" download>Herunterladen<\/a><\/div>\n\n\n\n<h3>Werte Serie Teil 3 &#8211; Motivation<\/h3>\n\n\n\n<figure class=\"wp-block-image size-large\"><img loading=\"lazy\" width=\"281\" height=\"397\" src=\"http:\/\/geiger-evolution.ch\/wp-content\/uploads\/2021\/03\/Preview-Teil-3.png\" alt=\"\" class=\"wp-image-1893\" srcset=\"https:\/\/geiger-evolution.ch\/wp-content\/uploads\/2021\/03\/Preview-Teil-3.png 281w, https:\/\/geiger-evolution.ch\/wp-content\/uploads\/2021\/03\/Preview-Teil-3-212x300.png 212w\" sizes=\"(max-width: 281px) 100vw, 281px\" \/><\/figure>\n\n\n\n<div class=\"wp-block-file\"><a href=\"http:\/\/geiger-evolution.ch\/wp-content\/uploads\/2021\/02\/Werte-Serie-Teil-3_Motivation_Grebien_Geiger_PersonalSchweiz_2020.pdf\" target=\"_blank\" rel=\"noreferrer noopener\"><strong><span class=\"has-inline-color has-black-color\">Teil 3 &#8211; <span class=\"tadv-color\" style=\"color:#111\">Motivation<\/span><\/span><\/strong><\/a><a href=\"http:\/\/geiger-evolution.ch\/wp-content\/uploads\/2021\/02\/Werte-Serie-Teil-3_Motivation_Grebien_Geiger_PersonalSchweiz_2020.pdf\" class=\"wp-block-file__button\" download>Herunterladen<\/a><\/div>\n\n\n\n<h3>Fachzeitschrift Denaris &#8211; Sommer 2018<\/h3>\n\n\n\n<figure class=\"wp-block-image size-medium is-resized\"><img loading=\"lazy\" src=\"http:\/\/geiger-evolution.ch\/wp-content\/uploads\/2018\/06\/HR1-222x300.png\" alt=\"\" class=\"wp-image-1184\" width=\"281\" height=\"381\" srcset=\"https:\/\/geiger-evolution.ch\/wp-content\/uploads\/2018\/06\/HR1-222x300.png 222w, https:\/\/geiger-evolution.ch\/wp-content\/uploads\/2018\/06\/HR1.png 644w\" sizes=\"(max-width: 281px) 100vw, 281px\" \/><\/figure>\n\n\n\n<div class=\"wp-block-file\"><a href=\"http:\/\/geiger-evolution.ch\/wp-content\/uploads\/2021\/02\/01-Artikel_HRD_Denaris_Focus_0318.pdf\" target=\"_blank\" rel=\"noreferrer noopener\"><strong><span class=\"has-inline-color has-black-color\">Personalentwicklung &#8211; Ein Blick in die Zukunft<\/span><\/strong><\/a><a href=\"http:\/\/geiger-evolution.ch\/wp-content\/uploads\/2021\/02\/01-Artikel_HRD_Denaris_Focus_0318.pdf\" class=\"wp-block-file__button\" download>Herunterladen<\/a><\/div>\n\n\n\n<p><\/p>\n\n\n\n<h3>Berufsbildung International Zug<\/h3>\n\n\n\n<figure class=\"wp-block-image\"><img loading=\"lazy\" width=\"300\" height=\"200\" src=\"http:\/\/geiger-evolution.ch\/wp-content\/uploads\/2018\/07\/1-300x200.jpg\" alt=\"\" class=\"wp-image-1292\" srcset=\"https:\/\/geiger-evolution.ch\/wp-content\/uploads\/2018\/07\/1-300x200.jpg 300w, https:\/\/geiger-evolution.ch\/wp-content\/uploads\/2018\/07\/1.jpg 600w\" sizes=\"(max-width: 300px) 100vw, 300px\" \/><\/figure>\n\n\n\n<div class=\"wp-block-buttons\">\n<div class=\"wp-block-button is-style-fill\"><a class=\"wp-block-button__link\" href=\"https:\/\/www.efz-international.ch\/medien\" target=\"_blank\" rel=\"noreferrer noopener\">Jetzt Lesen<\/a><\/div>\n<\/div>\n\n\n\n<p><\/p>\n\n\n\n<h3>Personal Schweiz, Dezember 2017<\/h3>\n\n\n\n<figure class=\"wp-block-image size-large\"><img loading=\"lazy\" width=\"280\" height=\"396\" src=\"http:\/\/geiger-evolution.ch\/wp-content\/uploads\/2021\/03\/Personalsuche-personalSCHWEIZ-201712-Preview.png\" alt=\"\" class=\"wp-image-1911\" srcset=\"https:\/\/geiger-evolution.ch\/wp-content\/uploads\/2021\/03\/Personalsuche-personalSCHWEIZ-201712-Preview.png 280w, https:\/\/geiger-evolution.ch\/wp-content\/uploads\/2021\/03\/Personalsuche-personalSCHWEIZ-201712-Preview-212x300.png 212w\" sizes=\"(max-width: 280px) 100vw, 280px\" \/><\/figure>\n\n\n\n<div class=\"wp-block-file\"><a href=\"http:\/\/geiger-evolution.ch\/wp-content\/uploads\/2021\/02\/Artikel_Personalsuche_personalSCHWEIZ_2018.pdf\" target=\"_blank\" rel=\"noreferrer noopener\"><strong><span class=\"has-inline-color has-black-color\">Personalsuche &#8211; Welche Potenziale verschenken Sie?<\/span><\/strong><\/a><a href=\"http:\/\/geiger-evolution.ch\/wp-content\/uploads\/2021\/02\/Artikel_Personalsuche_personalSCHWEIZ_2018.pdf\" class=\"wp-block-file__button\" download>Herunterladen<\/a><\/div>\n\n\n\n<p><\/p>\n\n\n\n<h3>Personal Schweiz, August 2017<\/h3>\n\n\n\n<figure class=\"wp-block-image size-medium is-resized\"><a href=\"http:\/\/geiger-evolution.ch\/wp-content\/uploads\/2017\/07\/Artikel_Geiger_PersonalSchweiz_20170825.pdf\"><img loading=\"lazy\" src=\"http:\/\/geiger-evolution.ch\/wp-content\/uploads\/2017\/07\/Personalentwicklung-212x300.png\" alt=\"\" class=\"wp-image-780\" width=\"281\" height=\"398\" srcset=\"https:\/\/geiger-evolution.ch\/wp-content\/uploads\/2017\/07\/Personalentwicklung-212x300.png 212w, https:\/\/geiger-evolution.ch\/wp-content\/uploads\/2017\/07\/Personalentwicklung-768x1089.png 768w, https:\/\/geiger-evolution.ch\/wp-content\/uploads\/2017\/07\/Personalentwicklung-722x1024.png 722w, https:\/\/geiger-evolution.ch\/wp-content\/uploads\/2017\/07\/Personalentwicklung-900x1276.png 900w, https:\/\/geiger-evolution.ch\/wp-content\/uploads\/2017\/07\/Personalentwicklung-1280x1815.png 1280w, https:\/\/geiger-evolution.ch\/wp-content\/uploads\/2017\/07\/Personalentwicklung.png 1574w\" sizes=\"(max-width: 281px) 100vw, 281px\" \/><\/a><\/figure>\n\n\n\n<div class=\"wp-block-file\"><a href=\"http:\/\/geiger-evolution.ch\/wp-content\/uploads\/2018\/01\/Artikel_Geiger_PersonalSchweiz_20170825.pdf\" target=\"_blank\" rel=\"noreferrer noopener\"><strong><span class=\"has-inline-color has-black-color\">Personalentwicklung &#8211; Blick in die Zukunft<\/span><\/strong><\/a><a href=\"http:\/\/geiger-evolution.ch\/wp-content\/uploads\/2018\/01\/Artikel_Geiger_PersonalSchweiz_20170825.pdf\" class=\"wp-block-file__button\" download>Herunterladen<\/a><\/div>\n\n\n\n<p><\/p>\n\n\n\n<h3>Neues Buch<\/h3>\n\n\n\n<p>Neues Buch zum Thema \u00abBerufsbildung International \/ &#8222;The Power of the Swiss Professional Education System\u00bb erscheint im Juni 2016 in englischer Sprache!<\/p>\n\n\n\n<p>Rudolf Strahm und Bruno Geiger erl\u00e4utern einerseits das Schweizerische Duale Berufsbildungssystem und zeigen auf, was es braucht, um in einem neuen Land Berufsbildung aufzubauen. Erg\u00e4nzt werden diese Ausf\u00fchrungen mit Praxisbeispielen aus der Schweiz und dem Ausland.<\/p>\n\n\n\n<figure class=\"wp-block-image\"><img loading=\"lazy\" width=\"321\" height=\"222\" src=\"http:\/\/geiger-evolution.ch\/wp-content\/uploads\/2017\/07\/Innovation3.jpg\" alt=\"\" class=\"wp-image-480\" srcset=\"https:\/\/geiger-evolution.ch\/wp-content\/uploads\/2017\/07\/Innovation3.jpg 321w, https:\/\/geiger-evolution.ch\/wp-content\/uploads\/2017\/07\/Innovation3-300x207.jpg 300w\" sizes=\"(max-width: 321px) 100vw, 321px\" \/><\/figure>\n\n\n\n<h3>13 Tricks, die Sie gl\u00fccklicher machen<\/h3>\n\n\n\n<p>Mit wenigen kleinen Tricks k\u00f6nnten Sie jeden Tag ein bisschen gl\u00fccklicher sein. Ganz ohne grossen Aufwand. Nur ein paar schlechte Angewohnheiten m\u00fcssen Sie daf\u00fcr \u00e4ndern.<\/p>\n\n\n\n<figure class=\"wp-block-image size-large\"><img src=\"http:\/\/geiger-evolution.ch\/wp-content\/uploads\/2021\/03\/13-Tricks-die-Sie-gl\u00fccklicher-machen.png\" alt=\"\" class=\"wp-image-1941\"\/><\/figure>\n\n\n\n<div class=\"wp-block-file\"><a href=\"http:\/\/geiger-evolution.ch\/wp-content\/uploads\/2021\/03\/13_Tipps_Happyness_2015.pdf\" target=\"_blank\" rel=\"noreferrer noopener\"><strong><span class=\"has-inline-color has-black-color\">13 Tricks, die Sie gl\u00fccklicher machen!<\/span><\/strong><\/a><a href=\"http:\/\/geiger-evolution.ch\/wp-content\/uploads\/2021\/03\/13_Tipps_Happyness_2015.pdf\" class=\"wp-block-file__button\" download>Herunterladen<\/a><\/div>\n\n\n\n<h3>Motivation &#8211; Tipps von Bruno Geiger<\/h3>\n\n\n\n<figure class=\"wp-block-image size-medium wp-image-767 size-thumbnail\"><img loading=\"lazy\" width=\"289\" height=\"300\" src=\"http:\/\/geiger-evolution.ch\/wp-content\/uploads\/2021\/03\/105-289x300.png\" alt=\"\" class=\"wp-image-1943\" srcset=\"https:\/\/geiger-evolution.ch\/wp-content\/uploads\/2021\/03\/105-289x300.png 289w, https:\/\/geiger-evolution.ch\/wp-content\/uploads\/2021\/03\/105.png 573w\" sizes=\"(max-width: 289px) 100vw, 289px\" \/><\/figure>\n\n\n\n<div class=\"wp-block-buttons\">\n<div class=\"wp-block-button\"><a class=\"wp-block-button__link\" href=\"http:\/\/geiger-evolution.ch\/wp-content\/uploads\/2017\/07\/B-Motivation.mp3\">MP3 Downoladen<\/a><\/div>\n<\/div>\n\n\n\n<p><a rel=\"noopener\" href=\"http:\/\/geiger-evolution.ch\/wp-content\/uploads\/2017\/07\/S\u00fcdostschweiz-24-4-15-1.pdf\" target=\"_blank\">S\u00fcdostschweiz 24.04.2015<\/a><br>Mit Lehrlingen gegen den Fachkr\u00e4ftemangel<\/p>\n\n\n\n<p><a href=\"http:\/\/geiger-evolution.ch\/wp-content\/uploads\/2017\/07\/Wirtschaft-Regional-18-4-15-1.pdf\" target=\"_blank\" rel=\"noopener\">Wirtschaft Regional 18.04.15<\/a><br>Firmen setzen auf Lehrlinge<\/p>\n\n\n\n<p><a href=\"http:\/\/geiger-evolution.ch\/wp-content\/uploads\/2017\/07\/le-journal-du-jura-14-4-15-1.pdf\" target=\"_blank\" rel=\"noopener\">Le journal du Jura 14.04.15<\/a><br>L&#8217;apprentissage est le pilier de la main-d&#8217;oeuvre qualifi\u00e9e<\/p>\n\n\n\n<p><a href=\"http:\/\/geiger-evolution.ch\/wp-content\/uploads\/2017\/07\/le-nouvelliste-14-4-15-1.pdf\" target=\"_blank\" rel=\"noopener\">Le Nouvelliste 14.04.15<\/a><br>L&#8217;apprentissage est le pilier de la main-d&#8217;oeuvre qualifi\u00e9e<\/p>\n\n\n\n<p><a href=\"http:\/\/geiger-evolution.ch\/wp-content\/uploads\/2017\/07\/lagefi-14-4-15-1.pdf\" target=\"_blank\" rel=\"noopener\">L&#8217;AGEFI 14.04.2015<\/a><br>Les nouvelles formes d`apprentissage<\/p>\n\n\n\n<p><a href=\"http:\/\/geiger-evolution.ch\/wp-content\/uploads\/2017\/07\/le-courrier-14-4-15-1.pdf\" target=\"_blank\" rel=\"noopener\">Le Courier 14.04.2015<\/a><br>L&#8217;apprentissage contre la p\u00e9nurie<\/p>\n\n\n\n<p><a href=\"http:\/\/geiger-evolution.ch\/wp-content\/uploads\/2017\/07\/la-cote-14-4-15pdf-1.pdf\" target=\"_blank\" rel=\"noopener\">La C\u00f4te 14.04.2015<\/a><br>L&#8217;apprentissage est le pilier de la main-d`oeuvre qualifi\u00e9e<\/p>\n\n\n\n<p><a href=\"http:\/\/geiger-evolution.ch\/wp-content\/uploads\/2017\/07\/Wirtschaft-regional-11-4-15-1.pdf\" target=\"_blank\" rel=\"noopener\">Wirtschaft regional 11.04.2015<\/a><br>Firmen setzen auf eigenen Nachwuchs<\/p>\n\n\n\n<p><a href=\"http:\/\/geiger-evolution.ch\/wp-content\/uploads\/2017\/07\/Freiburger-Nachrichten-9-4-15-1.pdf\" target=\"_blank\" rel=\"noopener\">Freiburger Nachrichten 09.04.2015<\/a><br>Firmen setzen auf Lehrlinge<\/p>\n\n\n\n<p><a href=\"http:\/\/geiger-evolution.ch\/wp-content\/uploads\/2017\/07\/Walliser-Bote-9-4-15-1.pdf\" target=\"_blank\" rel=\"noopener\">Walliser Bote 09.04.15<\/a><br>MEM-Industrie braucht 100&#8217;000 neue Fachkr\u00e4fte<\/p>\n\n\n\n<p><a href=\"http:\/\/www.zentraljob.ch\/article\/detail\/id\/33\" target=\"_blank\" rel=\"noopener\">Luzerner Zeitung 25.07.2014<\/a><br>Internationale Firmen sollen auf Berufslehre setzen<\/p>\n\n\n\n<p><a href=\"http:\/\/geiger-evolution.ch\/wp-content\/uploads\/2017\/07\/20150415_20Minuten_Luzern.pdf\" target=\"_blank\" rel=\"noopener\">20 Minuten Luzern 15.04.2015<\/a><br>Englisch soll internationale Firmen f\u00fcr Lehrlinge \u00f6ffnen<\/p>\n\n\n\n<p><a href=\"http:\/\/geiger-evolution.ch\/wp-content\/uploads\/2017\/07\/NZZ_20150114_Interview_Wolter.pdf\" target=\"_blank\" rel=\"noopener\">NZZ Interview Wolter<\/a><br>Berufslehre contra Gymnasium<\/p>\n\n\n\n<p><a href=\"http:\/\/geiger-evolution.ch\/wp-content\/uploads\/2017\/07\/NZZ_20141010_BB_International_Fachkr\u00e4ftemangel.pdf\" target=\"_blank\" rel=\"noopener\">NZZ International Fachkr\u00e4ftemangel<\/a><\/p>\n\n\n\n<p><a href=\"http:\/\/geiger-evolution.ch\/wp-content\/uploads\/2017\/07\/Schaffhausen_BB_Int_20150218.pdf\" target=\"_blank\" rel=\"noopener\">Schaffhauser Nachrichten 20.02.2015<\/a><\/p>\n\n\n\n<p><a href=\"http:\/\/geiger-evolution.ch\/wp-content\/uploads\/2017\/07\/Factsheet-Neue-Angebote-Berufsbildung-International-Zug-Artikel-zu-den-neuen-Berufslehren.pdf\" target=\"_blank\" rel=\"noopener\">Factsheet &#8222;Neue Angebote Berufsbildung International Zug&#8220;<\/a><br>Medienartikel zu den neuen Berufslehrern<\/p>\n\n\n\n<p><a href=\"http:\/\/geiger-evolution.ch\/wp-content\/uploads\/2017\/07\/20140708_Blick_am_Abend_scan_BB_International.pdf\" target=\"_blank\" rel=\"noopener\">Blick am Abend vom 08.07.2014<\/a><br>Zuger Teenies machens auf Englisch<\/p>\n\n\n\n<p><a href=\"http:\/\/geiger-evolution.ch\/wp-content\/uploads\/2017\/07\/Medienmitteilung-Kanton-Zug-02.07.2014.pdf\" target=\"_blank\" rel=\"noopener\">Kurzer Projektbeschrieb vom Juni 2014<\/a><\/p>\n\n\n\n<h3>Artikel in der NZZ vom 13.08.2013<\/h3>\n\n\n\n<p><a href=\"http:\/\/geiger-evolution.ch\/wp-content\/uploads\/2017\/07\/Artikel_NZZ_13_08_2013.pdf\" target=\"_blank\" rel=\"noopener\">Artikel NZZ 13.08.2013<\/a><\/p>\n\n\n\n<p><a href=\"http:\/\/geiger-evolution.ch\/wp-content\/uploads\/2017\/07\/20130813-NZZ-Artikel-BB-International.pdf\" target=\"_blank\" rel=\"noopener\">Artikel BB-International NZZ 13.08.2013<br><\/a>Zug internationalisiert die Berufslehre<\/p>\n\n\n\n<h3>Fachmagazin &#8222;personalSchweiz&#8220; 2013<\/h3>\n\n\n\n<p>Artikel von Bruno Geiger und Sabine Grebien auf Seite 26-28 der aktuellen Ausgabe von personalSchweiz mit dem Titel &#8222;Unternehmenskultur &#8211; Werte schaffen Werte!&#8220; <\/p>\n\n\n\n<p>Dieser neue Artikel geht darauf ein, welche Vorbilder und in welchen Situationen bzw. Interaktionen die Grundlagen und das Fundament f\u00fcr eine werte-volle (Unternehmens-) Kultur gelegt wird. Vor allem aber zeigen wir auf, welchen entscheidenden Anteil eine klare Werteorientierung am Unternehmenserfolg hat und wie ein Unternehmen dieses gemeinsame Verst\u00e4ndnis und diese Dynamik erzielt.<\/p>\n\n\n\n<figure class=\"wp-block-image is-resized\"><img loading=\"lazy\" src=\"http:\/\/geiger-evolution.ch\/wp-content\/uploads\/2017\/07\/15-215x300.png\" alt=\"\" class=\"wp-image-739\" width=\"281\" height=\"393\" srcset=\"https:\/\/geiger-evolution.ch\/wp-content\/uploads\/2017\/07\/15-215x300.png 215w, https:\/\/geiger-evolution.ch\/wp-content\/uploads\/2017\/07\/15-900x1254.png 900w, https:\/\/geiger-evolution.ch\/wp-content\/uploads\/2017\/07\/15.png 1523w\" sizes=\"(max-width: 281px) 100vw, 281px\" \/><\/figure>\n\n\n\n<div class=\"wp-block-file\"><a href=\"https:\/\/geiger-evolution.ch\/wp-content\/uploads\/2017\/07\/Artikel_Werte_Personal_Schweiz_2013_01.pdf\" target=\"_blank\" rel=\"noreferrer noopener\"><strong><span class=\"has-inline-color has-black-color\">Werte schaffen Werte <\/span><\/strong><\/a><a href=\"https:\/\/geiger-evolution.ch\/wp-content\/uploads\/2017\/07\/Artikel_Werte_Personal_Schweiz_2013_01.pdf\" class=\"wp-block-file__button\" download>Herunterladen<\/a><\/div>\n\n\n\n<h3>Wirtschaftsmagazin &#8222;Jahrbuch 2012 &#8211; Innovation und Kreativit\u00e4t&#8220;<\/h3>\n\n\n\n<p>Artikel von Bruno Geiger und Sabine Grebien auf Seite 112 des neuen Jahrbuches des Wirtschaftsmagazins mit dem Titel: &#8222;Innovation ist kein Fallobst!&#8220;<\/p>\n\n\n\n<p>Das neue Jahrbuch 2012 geht auf die M\u00f6glichkeit der spontanen Ideenfindung ein. Es setzt sich damit auseinander, dass das \u00ableichte\u00bb Spiel mit den Gedanken viele Ideen hervorbringt, wie die Welt ver\u00e4ndert werden kann. Wie wir unsere Mitarbeitenden motivieren, nicht nur unseren Gedanken zu folgen, sondern auch eigene Ideen zu entwickeln.<\/p>\n\n\n\n<figure class=\"wp-block-image is-resized\"><img loading=\"lazy\" src=\"http:\/\/geiger-evolution.ch\/wp-content\/uploads\/2017\/07\/14-213x300.png\" alt=\"\" class=\"wp-image-737\" width=\"281\" height=\"394\" srcset=\"https:\/\/geiger-evolution.ch\/wp-content\/uploads\/2017\/07\/14-213x300.png 213w, https:\/\/geiger-evolution.ch\/wp-content\/uploads\/2017\/07\/14.png 547w\" sizes=\"(max-width: 281px) 100vw, 281px\" \/><\/figure>\n\n\n\n<h3>Serie im Anzeiger vom Rottal &#8222;Warum Werte Werte schaffen&#8220;<\/h3>\n\n\n\n<p>Zwischen M\u00e4rz und Juni 2012 sind 7 Artikel zu &#8222;werte-vollem Umgang&#8220; aus verschiedenen Blickwinkeln z.B. im Anzeiger vom Rottal \/ Luzern erschienen.<\/p>\n\n\n\n<h3>Artikel in &#8222;Karriere 2012&#8220;<\/h3>\n\n\n\n<p>&#8222;Werte-volles Denken und Handeln f\u00f6rdern&#8220;<\/p>\n\n\n\n<p>In der Gesellschaft, in Unternehmen, im Sport und bei vielen anderen Interaktionen von Menschen bilden Werte das Fundament f\u00fcr einen grunds\u00e4tzlich positiven Umgang miteinander. Viele \u00abalte\u00bb Werte wie zum Beispiel Respekt, Treue, Ehrlichkeit, R\u00fccksichtnahme haben in vielen Lebenssituationen bis heute Bestand, wenn vielleicht auch in unterschiedlicher Auspr\u00e4gung.<\/p>\n\n\n\n<figure class=\"wp-block-image is-resized\"><img loading=\"lazy\" src=\"http:\/\/geiger-evolution.ch\/wp-content\/uploads\/2017\/07\/18-212x300.png\" alt=\"\" class=\"wp-image-735\" width=\"281\" height=\"398\" srcset=\"https:\/\/geiger-evolution.ch\/wp-content\/uploads\/2017\/07\/18-212x300.png 212w, https:\/\/geiger-evolution.ch\/wp-content\/uploads\/2017\/07\/18-768x1086.png 768w, https:\/\/geiger-evolution.ch\/wp-content\/uploads\/2017\/07\/18-724x1024.png 724w, https:\/\/geiger-evolution.ch\/wp-content\/uploads\/2017\/07\/18-900x1273.png 900w, https:\/\/geiger-evolution.ch\/wp-content\/uploads\/2017\/07\/18-1280x1811.png 1280w, https:\/\/geiger-evolution.ch\/wp-content\/uploads\/2017\/07\/18.png 1520w\" sizes=\"(max-width: 281px) 100vw, 281px\" \/><\/figure>\n\n\n\n<div class=\"wp-block-file\"><a href=\"https:\/\/geiger-evolution.ch\/wp-content\/uploads\/2017\/07\/Artikel_Werte_schaffen.pdf\" target=\"_blank\" rel=\"noreferrer noopener\"><strong><span class=\"has-inline-color has-black-color\">Werte-volles Denken und Handeln f\u00f6rdern<\/span><\/strong><\/a><a href=\"https:\/\/geiger-evolution.ch\/wp-content\/uploads\/2017\/07\/Artikel_Werte_schaffen.pdf\" class=\"wp-block-file__button\" download>Herunterladen<\/a><\/div>\n\n\n\n<h3>&#8222;Werte schaffen &#8211; Mission impossible?&#8220;<\/h3>\n\n\n\n<p>Die Rufe nach Wertewandel und funktionierenden Managementsystemen werden lauter, gerade unter dem Aspekt einer Krise. Jetzige Generationen an Unternehmern und F\u00fchrungskr\u00e4ften sind mit der Globalisierung \u00abgross\u00bb geworden. Sie sind konfrontiert mit einem kaum entwirrbaren Dickicht neu definierter Regeln f\u00fcr ein erfolgreiches Wirtschaften in undurchsichtigen, komplexen M\u00e4rkten.<\/p>\n\n\n\n<figure class=\"wp-block-image size-large is-resized\"><img loading=\"lazy\" src=\"http:\/\/geiger-evolution.ch\/wp-content\/uploads\/2021\/03\/Werte-Schaffen-Mission-impossible-Preview.png\" alt=\"\" class=\"wp-image-1924\" width=\"281\" height=\"399\"\/><\/figure>\n\n\n\n<div class=\"wp-block-file\"><a href=\"http:\/\/geiger-evolution.ch\/wp-content\/uploads\/2017\/07\/Artikel_Werte_schaffen.pdf\" target=\"_blank\" rel=\"noreferrer noopener\"><strong><span class=\"has-inline-color has-black-color\">Werte schaffen &#8211; Mission Impossible?<\/span><\/strong><\/a><a href=\"http:\/\/geiger-evolution.ch\/wp-content\/uploads\/2017\/07\/Artikel_Werte_schaffen.pdf\" class=\"wp-block-file__button\" download>Herunterladen<\/a><\/div>\n\n\n\n<h3>&#8222;Company Profile &#8211; Erfolgsfaktoren&#8220;<\/h3>\n\n\n\n<p>Was hat mein Unternehmen f\u00fcr F\u00e4higkeiten, Eigenschaften und Potenziale? Kenne ich diese und nutze ich sie? Ist mein Unternehmen in Bezug auf seine Visionen, Strategien und Ziele richtig organisiert und fokussiert? Wie lassen sich Unternehmensziele und -visionen erreichen? Und wie k\u00f6nnen Strategien am besten umgesetzt werden?<\/p>\n\n\n\n<p>Der Erfolg eines Unternehmens h\u00e4ngt entscheidend davon ab, wie gut dessen Wissen und F\u00e4higkeiten genutzt und gelebt werden. Nachhaltige Analysen, welche die Sprache der Farben und Symbole nutzen, erm\u00f6glichen einen Perspektivenwechsel und geben aufschlussreiche Antworten!<\/p>\n\n\n\n<figure class=\"wp-block-image size-large\"><img loading=\"lazy\" width=\"281\" height=\"379\" src=\"http:\/\/geiger-evolution.ch\/wp-content\/uploads\/2021\/03\/Erfolgsfaktoren-Unternehmen-und-ihr-inneres-Team-Preview.png\" alt=\"\" class=\"wp-image-1929\" srcset=\"https:\/\/geiger-evolution.ch\/wp-content\/uploads\/2021\/03\/Erfolgsfaktoren-Unternehmen-und-ihr-inneres-Team-Preview.png 281w, https:\/\/geiger-evolution.ch\/wp-content\/uploads\/2021\/03\/Erfolgsfaktoren-Unternehmen-und-ihr-inneres-Team-Preview-222x300.png 222w\" sizes=\"(max-width: 281px) 100vw, 281px\" \/><\/figure>\n\n\n\n<div class=\"wp-block-file\"><a href=\"http:\/\/geiger-evolution.ch\/wp-content\/uploads\/2021\/03\/Company-Profile-Teil-1-3.pdf\" target=\"_blank\" rel=\"noreferrer noopener\"><strong><span class=\"has-inline-color has-black-color\">Company Profile Teil 1-3<\/span><\/strong><\/a><a href=\"http:\/\/geiger-evolution.ch\/wp-content\/uploads\/2021\/03\/Company-Profile-Teil-1-3.pdf\" class=\"wp-block-file__button\" download>Herunterladen<\/a><\/div>\n","protected":false},"excerpt":{"rendered":"<p>Aktuelle Medienberichte Werte-voller Umgang In den letzten Monaten haben Begriffe wie \u00abWerte\u00bb, \u00abWertsch\u00e4tzung\u00bb oder \u00abwertvoll\u00bb f\u00fcr viele Menschen eine neue Bedeutung erhalten. Durch Lockdown, Distanz, Home Office und viel Digitalisierung ist der Umgang miteinander anspruchsvoller geworden. Egal ob in der Bildung, F\u00fchrung oder im Umgang mit uns selbst. Die drei Artikel werfen einen Blick auf [&hellip;]<\/p>\n","protected":false},"author":1,"featured_media":0,"parent":0,"menu_order":0,"comment_status":"closed","ping_status":"closed","template":"","meta":[],"_links":{"self":[{"href":"https:\/\/geiger-evolution.ch\/index.php\/wp-json\/wp\/v2\/pages\/120"}],"collection":[{"href":"https:\/\/geiger-evolution.ch\/index.php\/wp-json\/wp\/v2\/pages"}],"about":[{"href":"https:\/\/geiger-evolution.ch\/index.php\/wp-json\/wp\/v2\/types\/page"}],"author":[{"embeddable":true,"href":"https:\/\/geiger-evolution.ch\/index.php\/wp-json\/wp\/v2\/users\/1"}],"replies":[{"embeddable":true,"href":"https:\/\/geiger-evolution.ch\/index.php\/wp-json\/wp\/v2\/comments?post=120"}],"version-history":[{"count":69,"href":"https:\/\/geiger-evolution.ch\/index.php\/wp-json\/wp\/v2\/pages\/120\/revisions"}],"predecessor-version":[{"id":1958,"href":"https:\/\/geiger-evolution.ch\/index.php\/wp-json\/wp\/v2\/pages\/120\/revisions\/1958"}],"wp:attachment":[{"href":"https:\/\/geiger-evolution.ch\/index.php\/wp-json\/wp\/v2\/media?parent=120"}],"curies":[{"name":"wp","href":"https:\/\/api.w.org\/{rel}","templated":true}]}}