{"id":152,"date":"2017-07-02T14:33:15","date_gmt":"2017-07-02T14:33:15","guid":{"rendered":"http:\/\/geiger-evolution.ch\/?page_id=152"},"modified":"2021-02-24T21:03:58","modified_gmt":"2021-02-24T21:03:58","slug":"wertekultur","status":"publish","type":"page","link":"https:\/\/geiger-evolution.ch\/index.php\/wertekultur\/","title":{"rendered":"Werte\/Kultur"},"content":{"rendered":"\n<figure class=\"wp-block-image\"><img src=\"http:\/\/geiger-evolution.ch\/wp-content\/uploads\/2017\/07\/2f9976cc27.jpg\" alt=\"\" class=\"wp-image-188\"\/><\/figure>\n\n\n\n<h3 class=\"has-accent-color has-text-color\">Wirtschaften Sie schon &#8222;anst\u00e4ndig&#8220;?<\/h3>\n\n\n\n<p><strong>Welche Pers\u00f6nlichkeit hat Ihr Unternehmen?<\/strong><br><strong>Welche Kultur wirkt in Ihrem Unternehmen?<\/strong><br><strong>Welche Ausstrahlung und Wirkung w\u00fcnschen Sie sich?<\/strong><br><strong>Welche Kunden w\u00fcnscht sich Ihr Unternehmen?<\/strong><\/p>\n\n\n\n<p>Die F\u00fchrung eines jeden Unternehmens pr\u00e4gt mit ihrer Arbeitsweise, mit ihrem Verhalten und mit ihren Umgangsformen die Kultur des ganzen Unternehmens.<\/p>\n\n\n\n<p><a href=\"http:\/\/geiger-evolution.ch\/index.php\/medien\/\" target=\"_blank\" rel=\"noopener\">&gt; siehe auch Medienartikel zu diesem Thema!<\/a><\/p>\n\n\n\n<h5>Sehen Sie Handlungsbedarf bei Ihnen bzw. in Ihrem Umfeld?<\/h5>\n\n\n\n<p>Sehr gerne setzen wir &#8222;wertvolle&#8220; Impulse und begleite Sie auf dem Weg zu einer motivierten und erfolgreichen Unternehmenskultur!<\/p>\n\n\n\n<p>Die folgenden&nbsp;Elemente und Werte erzeugen starke Wirkungen:<\/p>\n\n\n\n<ul><li>F\u00fchrung als Vorbild &#8211; mit Leidenschaft und \u00dcberzeugung<\/li><li>Gelebtes Unternehmertum &#8211; sp\u00fcrbar und nachvollziehbar<\/li><li>Offene und ehrliche Kommunikation nach innen und aussen<\/li><li>Achtsamkeit und R\u00fccksicht im Umgang untereinander<\/li><li>Klarheit von Vision, Mission, Zielen und Massnahmen<\/li><li>Mittel- und langfristiges Denken und Handeln der F\u00fchrung<\/li><li>Partnerschaftlicher Umgang mit allen Anspruchsgruppen \/ Stakeholdern<\/li><li>Herzblut und Leidenschaft im Sinne des Ganzen<\/li><li>Engagement f\u00fcr sich und seine Weggef\u00e4hrten<\/li><\/ul>\n\n\n\n<p>Wirkung entfalten wir&nbsp;<a href=\"http:\/\/geiger-evolution.ch\/?page_id=30\">gemeinsam<\/a> &#8211; wir freuen uns darauf!<\/p>\n","protected":false},"excerpt":{"rendered":"<p>Wirtschaften Sie schon &#8222;anst\u00e4ndig&#8220;? Welche Pers\u00f6nlichkeit hat Ihr Unternehmen?Welche Kultur wirkt in Ihrem Unternehmen?Welche Ausstrahlung und Wirkung w\u00fcnschen Sie sich?Welche Kunden w\u00fcnscht sich Ihr Unternehmen? Die F\u00fchrung eines jeden Unternehmens pr\u00e4gt mit ihrer Arbeitsweise, mit ihrem Verhalten und mit ihren Umgangsformen die Kultur des ganzen Unternehmens. &gt; siehe auch Medienartikel zu diesem Thema! Sehen Sie [&hellip;]<\/p>\n","protected":false},"author":1,"featured_media":0,"parent":0,"menu_order":0,"comment_status":"closed","ping_status":"closed","template":"","meta":[],"_links":{"self":[{"href":"https:\/\/geiger-evolution.ch\/index.php\/wp-json\/wp\/v2\/pages\/152"}],"collection":[{"href":"https:\/\/geiger-evolution.ch\/index.php\/wp-json\/wp\/v2\/pages"}],"about":[{"href":"https:\/\/geiger-evolution.ch\/index.php\/wp-json\/wp\/v2\/types\/page"}],"author":[{"embeddable":true,"href":"https:\/\/geiger-evolution.ch\/index.php\/wp-json\/wp\/v2\/users\/1"}],"replies":[{"embeddable":true,"href":"https:\/\/geiger-evolution.ch\/index.php\/wp-json\/wp\/v2\/comments?post=152"}],"version-history":[{"count":8,"href":"https:\/\/geiger-evolution.ch\/index.php\/wp-json\/wp\/v2\/pages\/152\/revisions"}],"predecessor-version":[{"id":1546,"href":"https:\/\/geiger-evolution.ch\/index.php\/wp-json\/wp\/v2\/pages\/152\/revisions\/1546"}],"wp:attachment":[{"href":"https:\/\/geiger-evolution.ch\/index.php\/wp-json\/wp\/v2\/media?parent=152"}],"curies":[{"name":"wp","href":"https:\/\/api.w.org\/{rel}","templated":true}]}}