{"id":155,"date":"2017-07-02T14:23:09","date_gmt":"2017-07-02T14:23:09","guid":{"rendered":"http:\/\/geiger-evolution.ch\/?page_id=155"},"modified":"2021-02-24T10:12:36","modified_gmt":"2021-02-24T10:12:36","slug":"team-power","status":"publish","type":"page","link":"https:\/\/geiger-evolution.ch\/index.php\/team-power\/","title":{"rendered":"Team Power"},"content":{"rendered":"\n<figure class=\"wp-block-image\"><img src=\"http:\/\/geiger-evolution.ch\/wp-content\/uploads\/2017\/07\/2f9976cc27.jpg\" alt=\"2f9976cc27\" class=\"wp-image-188\"\/><\/figure>\n\n\n\n<h3 class=\"has-accent-color has-text-color\">Alle f\u00fcr Einen &#8211; Einen f\u00fcr Alle<\/h3>\n\n\n\n<p>Erreicht Ihr Team nicht die volle Leistungsf\u00e4higkeit?<\/p>\n\n\n\n<p>Leidet der Erfolg eines Teams wegen Streit oder unstimmiger Kommunikation?<\/p>\n\n\n\n<p>Ist ein Schl\u00fcsselprojekt wegen Unstimmigkeiten im Team in Verzug?<\/p>\n\n\n\n<p>F\u00fchlen Sie sich im Team nicht aufgehoben und respektiert?<\/p>\n\n\n\n<p>K\u00f6nnen Sie Ihre Leistung im Team nicht vollumf\u00e4nglich einbringen?<\/p>\n\n\n\n<p>Wissen Sie nicht, wieso sich das Team nicht positiv \/ konstruktiv verh\u00e4lt?<\/p>\n\n\n\n<p>Wecken Sie alle Ressourcen im Team! Lassen Sie uns gemeinsam die Zusammensetzung und die Dynamik des Teams betrachten &#8211; die L\u00f6sung liegt n\u00e4her als Sie denken!<\/p>\n\n\n\n<p>Gemeinsam setzen wir Impulse und kreieren das Top-Team!<\/p>\n\n\n\n<p>Auf Ihre <a href=\"http:\/\/geiger-evolution.ch\/?page_id=30\">Kontaktaufnahme<\/a>freuen wir uns sehr!<\/p>\n","protected":false},"excerpt":{"rendered":"<p>Alle f\u00fcr Einen &#8211; Einen f\u00fcr Alle Erreicht Ihr Team nicht die volle Leistungsf\u00e4higkeit? Leidet der Erfolg eines Teams wegen Streit oder unstimmiger Kommunikation? Ist ein Schl\u00fcsselprojekt wegen Unstimmigkeiten im Team in Verzug? F\u00fchlen Sie sich im Team nicht aufgehoben und respektiert? K\u00f6nnen Sie Ihre Leistung im Team nicht vollumf\u00e4nglich einbringen? Wissen Sie nicht, wieso [&hellip;]<\/p>\n","protected":false},"author":1,"featured_media":0,"parent":0,"menu_order":0,"comment_status":"closed","ping_status":"closed","template":"","meta":[],"_links":{"self":[{"href":"https:\/\/geiger-evolution.ch\/index.php\/wp-json\/wp\/v2\/pages\/155"}],"collection":[{"href":"https:\/\/geiger-evolution.ch\/index.php\/wp-json\/wp\/v2\/pages"}],"about":[{"href":"https:\/\/geiger-evolution.ch\/index.php\/wp-json\/wp\/v2\/types\/page"}],"author":[{"embeddable":true,"href":"https:\/\/geiger-evolution.ch\/index.php\/wp-json\/wp\/v2\/users\/1"}],"replies":[{"embeddable":true,"href":"https:\/\/geiger-evolution.ch\/index.php\/wp-json\/wp\/v2\/comments?post=155"}],"version-history":[{"count":3,"href":"https:\/\/geiger-evolution.ch\/index.php\/wp-json\/wp\/v2\/pages\/155\/revisions"}],"predecessor-version":[{"id":1484,"href":"https:\/\/geiger-evolution.ch\/index.php\/wp-json\/wp\/v2\/pages\/155\/revisions\/1484"}],"wp:attachment":[{"href":"https:\/\/geiger-evolution.ch\/index.php\/wp-json\/wp\/v2\/media?parent=155"}],"curies":[{"name":"wp","href":"https:\/\/api.w.org\/{rel}","templated":true}]}}