{"id":157,"date":"2017-07-02T13:55:42","date_gmt":"2017-07-02T13:55:42","guid":{"rendered":"http:\/\/geiger-evolution.ch\/?page_id=157"},"modified":"2021-02-24T10:17:40","modified_gmt":"2021-02-24T10:17:40","slug":"impulse","status":"publish","type":"page","link":"https:\/\/geiger-evolution.ch\/index.php\/impulse\/","title":{"rendered":"Impulse"},"content":{"rendered":"\n<figure class=\"wp-block-image\"><img src=\"http:\/\/geiger-evolution.ch\/wp-content\/uploads\/2017\/07\/2f9976cc27.jpg\" alt=\"2f9976cc27\" class=\"wp-image-188\"\/><\/figure>\n\n\n\n<h3 class=\"has-accent-color has-text-color\">Der Anfang ist die H\u00e4lfte des Ganzen<\/h3>\n\n\n\n<p>Jedes Unternehmen funktioniert &#8211; das eine besser, das andere schlechter. Den Unterschied macht die dynamische, leidenschaftliche und engagierte F\u00fchrung mit Vorbildcharakter!<\/p>\n\n\n\n<p>Sind Ihnen \u00fcber die letzten Monate folgende Symptome oder Unstimmigkeiten aufgefallen?<\/p>\n\n\n\n<ul><li>Die neue Strategie&nbsp;wird nicht wunschgem\u00e4ss umgesetzt?<\/li><li>Ihre Mitarbeitenden verstehen die Vision, die Ziele und Ihren Beitrag nicht?<\/li><li>Ist es eher m\u00fchsam, neue Ideen und Innovationen aus den eigenen Reihen zu generieren?<\/li><\/ul>\n\n\n\n<h3>Impulse f\u00fcr Unternehmen<\/h3>\n\n\n\n<ul><li>F\u00fchrungs-Seminare und Werkst\u00e4tten<\/li><li>Impulsreferate<\/li><li>Reflexion \/ Controlling \/ Analysen \/ Strategiecheck<\/li><li>Visions- und Strategie(neu)entwicklung<\/li><li>Umsetzungsplanung und -begleitung<\/li><li>Kommunikationsunterst\u00fctzung<\/li><\/ul>\n\n\n\n<h5>Was ist Ihr Nutzen<\/h5>\n\n\n\n<ul><li>St\u00e4rkung der Attraktivit\u00e4t als Arbeitgeber und der Ausstrahlung des Unternehmens<\/li><li>Nachhaltige Steigerung der Qualit\u00e4t, Produktivit\u00e4t und Zusammenarbeit<\/li><li>Rentabilit\u00e4t und somit auch Steigerung des Unternehmenswertes<\/li><li>Verbesserung der Unternehmenskultur mit motivierten Mitarbeitenden<\/li><\/ul>\n\n\n\n<p>F\u00fchren Sie Ihr Unternehmen &#8211; als Vorbild, mit Herzblut und Leidenschaft &#8211; und setzen Sie Impulse!<\/p>\n\n\n\n<p>Sehr gerne unterst\u00fctzen wir Sie &#8211; auf Ihre <a href=\"http:\/\/geiger-evolution.ch\/?page_id=30\"> Anfrage<\/a> freuen wir uns!<\/p>\n\n\n","protected":false},"excerpt":{"rendered":"<p>Der Anfang ist die H\u00e4lfte des Ganzen Jedes Unternehmen funktioniert &#8211; das eine besser, das andere schlechter. Den Unterschied macht die dynamische, leidenschaftliche und engagierte F\u00fchrung mit Vorbildcharakter! Sind Ihnen \u00fcber die letzten Monate folgende Symptome oder Unstimmigkeiten aufgefallen? Die neue Strategie&nbsp;wird nicht wunschgem\u00e4ss umgesetzt? Ihre Mitarbeitenden verstehen die Vision, die Ziele und Ihren Beitrag [&hellip;]<\/p>\n","protected":false},"author":1,"featured_media":0,"parent":0,"menu_order":0,"comment_status":"closed","ping_status":"closed","template":"","meta":[],"_links":{"self":[{"href":"https:\/\/geiger-evolution.ch\/index.php\/wp-json\/wp\/v2\/pages\/157"}],"collection":[{"href":"https:\/\/geiger-evolution.ch\/index.php\/wp-json\/wp\/v2\/pages"}],"about":[{"href":"https:\/\/geiger-evolution.ch\/index.php\/wp-json\/wp\/v2\/types\/page"}],"author":[{"embeddable":true,"href":"https:\/\/geiger-evolution.ch\/index.php\/wp-json\/wp\/v2\/users\/1"}],"replies":[{"embeddable":true,"href":"https:\/\/geiger-evolution.ch\/index.php\/wp-json\/wp\/v2\/comments?post=157"}],"version-history":[{"count":4,"href":"https:\/\/geiger-evolution.ch\/index.php\/wp-json\/wp\/v2\/pages\/157\/revisions"}],"predecessor-version":[{"id":1486,"href":"https:\/\/geiger-evolution.ch\/index.php\/wp-json\/wp\/v2\/pages\/157\/revisions\/1486"}],"wp:attachment":[{"href":"https:\/\/geiger-evolution.ch\/index.php\/wp-json\/wp\/v2\/media?parent=157"}],"curies":[{"name":"wp","href":"https:\/\/api.w.org\/{rel}","templated":true}]}}