{"id":171,"date":"2017-07-02T14:05:17","date_gmt":"2017-07-02T14:05:17","guid":{"rendered":"http:\/\/geiger-evolution.ch\/?page_id=171"},"modified":"2021-03-06T18:07:46","modified_gmt":"2021-03-06T18:07:46","slug":"links","status":"publish","type":"page","link":"https:\/\/geiger-evolution.ch\/index.php\/links\/","title":{"rendered":"Links"},"content":{"rendered":"\n<figure class=\"wp-block-image\"><img src=\"http:\/\/geiger-evolution.ch\/wp-content\/uploads\/2017\/07\/07cc0a181b.jpg\" alt=\"\" class=\"wp-image-129\"\/><\/figure>\n\n\n\n<h2 class=\"has-accent-color has-text-color\">WEITERF\u00dcHRENDE LINKS<\/h2>\n\n\n\n<hr class=\"wp-block-separator is-style-dots\"\/>\n\n\n\n<p>Sabine Grebien &#8211; Marke, Wirkung, F\u00fchrung; Best Performance f\u00fcr Marke, Mensch, Prozesse<br><a rel=\"noopener\" href=\"http:\/\/www.grebien-performance.ch\/\" target=\"_blank\">www.grebien-performance.ch<\/a><\/p>\n\n\n\n<hr class=\"wp-block-separator has-text-color has-background has-dark-gray-background-color has-dark-gray-color is-style-dots\"\/>\n\n\n\n<p><span lang=\"de\">Bert Evers &#8211; Supply Chain- und Change-Managment; <\/span>Operational Excellence eng kombiniert mit Change Management<br><a rel=\"noreferrer noopener\" href=\"http:\/\/www.evers-xcellence.ch\" target=\"_blank\">www.evers-xcellence.ch<\/a><\/p>\n\n\n\n<hr class=\"wp-block-separator is-style-dots\"\/>\n\n\n\n<p>Take your chance! International ausgerichtete Berufslehren in Zug f\u00fcr Kaufleute und Informatiker; hoher Englischanteil an allen drei Lernorten (Lehrbetrieb, Berufsfachschule, \u00fcberbetriebliche Kurse)<br><a rel=\"noreferrer noopener\" href=\"http:\/\/www.efz-international.ch\" target=\"_blank\">www.efz-international.ch<\/a><\/p>\n\n\n\n<hr class=\"wp-block-separator is-style-dots\"\/>\n\n\n\n<p>academia ist ein schweizweiter Anbieter von Bildungsangeboten. \u00dcber 1&#8217;200 Lehrpersonen lehren an unseren Sprachschulen, unterst\u00fctzen mit Nachhilfeangeboten oder unterrichten an der internationalen Ganztagesschule.<br><a rel=\"noopener\" href=\"http:\/\/www.academia-group.ch\" target=\"_blank\">www.academia-group.ch<\/a><\/p>\n\n\n\n<hr class=\"wp-block-separator is-style-dots\"\/>\n\n\n\n<p>Swissmem ist der f\u00fchrende Verband f\u00fcr KMU und Grossfirmen der schweizerischen Maschinen-, Elektro- und Metall-Industrie (MEM-Industrie) sowie verwandter technologieorienterter Branchen<br><a rel=\"noreferrer noopener\" href=\"http:\/\/www.swissmem.ch\" target=\"_blank\">www.swissmem.ch<\/a><\/p>\n\n\n\n<hr class=\"wp-block-separator is-style-dots\"\/>\n\n\n\n<p>International Congress on Vocational and Professional Education and Training \/ Internationaler Berufsbildungs-Kongress Winterthur<br><a rel=\"noreferrer noopener\" href=\"http:\/\/www.vpet-congress.ch\" target=\"_blank\">www.vpet-congress.ch<\/a><\/p>\n\n\n\n<hr class=\"wp-block-separator is-style-dots\"\/>\n\n\n\n<p><span lang=\"de\">Wissenschaftlich fundiertes und validiertes Testverfahren profiling values<\/span><br><a rel=\"noreferrer noopener\" href=\"http:\/\/www.toblermanagement.ch\/index.php\/profilingvalues\" target=\"_blank\">www.toblermanagement.ch\/index.php\/profilingvalues<\/a><\/p>\n\n\n\n<hr class=\"wp-block-separator is-style-dots\"\/>\n\n\n\n<p>Nicole Fasel, Webmaster<br><a rel=\"noreferrer noopener\" href=\"http:\/\/www.new-webdesign.ch\/\" target=\"_blank\">www.new-webdesign.ch<\/a><\/p>\n","protected":false},"excerpt":{"rendered":"<p>WEITERF\u00dcHRENDE LINKS Sabine Grebien &#8211; Marke, Wirkung, F\u00fchrung; Best Performance f\u00fcr Marke, Mensch, Prozessewww.grebien-performance.ch Bert Evers &#8211; Supply Chain- und Change-Managment; Operational Excellence eng kombiniert mit Change Managementwww.evers-xcellence.ch Take your chance! International ausgerichtete Berufslehren in Zug f\u00fcr Kaufleute und Informatiker; hoher Englischanteil an allen drei Lernorten (Lehrbetrieb, Berufsfachschule, \u00fcberbetriebliche Kurse)www.efz-international.ch academia ist ein schweizweiter Anbieter [&hellip;]<\/p>\n","protected":false},"author":1,"featured_media":0,"parent":0,"menu_order":0,"comment_status":"closed","ping_status":"closed","template":"","meta":[],"_links":{"self":[{"href":"https:\/\/geiger-evolution.ch\/index.php\/wp-json\/wp\/v2\/pages\/171"}],"collection":[{"href":"https:\/\/geiger-evolution.ch\/index.php\/wp-json\/wp\/v2\/pages"}],"about":[{"href":"https:\/\/geiger-evolution.ch\/index.php\/wp-json\/wp\/v2\/types\/page"}],"author":[{"embeddable":true,"href":"https:\/\/geiger-evolution.ch\/index.php\/wp-json\/wp\/v2\/users\/1"}],"replies":[{"embeddable":true,"href":"https:\/\/geiger-evolution.ch\/index.php\/wp-json\/wp\/v2\/comments?post=171"}],"version-history":[{"count":13,"href":"https:\/\/geiger-evolution.ch\/index.php\/wp-json\/wp\/v2\/pages\/171\/revisions"}],"predecessor-version":[{"id":1859,"href":"https:\/\/geiger-evolution.ch\/index.php\/wp-json\/wp\/v2\/pages\/171\/revisions\/1859"}],"wp:attachment":[{"href":"https:\/\/geiger-evolution.ch\/index.php\/wp-json\/wp\/v2\/media?parent=171"}],"curies":[{"name":"wp","href":"https:\/\/api.w.org\/{rel}","templated":true}]}}