{"id":18,"date":"2017-07-02T15:28:11","date_gmt":"2017-07-02T15:28:11","guid":{"rendered":"http:\/\/geiger-evolution.ch\/?page_id=18"},"modified":"2021-03-06T14:24:26","modified_gmt":"2021-03-06T14:24:26","slug":"angebot","status":"publish","type":"page","link":"https:\/\/geiger-evolution.ch\/index.php\/angebot\/","title":{"rendered":"Angebot"},"content":{"rendered":"\n<figure class=\"wp-block-image\"><img src=\"http:\/\/geiger-evolution.ch\/wp-content\/uploads\/2017\/07\/2f9976cc27.jpg\" alt=\"2f9976cc27\" class=\"wp-image-188\"\/><\/figure>\n\n\n\n<h3 class=\"has-accent-color has-text-color\">Wo wir Impulse setzen<\/h3>\n\n\n\n<figure class=\"wp-block-image\"><a href=\"http:\/\/geiger-evolution.ch\/wp-content\/uploads\/2017\/07\/Geiger_Evolution_Diagramm_Mission_Taetigkeit_3_01.png\"><img src=\"http:\/\/geiger-evolution.ch\/wp-content\/uploads\/2017\/07\/Geiger_Evolution_Diagramm_Mission_Taetigkeit_3_01.png\" alt=\"Geiger_Evolution_Diagramm_Mission_Taetigkeit_3_01\" class=\"wp-image-215\"\/><\/a><\/figure>\n\n\n\n<h3>Keep it smart and simple<\/h3>\n\n\n\n<ul><li>F\u00fchrung \/ Leadership \/ Vorbild<\/li><li>Wirkungs- und werte-volle Unternehmert\u00e4tigkeit<\/li><li>Messbare Qualit\u00e4ts- und Kundenzufriedenheit<\/li><li>Attraktive Zukunftsbilder in Vision, Strategie, Zielen und Massnahmen<\/li><li>Einfache F\u00fchrungsinstrumente in Verbindung von &#8222;harten und weichen Faktoren&#8220;<\/li><li>Verst\u00e4ndliche, authentische und klare Kommunikation nach innen und aussen<\/li><li>Selbst- und Zeitmanagement \/ Life Balance<\/li><li>Kontinuierliches Reflektieren und Verbessern<\/li><\/ul>\n","protected":false},"excerpt":{"rendered":"<p>Wo wir Impulse setzen Keep it smart and simple F\u00fchrung \/ Leadership \/ Vorbild Wirkungs- und werte-volle Unternehmert\u00e4tigkeit Messbare Qualit\u00e4ts- und Kundenzufriedenheit Attraktive Zukunftsbilder in Vision, Strategie, Zielen und Massnahmen Einfache F\u00fchrungsinstrumente in Verbindung von &#8222;harten und weichen Faktoren&#8220; Verst\u00e4ndliche, authentische und klare Kommunikation nach innen und aussen Selbst- und Zeitmanagement \/ Life Balance Kontinuierliches [&hellip;]<\/p>\n","protected":false},"author":1,"featured_media":0,"parent":0,"menu_order":20,"comment_status":"closed","ping_status":"closed","template":"","meta":[],"_links":{"self":[{"href":"https:\/\/geiger-evolution.ch\/index.php\/wp-json\/wp\/v2\/pages\/18"}],"collection":[{"href":"https:\/\/geiger-evolution.ch\/index.php\/wp-json\/wp\/v2\/pages"}],"about":[{"href":"https:\/\/geiger-evolution.ch\/index.php\/wp-json\/wp\/v2\/types\/page"}],"author":[{"embeddable":true,"href":"https:\/\/geiger-evolution.ch\/index.php\/wp-json\/wp\/v2\/users\/1"}],"replies":[{"embeddable":true,"href":"https:\/\/geiger-evolution.ch\/index.php\/wp-json\/wp\/v2\/comments?post=18"}],"version-history":[{"count":6,"href":"https:\/\/geiger-evolution.ch\/index.php\/wp-json\/wp\/v2\/pages\/18\/revisions"}],"predecessor-version":[{"id":1772,"href":"https:\/\/geiger-evolution.ch\/index.php\/wp-json\/wp\/v2\/pages\/18\/revisions\/1772"}],"wp:attachment":[{"href":"https:\/\/geiger-evolution.ch\/index.php\/wp-json\/wp\/v2\/media?parent=18"}],"curies":[{"name":"wp","href":"https:\/\/api.w.org\/{rel}","templated":true}]}}