{"id":192,"date":"2017-07-02T15:20:05","date_gmt":"2017-07-02T15:20:05","guid":{"rendered":"http:\/\/geiger-evolution.ch\/?page_id=192"},"modified":"2021-03-06T07:24:45","modified_gmt":"2021-03-06T07:24:45","slug":"profiling-value","status":"publish","type":"page","link":"https:\/\/geiger-evolution.ch\/index.php\/profiling-value\/","title":{"rendered":"Profiling Values"},"content":{"rendered":"\n<figure class=\"wp-block-image\"><img loading=\"lazy\" width=\"800\" height=\"273\" src=\"http:\/\/geiger-evolution.ch\/wp-content\/uploads\/2017\/07\/0312712af7.jpg\" alt=\"\" class=\"wp-image-452\" srcset=\"https:\/\/geiger-evolution.ch\/wp-content\/uploads\/2017\/07\/0312712af7.jpg 800w, https:\/\/geiger-evolution.ch\/wp-content\/uploads\/2017\/07\/0312712af7-300x102.jpg 300w\" sizes=\"(max-width: 800px) 100vw, 800px\" \/><\/figure>\n\n\n\n<h3 class=\"has-accent-color has-text-color\">Der klare Pers\u00f6nlichkeitstest<\/h3>\n\n\n\n<p>Suchen Sie ein einfaches UND aussagekr\u00e4ftiges Instrument zur Darstellung Ihrer Pers\u00f6nlichkeit? Stellenbewerbung? Ausschreibung? Einstellungs- und Selektionsverfahren? Coaching? Outplacement? Ver\u00e4nderungsprozess? <\/p>\n\n\n\n<p><strong>Profilingvalues<\/strong> &#8211; <a href=\"http:\/\/geiger-evolution.ch\/?page_id=30\">probieren Sie es aus<\/a><\/p>\n\n\n\n<p>Profilingvalues ist ein wissenschaftlich fundiertes und validiertes Testverfahren. Profilingvalues ist das einzige, das die \u201einneren Werte\u201c und die gegenw\u00e4rtige Situation eines Menschen misst.<\/p>\n\n\n\n<p>Die Informationen, aus denen sich der Profilingvalues-Report ableitet, werden mit Hilfe eines Online-Fragebogens erhoben. Insgesamt werden Charaktereigenschaften in zwei Auspr\u00e4gungen dargestellt \u2013 im K\u00f6nnen und im Wollen.<\/p>\n\n\n\n<p>Die Auswertung gr\u00fcndet auf der Wertepsychologie und errechnet die Abweichungen zu einer logisch-mathematischen Norm. Im Gegensatz zu verhaltensbezogenen Methoden ist das Testverfahren nicht manipulierbar und ortsunabh\u00e4ngig sowie rund um die Uhr einsetzbar.<\/p>\n\n\n\n<p>Das komfortable und schnelle Online-Verfahren dauert nur 20 Minuten!<\/p>\n\n\n\n<p>Profilingvalues beruht auf den wertpsychologischen wissenschaftlichen Ans\u00e4tzen von Professor Robert S. Hartman, einem deutschen Wissenschaftler, der 1932 \u00fcber England und Mexiko in die USA emigrierte. Die Kompetenzskalen vom profilingvalues Testverfahren sind wissenschaftlich vielfach validiert. Die Methode ist gegen\u00fcber anderen Testverfahren, wie zum Beispiel R.B. Cattell 16 PF, gegengepr\u00fcft.<\/p>\n\n\n\n<p>Profilingvalues ist weltweit ein einzigartiges System. Damit kann ganz individuell auf die Bed\u00fcrfnisse der Unternehmer, aber auch auf die F\u00e4higkeiten der Bewerber eingegangen werden.<\/p>\n\n\n\n<p>Falls Sie an weiteren Informationen \u00fcber die wissenschaftlichen Grundlagen von profilingvalues Testverfahren interessiert sind, dann klicken Sie bitte <a href=\"http:\/\/geiger-evolution.ch\/?page_id=30\">hier<\/a>.<\/p>\n\n\n\n<figure class=\"wp-block-image\"><a href=\"http:\/\/geiger-evolution.ch\/wp-content\/uploads\/2017\/07\/PV.png\" target=\"_blank\" rel=\"noopener\"><img loading=\"lazy\" width=\"211\" height=\"300\" src=\"http:\/\/geiger-evolution.ch\/wp-content\/uploads\/2017\/07\/PV-211x300.png\" alt=\"\" class=\"wp-image-1283\" srcset=\"https:\/\/geiger-evolution.ch\/wp-content\/uploads\/2017\/07\/PV-211x300.png 211w, https:\/\/geiger-evolution.ch\/wp-content\/uploads\/2017\/07\/PV-768x1092.png 768w, https:\/\/geiger-evolution.ch\/wp-content\/uploads\/2017\/07\/PV-720x1024.png 720w, https:\/\/geiger-evolution.ch\/wp-content\/uploads\/2017\/07\/PV-900x1280.png 900w, https:\/\/geiger-evolution.ch\/wp-content\/uploads\/2017\/07\/PV.png 1112w\" sizes=\"(max-width: 211px) 100vw, 211px\" \/><\/a><\/figure>\n\n\n\n<h3>Offerten<\/h3>\n\n\n\n<p><a href=\"http:\/\/geiger-evolution.ch\/?page_id=30\">Fragen Sie uns an<\/a> &#8211; wir stellen Ihnen ein passendes Paket f\u00fcr eine Pers\u00f6nlichkeitsanalyse, ein  Bewerbungs-Assessment, ein Coaching oder ein Outplacement zusammen!<\/p>\n","protected":false},"excerpt":{"rendered":"<p>Der klare Pers\u00f6nlichkeitstest Suchen Sie ein einfaches UND aussagekr\u00e4ftiges Instrument zur Darstellung Ihrer Pers\u00f6nlichkeit? Stellenbewerbung? Ausschreibung? Einstellungs- und Selektionsverfahren? Coaching? Outplacement? Ver\u00e4nderungsprozess? Profilingvalues &#8211; probieren Sie es aus Profilingvalues ist ein wissenschaftlich fundiertes und validiertes Testverfahren. Profilingvalues ist das einzige, das die \u201einneren Werte\u201c und die gegenw\u00e4rtige Situation eines Menschen misst. Die Informationen, aus denen [&hellip;]<\/p>\n","protected":false},"author":1,"featured_media":0,"parent":0,"menu_order":0,"comment_status":"closed","ping_status":"closed","template":"","meta":[],"_links":{"self":[{"href":"https:\/\/geiger-evolution.ch\/index.php\/wp-json\/wp\/v2\/pages\/192"}],"collection":[{"href":"https:\/\/geiger-evolution.ch\/index.php\/wp-json\/wp\/v2\/pages"}],"about":[{"href":"https:\/\/geiger-evolution.ch\/index.php\/wp-json\/wp\/v2\/types\/page"}],"author":[{"embeddable":true,"href":"https:\/\/geiger-evolution.ch\/index.php\/wp-json\/wp\/v2\/users\/1"}],"replies":[{"embeddable":true,"href":"https:\/\/geiger-evolution.ch\/index.php\/wp-json\/wp\/v2\/comments?post=192"}],"version-history":[{"count":13,"href":"https:\/\/geiger-evolution.ch\/index.php\/wp-json\/wp\/v2\/pages\/192\/revisions"}],"predecessor-version":[{"id":1680,"href":"https:\/\/geiger-evolution.ch\/index.php\/wp-json\/wp\/v2\/pages\/192\/revisions\/1680"}],"wp:attachment":[{"href":"https:\/\/geiger-evolution.ch\/index.php\/wp-json\/wp\/v2\/media?parent=192"}],"curies":[{"name":"wp","href":"https:\/\/api.w.org\/{rel}","templated":true}]}}