{"id":194,"date":"2017-07-02T15:39:21","date_gmt":"2017-07-02T15:39:21","guid":{"rendered":"http:\/\/geiger-evolution.ch\/?page_id=194"},"modified":"2021-03-06T07:30:30","modified_gmt":"2021-03-06T07:30:30","slug":"power-play","status":"publish","type":"page","link":"https:\/\/geiger-evolution.ch\/index.php\/power-play\/","title":{"rendered":"Power-Play"},"content":{"rendered":"\n<figure class=\"wp-block-image\"><img loading=\"lazy\" width=\"800\" height=\"273\" src=\"http:\/\/geiger-evolution.ch\/wp-content\/uploads\/2017\/07\/0312712af7.jpg\" alt=\"\" class=\"wp-image-452\" srcset=\"https:\/\/geiger-evolution.ch\/wp-content\/uploads\/2017\/07\/0312712af7.jpg 800w, https:\/\/geiger-evolution.ch\/wp-content\/uploads\/2017\/07\/0312712af7-300x102.jpg 300w\" sizes=\"(max-width: 800px) 100vw, 800px\" \/><\/figure>\n\n\n\n<h2 class=\"has-accent-color has-text-color\">Unternehmens-Simulation &#8211;<br>Mobilisieren &amp; Motivieren<\/h2>\n\n\n\n<figure class=\"wp-block-image\"><a href=\"http:\/\/geiger-evolution.ch\/wp-content\/uploads\/2017\/07\/Pro-Memo.png\"><img src=\"http:\/\/geiger-evolution.ch\/wp-content\/uploads\/2017\/07\/Pro-Memo.png\" alt=\"Pro Memo\" class=\"wp-image-276\"\/><\/a><\/figure>\n\n\n\n<p>Machen Sie Ihre Mitarbeitenden zu Mitunternehmern! Verantwortungsvolles Denken und Handeln im Betrieb l\u00e4sst sich systematisch f\u00f6rdern. Erleben Sie ein Instrument (Unternehmer-Simulation PRO4S MEMO), welches Menschen mobilisiert, mitverantwortliches Denken und Handeln greifbar macht, den Gedankenaustausch aktiviert und Teamwork befl\u00fcgelt.<\/p>\n\n\n\n<h5>Was hat es eigentlich mit dem Spielen auf sich?<\/h5>\n\n\n\n<p>&#8222;Spielen f\u00fchrt, so sagt die Hirnforschung, zu neuem Denken, neuen Perspektiven und neuen L\u00f6sungen.<br> Gerade das sind die F\u00e4higkeiten, die in unserer totalen Wissensgesellschaft immer wichtiger werden.<br> Spielforscher, US Amerikaner Stuart Brown schreibt:<\/p>\n\n\n\n<p><em><strong>&#8222;Play is not an activity; it is a state of mind&#8220;.<\/strong><\/em><\/p>\n\n\n\n<p>&#8222;Spielen als Geisteszustand, der sich durch Leichtigkeit, Spass und Offenheit auszeichnet. Wer mit spielerischer Haltung an die Arbeit geht, findet Attraktivit\u00e4t in beinahe Allem, was er tut und scheinbar unl\u00f6sbare Situationen bekommen durch spielerisches Denken neue Impulse und es werden pl\u00f6tzlich L\u00f6sungen gefunden.&#8220; (Quelle: Arne Gillbert\/Amsterdam)<\/p>\n\n\n\n<h5>Welchen Nutzen bringt das Ihrem Unternehmen?<\/h5>\n\n\n\n<ul><li>Mehr unternehmerisches Denken und Handeln von F\u00fchrungskr\u00e4ften und Mitarbeitenden steigert Ihre Service-Qualit\u00e4t und Ihren Kundenfokus<\/li><li>Team- und Unternehmensziele besser sehen und aus eigener Kraft rascher erreichen bringt mehr Umsatz<\/li><li>Verbesserung von Motivation, F\u00fchrung, Zusammenarbeit und Kommunikation bringt Effizienz und Effektivit\u00e4t in Ihre Abl\u00e4ufe und Prozesse = bessere Wirkung und Margen<\/li><li>Schaffen einer gemeinsamen Sprache und Sichtweise vom Auszubildenden \u00fcber Mitarbeitende, Kader, Gesch\u00e4ftsleitung bis zum Verwaltungsrat\/Vorstand und Kunden schafft Verst\u00e4ndnis und Transparenz<\/li><\/ul>\n\n\n\n<h5><strong>Was macht den spielerischen Ansatz so wirkungsvoll?<\/strong><\/h5>\n\n\n\n<ul><li>Spielen ist die nat\u00fcrlichste Art, richtig verstehen zu lernen<\/li><li>Ein Spiel vereinfacht komplexe Zusammenh\u00e4nge, visualisiert Sachverhalte und strukturiert Ziele &#8211; Fragen werden im pers\u00f6nlichen Kontakt unmittelbar beantwortet<\/li><li>Es erm\u00f6glicht lebendige, lehrreiche und interaktive Anl\u00e4sse mit F\u00fchrungskr\u00e4ften, Mitarbeitenden und Kunden bzw. Lieferanten.<\/li><\/ul>\n\n\n\n<p><a href=\"https:\/\/pro4s.adobeconnect.com\/_a54343444\/p60097920\/\" target=\"_blank\" rel=\"noopener\">Hier sehen und h\u00f6ren<\/a> Sie Impressionen zu Workshops und der Simulation PRO4S MEMO.<\/p>\n\n\n\n<p>Setzen Sie motivierende Impulse und mobilisieren Sie Ihr Unternehmen, Ihre Mitarbeitenden, Ihre Kunden und Lieferanten auf eine neue Art und Weise!<\/p>\n\n\n\n<p>Nehmen Sie mit uns <a href=\"http:\/\/geiger-evolution.ch\/?page_id=30\">Kontakt<\/a> auf und lernen Sie dieses geniale Unternehmensspiel kennen!<\/p>\n\n\n\n<p>Weitere Informationen finden Sie bei <a rel=\"noopener\" href=\"http:\/\/www.pro4smemo.com\/index.php?article_id=1&amp;clang=1\" target=\"_blank\">http:\/\/www.pro4smemo.com<\/a><\/p>\n","protected":false},"excerpt":{"rendered":"<p>Unternehmens-Simulation &#8211;Mobilisieren &amp; Motivieren Machen Sie Ihre Mitarbeitenden zu Mitunternehmern! Verantwortungsvolles Denken und Handeln im Betrieb l\u00e4sst sich systematisch f\u00f6rdern. Erleben Sie ein Instrument (Unternehmer-Simulation PRO4S MEMO), welches Menschen mobilisiert, mitverantwortliches Denken und Handeln greifbar macht, den Gedankenaustausch aktiviert und Teamwork befl\u00fcgelt. Was hat es eigentlich mit dem Spielen auf sich? &#8222;Spielen f\u00fchrt, so sagt [&hellip;]<\/p>\n","protected":false},"author":1,"featured_media":0,"parent":0,"menu_order":0,"comment_status":"closed","ping_status":"closed","template":"","meta":[],"_links":{"self":[{"href":"https:\/\/geiger-evolution.ch\/index.php\/wp-json\/wp\/v2\/pages\/194"}],"collection":[{"href":"https:\/\/geiger-evolution.ch\/index.php\/wp-json\/wp\/v2\/pages"}],"about":[{"href":"https:\/\/geiger-evolution.ch\/index.php\/wp-json\/wp\/v2\/types\/page"}],"author":[{"embeddable":true,"href":"https:\/\/geiger-evolution.ch\/index.php\/wp-json\/wp\/v2\/users\/1"}],"replies":[{"embeddable":true,"href":"https:\/\/geiger-evolution.ch\/index.php\/wp-json\/wp\/v2\/comments?post=194"}],"version-history":[{"count":6,"href":"https:\/\/geiger-evolution.ch\/index.php\/wp-json\/wp\/v2\/pages\/194\/revisions"}],"predecessor-version":[{"id":1685,"href":"https:\/\/geiger-evolution.ch\/index.php\/wp-json\/wp\/v2\/pages\/194\/revisions\/1685"}],"wp:attachment":[{"href":"https:\/\/geiger-evolution.ch\/index.php\/wp-json\/wp\/v2\/media?parent=194"}],"curies":[{"name":"wp","href":"https:\/\/api.w.org\/{rel}","templated":true}]}}