{"id":20,"date":"2017-07-02T09:52:43","date_gmt":"2017-07-02T09:52:43","guid":{"rendered":"http:\/\/geiger-evolution.ch\/?page_id=20"},"modified":"2021-03-06T14:34:26","modified_gmt":"2021-03-06T14:34:26","slug":"diagnostik","status":"publish","type":"page","link":"https:\/\/geiger-evolution.ch\/index.php\/diagnostik\/","title":{"rendered":"Diagnostik"},"content":{"rendered":"\n<figure class=\"wp-block-image\"><img src=\"http:\/\/geiger-evolution.ch\/wp-content\/uploads\/2017\/07\/120c752a8a.jpg\" alt=\"120c752a8a\" class=\"wp-image-186\"\/><\/figure>\n\n\n\n<h3 class=\"has-accent-color has-text-color\">Profiling Values &#8211; Das Verfahren<\/h3>\n\n\n\n<figure class=\"wp-block-image size-large\"><img loading=\"lazy\" width=\"1024\" height=\"645\" src=\"http:\/\/geiger-evolution.ch\/wp-content\/uploads\/2021\/03\/profilingvalues-1024x645.png\" alt=\"\" class=\"wp-image-1739\" srcset=\"https:\/\/geiger-evolution.ch\/wp-content\/uploads\/2021\/03\/profilingvalues-1024x645.png 1024w, https:\/\/geiger-evolution.ch\/wp-content\/uploads\/2021\/03\/profilingvalues-300x189.png 300w, https:\/\/geiger-evolution.ch\/wp-content\/uploads\/2021\/03\/profilingvalues-768x484.png 768w, https:\/\/geiger-evolution.ch\/wp-content\/uploads\/2021\/03\/profilingvalues-1536x968.png 1536w, https:\/\/geiger-evolution.ch\/wp-content\/uploads\/2021\/03\/profilingvalues-2048x1290.png 2048w, https:\/\/geiger-evolution.ch\/wp-content\/uploads\/2021\/03\/profilingvalues-900x567.png 900w, https:\/\/geiger-evolution.ch\/wp-content\/uploads\/2021\/03\/profilingvalues-1280x806.png 1280w\" sizes=\"(max-width: 1024px) 100vw, 1024px\" \/><\/figure>\n\n\n\n<h5>Wissenschaftlich fundiertes und validiertes Testverfahren profilingvalues<\/h5>\n\n\n\n<p>Unser Testverfahren ist das einzige, das die \u201einneren Werte\u201c und die gegenw\u00e4rtige Situation eines Menschen misst. Die Informationen, aus denen sich der profilingvalues-Report ableitet, werden mit Hilfe eines Online-Fragebogens erhoben. Insgesamt werden Charaktereigenschaften in zwei Auspr\u00e4gungen dargestellt \u2013 im K\u00f6nnen und im Wollen. Die Auswertung gr\u00fcndet auf der Wertepsychologie und errechnet die Abweichungen zu einer logisch-mathematischen Norm. Im Gegensatz zu verhaltensbezogenen Methoden ist das Testverfahren nicht manipulierbar und ortsunabh\u00e4ngig sowie rund um die Uhr einsetzbar. Das komfortable und schnelle Online-Verfahrendauert nur 20 Minuten.<\/p>\n\n\n\n<p>Profilingvalues beruht auf den wertpsychologischen wissenschaftlichen Ans\u00e4tzen von Professor Robert S. Hartman, einem deutschen Wissenschaftler, der 1932 \u00fcber England und Mexiko in die USA emigrierte. Die Kompetenzskalen vom profilingvalues Testverfahren sind wissenschaftlich vielfach validiert. Die Methode ist gegen\u00fcber anderen Testverfahren, wie zum Beispiel R.B. Cattell 16 PF, gegengepr\u00fcft. Profilingvalues ist weltweit ein einzigartiges System. Damit kann ganz individuell auf die Bed\u00fcrfnisse der Unternehmer, aber auch auf die F\u00e4higkeiten der Bewerber eingegangen werden.<\/p>\n\n\n\n<p>Falls Sie an weiteren Informationen \u00fcber die wissenschaftlichen Grundlagen von profilingvalues Testverfahren interessiert sind, dann klicken Sie bitte hier:&nbsp;<a href=\"http:\/\/geiger-evolution.ch\/?page_id=30\">Kontakt<\/a><\/p>\n","protected":false},"excerpt":{"rendered":"<p>Profiling Values &#8211; Das Verfahren Wissenschaftlich fundiertes und validiertes Testverfahren profilingvalues Unser Testverfahren ist das einzige, das die \u201einneren Werte\u201c und die gegenw\u00e4rtige Situation eines Menschen misst. Die Informationen, aus denen sich der profilingvalues-Report ableitet, werden mit Hilfe eines Online-Fragebogens erhoben. Insgesamt werden Charaktereigenschaften in zwei Auspr\u00e4gungen dargestellt \u2013 im K\u00f6nnen und im Wollen. Die [&hellip;]<\/p>\n","protected":false},"author":1,"featured_media":0,"parent":0,"menu_order":0,"comment_status":"closed","ping_status":"closed","template":"","meta":[],"_links":{"self":[{"href":"https:\/\/geiger-evolution.ch\/index.php\/wp-json\/wp\/v2\/pages\/20"}],"collection":[{"href":"https:\/\/geiger-evolution.ch\/index.php\/wp-json\/wp\/v2\/pages"}],"about":[{"href":"https:\/\/geiger-evolution.ch\/index.php\/wp-json\/wp\/v2\/types\/page"}],"author":[{"embeddable":true,"href":"https:\/\/geiger-evolution.ch\/index.php\/wp-json\/wp\/v2\/users\/1"}],"replies":[{"embeddable":true,"href":"https:\/\/geiger-evolution.ch\/index.php\/wp-json\/wp\/v2\/comments?post=20"}],"version-history":[{"count":19,"href":"https:\/\/geiger-evolution.ch\/index.php\/wp-json\/wp\/v2\/pages\/20\/revisions"}],"predecessor-version":[{"id":1787,"href":"https:\/\/geiger-evolution.ch\/index.php\/wp-json\/wp\/v2\/pages\/20\/revisions\/1787"}],"wp:attachment":[{"href":"https:\/\/geiger-evolution.ch\/index.php\/wp-json\/wp\/v2\/media?parent=20"}],"curies":[{"name":"wp","href":"https:\/\/api.w.org\/{rel}","templated":true}]}}