{"id":200,"date":"2017-07-02T09:17:15","date_gmt":"2017-07-02T09:17:15","guid":{"rendered":"http:\/\/geiger-evolution.ch\/?page_id=200"},"modified":"2021-03-06T07:28:47","modified_gmt":"2021-03-06T07:28:47","slug":"ein-fall-fuer-zwei","status":"publish","type":"page","link":"https:\/\/geiger-evolution.ch\/index.php\/ein-fall-fuer-zwei\/","title":{"rendered":"Ein Fall f\u00fcr Zwei!"},"content":{"rendered":"\n<figure class=\"wp-block-image\"><img loading=\"lazy\" width=\"800\" height=\"273\" src=\"http:\/\/geiger-evolution.ch\/wp-content\/uploads\/2017\/07\/0312712af7.jpg\" alt=\"\" class=\"wp-image-452\" srcset=\"https:\/\/geiger-evolution.ch\/wp-content\/uploads\/2017\/07\/0312712af7.jpg 800w, https:\/\/geiger-evolution.ch\/wp-content\/uploads\/2017\/07\/0312712af7-300x102.jpg 300w\" sizes=\"(max-width: 800px) 100vw, 800px\" \/><\/figure>\n\n\n\n<h2 class=\"has-accent-color has-text-color\">Geiger + Grebien sind Ihre Sparring Partner f\u00fcr entscheidende Themen im Unternehmensalltag und bei der Entfaltung Ihrer Pers\u00f6nlichkeit!<\/h2>\n\n\n\n<h3>Wir st\u00e4rken Ihr Selbstbewusstsein, Ihre Ausstrahlung und Ihre Wirkung im Markt mit&#8230;<\/h3>\n\n\n\n<ul><li>Visions- und Strategie-Erarbeitung<\/li><li>Umsetzungsplanung und -Reflektion<\/li><li>Markenentwicklung \/ -f\u00fchrung<\/li><li>Vermarktung und Kundenfokussierung<\/li><li>Selbst &#8211; PR<\/li><li>Organisations- und Teamentwicklung<\/li><li>Begleitung von Ver\u00e4nderungsprozessen<\/li><li>F\u00fchrungskr\u00e4fte-, Teamtrainings + Coachings<\/li><li>St\u00e4rkung und Coaching von Jugendlichen <\/li><li>Motivstrukturanalysen<\/li><\/ul>\n\n\n\n<div style=\"height:20px\" aria-hidden=\"true\" class=\"wp-block-spacer\"><\/div>\n\n\n\n<p>Wir bringen Ihre Visionen und Ideen in die Umsetzung &#8211; aus der Theorie in die Praxis! \u00dcberzeugende Leistung bringt Erfolg&#8230; wir begleiten Sie auf diesem Weg! Zwei Artikel zu unserem Denken und Handeln: Werte&nbsp;\/&nbsp;Innovation Wir freuen uns darauf, gemeinsam mit Ihnen eine wirkungsvolle Variante auszuarbeiten.<\/p>\n\n\n\n<p><strong>GEIGER + GREBIEN<\/strong><\/p>\n\n\n\n<p>Bruno Geiger, GEIGER EVOLUTION, Ruswil<\/p>\n\n\n\n<p>Sabine Grebien, <a rel=\"noopener\" href=\"http:\/\/www.grebien-performance.ch\/\" target=\"_blank\">www.grebien-performance.ch<\/a>, Luzern<\/p>\n\n\n\n<div class=\"wp-block-image\"><figure class=\"alignleft is-resized\"><img loading=\"lazy\" src=\"http:\/\/geiger-evolution.ch\/wp-content\/uploads\/2017\/07\/Werte-schaffen1.png\" alt=\"Werte schaffen\" class=\"wp-image-246\" width=\"378\" height=\"502\"\/><\/figure><\/div>\n\n\n\n<div class=\"wp-block-image wp-image-458\"><figure class=\"alignleft\"><img loading=\"lazy\" width=\"378\" height=\"250\" src=\"http:\/\/geiger-evolution.ch\/wp-content\/uploads\/2017\/07\/5385371913.jpg\" alt=\"Sabine Grebien &amp; Bruno Geiger\" class=\"wp-image-458\" srcset=\"https:\/\/geiger-evolution.ch\/wp-content\/uploads\/2017\/07\/5385371913.jpg 378w, https:\/\/geiger-evolution.ch\/wp-content\/uploads\/2017\/07\/5385371913-300x198.jpg 300w\" sizes=\"(max-width: 378px) 100vw, 378px\" \/><figcaption>Sabine Grebien &amp; Bruno Geiger<\/figcaption><\/figure><\/div>\n\n\n\n<div class=\"wp-block-image wp-image-464\"><figure class=\"alignleft\"><img loading=\"lazy\" width=\"375\" height=\"250\" src=\"http:\/\/geiger-evolution.ch\/wp-content\/uploads\/2017\/07\/1f974e528a.jpg\" alt=\"Bruno Geiger\" class=\"wp-image-464\" srcset=\"https:\/\/geiger-evolution.ch\/wp-content\/uploads\/2017\/07\/1f974e528a.jpg 375w, https:\/\/geiger-evolution.ch\/wp-content\/uploads\/2017\/07\/1f974e528a-300x200.jpg 300w\" sizes=\"(max-width: 375px) 100vw, 375px\" \/><figcaption>Bruno Geiger<\/figcaption><\/figure><\/div>\n\n\n\n<div class=\"wp-block-image\"><figure class=\"alignleft is-resized\"><a href=\"http:\/\/geiger-evolution.ch\/wp-content\/uploads\/2017\/07\/Sabine-Grebien.jpg\"><img loading=\"lazy\" src=\"http:\/\/geiger-evolution.ch\/wp-content\/uploads\/2017\/07\/Sabine-Grebien.jpg\" alt=\"Sabine Grebien\" class=\"wp-image-230\" width=\"373\" height=\"249\"\/><\/a><figcaption>Sabine Grebien<\/figcaption><\/figure><\/div>\n","protected":false},"excerpt":{"rendered":"<p>Geiger + Grebien sind Ihre Sparring Partner f\u00fcr entscheidende Themen im Unternehmensalltag und bei der Entfaltung Ihrer Pers\u00f6nlichkeit! Wir st\u00e4rken Ihr Selbstbewusstsein, Ihre Ausstrahlung und Ihre Wirkung im Markt mit&#8230; Visions- und Strategie-Erarbeitung Umsetzungsplanung und -Reflektion Markenentwicklung \/ -f\u00fchrung Vermarktung und Kundenfokussierung Selbst &#8211; PR Organisations- und Teamentwicklung Begleitung von Ver\u00e4nderungsprozessen F\u00fchrungskr\u00e4fte-, Teamtrainings + Coachings [&hellip;]<\/p>\n","protected":false},"author":1,"featured_media":0,"parent":0,"menu_order":0,"comment_status":"closed","ping_status":"closed","template":"","meta":[],"_links":{"self":[{"href":"https:\/\/geiger-evolution.ch\/index.php\/wp-json\/wp\/v2\/pages\/200"}],"collection":[{"href":"https:\/\/geiger-evolution.ch\/index.php\/wp-json\/wp\/v2\/pages"}],"about":[{"href":"https:\/\/geiger-evolution.ch\/index.php\/wp-json\/wp\/v2\/types\/page"}],"author":[{"embeddable":true,"href":"https:\/\/geiger-evolution.ch\/index.php\/wp-json\/wp\/v2\/users\/1"}],"replies":[{"embeddable":true,"href":"https:\/\/geiger-evolution.ch\/index.php\/wp-json\/wp\/v2\/comments?post=200"}],"version-history":[{"count":15,"href":"https:\/\/geiger-evolution.ch\/index.php\/wp-json\/wp\/v2\/pages\/200\/revisions"}],"predecessor-version":[{"id":1683,"href":"https:\/\/geiger-evolution.ch\/index.php\/wp-json\/wp\/v2\/pages\/200\/revisions\/1683"}],"wp:attachment":[{"href":"https:\/\/geiger-evolution.ch\/index.php\/wp-json\/wp\/v2\/media?parent=200"}],"curies":[{"name":"wp","href":"https:\/\/api.w.org\/{rel}","templated":true}]}}