{"id":22,"date":"2017-07-02T15:03:08","date_gmt":"2017-07-02T15:03:08","guid":{"rendered":"http:\/\/geiger-evolution.ch\/?page_id=22"},"modified":"2021-03-06T17:07:32","modified_gmt":"2021-03-06T17:07:32","slug":"unternehmen","status":"publish","type":"page","link":"https:\/\/geiger-evolution.ch\/index.php\/unternehmen\/","title":{"rendered":"Unternehmen"},"content":{"rendered":"\n<figure class=\"wp-block-image size-large\"><img loading=\"lazy\" width=\"800\" height=\"273\" src=\"http:\/\/geiger-evolution.ch\/wp-content\/uploads\/2018\/06\/Academia.jpg\" alt=\"\" class=\"wp-image-1190\" srcset=\"https:\/\/geiger-evolution.ch\/wp-content\/uploads\/2018\/06\/Academia.jpg 800w, https:\/\/geiger-evolution.ch\/wp-content\/uploads\/2018\/06\/Academia-300x102.jpg 300w, https:\/\/geiger-evolution.ch\/wp-content\/uploads\/2018\/06\/Academia-768x262.jpg 768w\" sizes=\"(max-width: 800px) 100vw, 800px\" \/><\/figure>\n\n\n\n<h2 class=\"has-accent-color has-text-color\">Kraft f\u00fcr Unternehmen<\/h2>\n\n\n\n<p>Geben Sie Ihrer F\u00fchrung und Ihren Mitarbeitenden Sicherheit &#8211; mit Dynamik, Engagement, Leidenschaft und Vorbildcharakter:<\/p>\n\n\n\n<h3>Fragen Sie GEIGER EVOLUTION an f\u00fcr<\/h3>\n\n\n\n<ul><li>praxisorientierte F\u00fchrungs-Seminare und Werkst\u00e4tten<\/li><li>inspirierende Impulsreferate<\/li><li>spannende Moderationen<\/li><li>als neutrale Sparring Partner f\u00fcr Reflexionen, Analysen, Podiumsdiskussionen, usw.<\/li><li>offene Visions- und Strategie(neu)entwicklung<\/li><li>fokussierte Umsetzungsplanung und -begleitung<\/li><li>transparente Kommunikationsunterst\u00fctzung<\/li><\/ul>\n\n\n\n<h3>Was ist Ihr Nutzen<\/h3>\n\n\n\n<ul><li>KISS &#8211; wir halten es &#8222;einfach und smart&#8220;<\/li><li>St\u00e4rkung der Attraktivit\u00e4t als Arbeitgeber und der Ausstrahlung des Unternehmens<\/li><li>Sicherheit im (F\u00fchrungs-) Alltag<\/li><li>Nachhaltige Steigerung der Qualit\u00e4t, Produktivit\u00e4t und Zusammenarbeit<\/li><li>Rentabilit\u00e4t und somit auch Steigerung des Unternehmenswertes<\/li><li>Verbesserung der Unternehmenskultur mit motivierten Mitarbeitenden<\/li><\/ul>\n\n\n\n<p>Wir freuen uns auf Ihre <a href=\"http:\/\/geiger-evolution.ch\/?page_id=30\">Anfrage<\/a>!<\/p>\n","protected":false},"excerpt":{"rendered":"<p>Kraft f\u00fcr Unternehmen Geben Sie Ihrer F\u00fchrung und Ihren Mitarbeitenden Sicherheit &#8211; mit Dynamik, Engagement, Leidenschaft und Vorbildcharakter: Fragen Sie GEIGER EVOLUTION an f\u00fcr praxisorientierte F\u00fchrungs-Seminare und Werkst\u00e4tten inspirierende Impulsreferate spannende Moderationen als neutrale Sparring Partner f\u00fcr Reflexionen, Analysen, Podiumsdiskussionen, usw. offene Visions- und Strategie(neu)entwicklung fokussierte Umsetzungsplanung und -begleitung transparente Kommunikationsunterst\u00fctzung Was ist Ihr Nutzen [&hellip;]<\/p>\n","protected":false},"author":1,"featured_media":0,"parent":0,"menu_order":0,"comment_status":"closed","ping_status":"closed","template":"","meta":[],"_links":{"self":[{"href":"https:\/\/geiger-evolution.ch\/index.php\/wp-json\/wp\/v2\/pages\/22"}],"collection":[{"href":"https:\/\/geiger-evolution.ch\/index.php\/wp-json\/wp\/v2\/pages"}],"about":[{"href":"https:\/\/geiger-evolution.ch\/index.php\/wp-json\/wp\/v2\/types\/page"}],"author":[{"embeddable":true,"href":"https:\/\/geiger-evolution.ch\/index.php\/wp-json\/wp\/v2\/users\/1"}],"replies":[{"embeddable":true,"href":"https:\/\/geiger-evolution.ch\/index.php\/wp-json\/wp\/v2\/comments?post=22"}],"version-history":[{"count":6,"href":"https:\/\/geiger-evolution.ch\/index.php\/wp-json\/wp\/v2\/pages\/22\/revisions"}],"predecessor-version":[{"id":1835,"href":"https:\/\/geiger-evolution.ch\/index.php\/wp-json\/wp\/v2\/pages\/22\/revisions\/1835"}],"wp:attachment":[{"href":"https:\/\/geiger-evolution.ch\/index.php\/wp-json\/wp\/v2\/media?parent=22"}],"curies":[{"name":"wp","href":"https:\/\/api.w.org\/{rel}","templated":true}]}}