{"id":47,"date":"2017-07-02T15:42:01","date_gmt":"2017-07-02T15:42:01","guid":{"rendered":"http:\/\/geiger-evolution.ch\/?page_id=47"},"modified":"2021-03-06T07:23:39","modified_gmt":"2021-03-06T07:23:39","slug":"neues-buch","status":"publish","type":"page","link":"https:\/\/geiger-evolution.ch\/index.php\/neues-buch\/","title":{"rendered":"Buch Berufsbildung"},"content":{"rendered":"\n<figure class=\"wp-block-image\"><img loading=\"lazy\" width=\"800\" height=\"273\" src=\"http:\/\/geiger-evolution.ch\/wp-content\/uploads\/2017\/07\/0312712af7.jpg\" alt=\"\" class=\"wp-image-452\" srcset=\"https:\/\/geiger-evolution.ch\/wp-content\/uploads\/2017\/07\/0312712af7.jpg 800w, https:\/\/geiger-evolution.ch\/wp-content\/uploads\/2017\/07\/0312712af7-300x102.jpg 300w\" sizes=\"(max-width: 800px) 100vw, 800px\" \/><\/figure>\n\n\n\n<figure class=\"wp-block-image is-resized\"><a href=\"http:\/\/geiger-evolution.ch\/wp-content\/uploads\/2017\/07\/Buchtitel.jpg\" target=\"_blank\" rel=\"http:\/\/geiger-evolution.ch\/wp-content\/uploads\/2018\/06\/Leseprobe_VET_Strahm_Geiger_2016.pdf noopener\"><img loading=\"lazy\" src=\"http:\/\/geiger-evolution.ch\/wp-content\/uploads\/2017\/07\/Innovation3.jpg\" alt=\"\" class=\"wp-image-480\" width=\"321\" height=\"222\" srcset=\"https:\/\/geiger-evolution.ch\/wp-content\/uploads\/2017\/07\/Innovation3.jpg 321w, https:\/\/geiger-evolution.ch\/wp-content\/uploads\/2017\/07\/Innovation3-300x207.jpg 300w\" sizes=\"(max-width: 321px) 100vw, 321px\" \/><\/a><\/figure>\n\n\n\n<p><a href=\"http:\/\/geiger-evolution.ch\/wp-content\/uploads\/2018\/06\/Leseprobe_VET_Strahm_Geiger_2016.pdf\" target=\"_blank\" rel=\"noopener\">Leseprobe<\/a><\/p>\n\n\n\n<h3 class=\"has-accent-color has-text-color\">Vocational and Professional Education and Training in Switzerland<\/h3>\n\n\n\n<h5>Success factors and challenges for sustainable implementation abroad<\/h5>\n\n\n\n<p>Das neue Buch zum Thema \u201cBerufsbildung International\u201d ist jetzt im Handel verf\u00fcgbar.<\/p>\n\n\n\n<p>F\u00fcr Vortr\u00e4ge und Lesungen (z.B. mit dem Thema &#8222;Globalisierung in der Berufsbildung &#8211; wo steht die Schweiz?&#8220;) stehe ich ab August gerne zur Verf\u00fcgung! Herzlichen Dank f\u00fcr Ihr Interesse!<\/p>\n\n\n\n<p>Dieses Buch bietet eine verst\u00e4ndliche Darstellung des dualen Berufsbildungssystems der Schweiz und vergleicht die Bildungssysteme Europas. Neben einem Beschrieb der Erfolgsfaktoren f\u00fcr den Aufbau zeigen Praxisbeispiele aus der ganzen Welt die M\u00f6glichkeiten des Transfers der dualen Ausbildung in andere L\u00e4nder auf.<\/p>\n\n\n\n<p>Das Buch richtet sich einerseits an Vertreter von ausl\u00e4ndischen Ministerien und Beh\u00f6rden und andererseits kann es zur Information in internationalen Unternehmen, bei Delegationsbesuchen und Weiterbildungen genutzt werden.<\/p>\n\n\n\n<p>Mit einem Vorwort von Bundesrat Johann N. Schneider-Ammann, Vorsteher des Eidgen\u00f6ssischen Departements f\u00fcr Wirtschaft, Bildung und Forschung (WBF).<\/p>\n","protected":false},"excerpt":{"rendered":"<p>Leseprobe Vocational and Professional Education and Training in Switzerland Success factors and challenges for sustainable implementation abroad Das neue Buch zum Thema \u201cBerufsbildung International\u201d ist jetzt im Handel verf\u00fcgbar. F\u00fcr Vortr\u00e4ge und Lesungen (z.B. mit dem Thema &#8222;Globalisierung in der Berufsbildung &#8211; wo steht die Schweiz?&#8220;) stehe ich ab August gerne zur Verf\u00fcgung! Herzlichen Dank [&hellip;]<\/p>\n","protected":false},"author":1,"featured_media":0,"parent":0,"menu_order":0,"comment_status":"closed","ping_status":"closed","template":"","meta":[],"_links":{"self":[{"href":"https:\/\/geiger-evolution.ch\/index.php\/wp-json\/wp\/v2\/pages\/47"}],"collection":[{"href":"https:\/\/geiger-evolution.ch\/index.php\/wp-json\/wp\/v2\/pages"}],"about":[{"href":"https:\/\/geiger-evolution.ch\/index.php\/wp-json\/wp\/v2\/types\/page"}],"author":[{"embeddable":true,"href":"https:\/\/geiger-evolution.ch\/index.php\/wp-json\/wp\/v2\/users\/1"}],"replies":[{"embeddable":true,"href":"https:\/\/geiger-evolution.ch\/index.php\/wp-json\/wp\/v2\/comments?post=47"}],"version-history":[{"count":9,"href":"https:\/\/geiger-evolution.ch\/index.php\/wp-json\/wp\/v2\/pages\/47\/revisions"}],"predecessor-version":[{"id":1679,"href":"https:\/\/geiger-evolution.ch\/index.php\/wp-json\/wp\/v2\/pages\/47\/revisions\/1679"}],"wp:attachment":[{"href":"https:\/\/geiger-evolution.ch\/index.php\/wp-json\/wp\/v2\/media?parent=47"}],"curies":[{"name":"wp","href":"https:\/\/api.w.org\/{rel}","templated":true}]}}