{"id":55,"date":"2017-07-02T15:26:08","date_gmt":"2017-07-02T15:26:08","guid":{"rendered":"http:\/\/geiger-evolution.ch\/?page_id=55"},"modified":"2021-03-07T21:10:21","modified_gmt":"2021-03-07T21:10:21","slug":"werte-werkstatt","status":"publish","type":"page","link":"https:\/\/geiger-evolution.ch\/index.php\/werte-werkstatt\/","title":{"rendered":"Werte Werkstatt"},"content":{"rendered":"\n<figure class=\"wp-block-image\"><img loading=\"lazy\" width=\"800\" height=\"273\" src=\"http:\/\/geiger-evolution.ch\/wp-content\/uploads\/2017\/07\/0312712af7.jpg\" alt=\"\" class=\"wp-image-452\" srcset=\"https:\/\/geiger-evolution.ch\/wp-content\/uploads\/2017\/07\/0312712af7.jpg 800w, https:\/\/geiger-evolution.ch\/wp-content\/uploads\/2017\/07\/0312712af7-300x102.jpg 300w\" sizes=\"(max-width: 800px) 100vw, 800px\" \/><\/figure>\n\n\n\n<h3 class=\"has-accent-color has-text-color\">Unternehmer-Werkst\u00e4tten<\/h3>\n\n\n\n<h3>&#8222;Werte schaffen Werte &#8211; Mission Impossible!?&#8220;<\/h3>\n\n\n\n<p>&#8222;Unternehmerisches Planen, Denken und Handeln&nbsp;als Innovations- und Wachstumsmotor im Unternehmen&#8220;<\/p>\n\n\n\n<p>Im Mittelpunkt dieser Werkst\u00e4tten steht ein \u00fcbergreifender, interaktiver Austausch sowie die Aufnahme von wertvollen Impulsen f\u00fcr die eigene F\u00fchrung und zur langfristigen Unternehmensentwicklung zu den Fragen:<\/p>\n\n\n\n<p>Was bedeutet Werteorientierung in Unternehmen und in wieweit l\u00e4sst sich damit f\u00fchren?<br> Welche Werte (Aufwand) schaffen Wertsch\u00f6pfung (Ertrag)<br> Was ist unternehmerisches und mitverantwortliches Denken und Handeln und wie begeistert und motiviert man Mitarbeitende daf\u00fcr?<br> Welche Modelle und Rahmenbedingungen m\u00fcssen initiiert und etabliert werden, damit diese \u00abKultur\u00bb stattfinden kann?<\/p>\n\n\n\n<h3>Diese Werkst\u00e4tten sind buchbar<\/h3>\n\n\n\n<ul><li>speziell auf Ihr Unternehmen massgeschneidert als Inhouse Workshop mit Ihren F\u00fchrungskr\u00e4ften \/ Mitarbeitenden \/ Lernenden<\/li><li>als offene Werkst\u00e4tte f\u00fcr branchen\u00fcbergreifenden, innovativen und inspirierenden Austausch<\/li><\/ul>\n\n\n\n<h3>Brainsnack<\/h3>\n\n\n\n<ul><li>2-4 Stunden Impulse f\u00fcr F\u00fchrung und\/oder Mitarbeitende und Lernende, erg\u00e4nzt z.B. mit einer Round Table Diskussion<\/li><\/ul>\n\n\n\n<h3>Ein- bis mehrt\u00e4giger Workshop<\/h3>\n\n\n\n<ul><li>mit Vertiefung spezieller Themen aus Ihrem Unternehmensalltag<\/li><\/ul>\n\n\n\n<p>Zum Beispiel mit dem Format &#8222;WeinSinn&#8220;<\/p>\n\n\n\n<ul><li>in Verbindung von Werten, Personal- und Unternehmensf\u00fchrung und Hegen und Pflegen im <a href=\"http:\/\/geiger-evolution.ch\/index.php\/wein-sinn\/\" target=\"_blank\" rel=\"noopener\">Weinbau<\/a><\/li><\/ul>\n\n\n\n<h3>Erg\u00e4nzende Methode<\/h3>\n\n\n\n<ul><li>Einsatz des Unternehmensspiels Pro4s Memo<\/li><\/ul>\n\n\n\n<h3>Wir geben Ihnen Raum<\/h3>\n\n\n\n<p>Bruno Geiger, Geiger Evolution GmbH &#8211; <a rel=\"noopener\" href=\"https:\/\/www.geiger-evolution.ch\/\" target=\"_blank\">www.geiger-evolution.ch <\/a><\/p>\n\n\n\n<p>Sabine Grebien, Grebien Performance &#8211; <a rel=\"noopener\" href=\"http:\/\/www.grebien-performance.ch\/\" target=\"_blank\">www.grebien-performance.ch<\/a><\/p>\n\n\n\n<h3>Anmeldung \/ Fragen?<\/h3>\n\n\n\n<p>Fragen an Bruno Geiger unter 079 \/ 371 36 76<\/p>\n\n\n\n<p><a href=\"http:\/\/geiger-evolution.ch\/?page_id=30\">Wir freuen uns auf Ihre Anfrage!<\/a><\/p>\n\n\n\n<figure class=\"wp-block-image\"><img src=\"http:\/\/geiger-evolution.ch\/wp-content\/uploads\/2017\/07\/Werte1.png\" alt=\"Werte1\" class=\"wp-image-303\"\/><\/figure>\n","protected":false},"excerpt":{"rendered":"<p>Unternehmer-Werkst\u00e4tten &#8222;Werte schaffen Werte &#8211; Mission Impossible!?&#8220; &#8222;Unternehmerisches Planen, Denken und Handeln&nbsp;als Innovations- und Wachstumsmotor im Unternehmen&#8220; Im Mittelpunkt dieser Werkst\u00e4tten steht ein \u00fcbergreifender, interaktiver Austausch sowie die Aufnahme von wertvollen Impulsen f\u00fcr die eigene F\u00fchrung und zur langfristigen Unternehmensentwicklung zu den Fragen: Was bedeutet Werteorientierung in Unternehmen und in wieweit l\u00e4sst sich damit f\u00fchren? [&hellip;]<\/p>\n","protected":false},"author":1,"featured_media":0,"parent":0,"menu_order":0,"comment_status":"closed","ping_status":"closed","template":"","meta":[],"_links":{"self":[{"href":"https:\/\/geiger-evolution.ch\/index.php\/wp-json\/wp\/v2\/pages\/55"}],"collection":[{"href":"https:\/\/geiger-evolution.ch\/index.php\/wp-json\/wp\/v2\/pages"}],"about":[{"href":"https:\/\/geiger-evolution.ch\/index.php\/wp-json\/wp\/v2\/types\/page"}],"author":[{"embeddable":true,"href":"https:\/\/geiger-evolution.ch\/index.php\/wp-json\/wp\/v2\/users\/1"}],"replies":[{"embeddable":true,"href":"https:\/\/geiger-evolution.ch\/index.php\/wp-json\/wp\/v2\/comments?post=55"}],"version-history":[{"count":14,"href":"https:\/\/geiger-evolution.ch\/index.php\/wp-json\/wp\/v2\/pages\/55\/revisions"}],"predecessor-version":[{"id":1952,"href":"https:\/\/geiger-evolution.ch\/index.php\/wp-json\/wp\/v2\/pages\/55\/revisions\/1952"}],"wp:attachment":[{"href":"https:\/\/geiger-evolution.ch\/index.php\/wp-json\/wp\/v2\/media?parent=55"}],"curies":[{"name":"wp","href":"https:\/\/api.w.org\/{rel}","templated":true}]}}