{"id":877,"date":"2017-09-29T10:11:51","date_gmt":"2017-09-29T10:11:51","guid":{"rendered":"http:\/\/geiger-evolution.ch\/?page_id=877"},"modified":"2021-02-24T22:49:43","modified_gmt":"2021-02-24T22:49:43","slug":"bruno-geiger-3","status":"publish","type":"page","link":"https:\/\/geiger-evolution.ch\/index.php\/fr\/bruno-geiger-3\/","title":{"rendered":"Bruno Geiger"},"content":{"rendered":"\n<figure class=\"wp-block-image is-resized\"><img loading=\"lazy\" src=\"https:\/\/image.jimcdn.com\/app\/cms\/image\/transf\/dimension=666x10000:format=jpg\/path\/s10f05ab7ec9f2cc6\/image\/i5bcfa4d970cc68fb\/version\/1454159115\/image.jpg\" alt=\"\" width=\"610\" height=\"207\"\/><\/figure>\n\n\n\n<h2 class=\"has-accent-color has-text-color\">BRUNO GEIGER &#8211; UN MOTEUR<\/h2>\n\n\n\n<p>\u00c9conomiste d&#8217;entreprise HES \/ Entrepreneur ind\u00e9pendant \/ Animateur \/ Mod\u00e9rateur<\/p>\n\n\n\n<ul><li>Longue exp\u00e9rience en gestion de projet et en management dans les domaines du d\u00e9veloppement d&#8217;entreprise (philosophie\/missions), de la planification et du contr\u00f4le (objectifs\/mesures), de l&#8217;assistance marketing et commerciale, du conseil en entreprise et en ressources humaines ainsi qu&#8217;en gestion de la qualit\u00e9 et des innovations.<\/li><li>Exp\u00e9rience nationale et internationale dans les assurances, la gestion de l&#8217;immobilier et<\/li><li>La gestion des infrastructures, la sant\u00e9 et le conseil en entreprise et en ressources humaines.<\/li><li>Formations sp\u00e9cialis\u00e9es et formation continue dans les domaines du travail \u00e9nerg\u00e9tique, de la m\u00e9dialit\u00e9 et du d\u00e9veloppement personnel.&nbsp;<\/li><li>Langues&nbsp;: allemand, fran\u00e7ais, anglais<\/li><li>Aper\u00e7u du&nbsp;CV&nbsp;de Bruno Geiger<\/li><\/ul>\n\n\n\n<h3><strong>Principaux th\u00e8mes \/ objectifs&nbsp;<\/strong><\/h3>\n\n\n\n<ul><li>Jeter des ponts, encourager la pens\u00e9e et l&#8217;action responsable en entreprise<\/li><li>D\u00e9velopper la productivit\u00e9 et l&#8217;enthousiasme de fa\u00e7on visible et mesurable dans l&#8217;entreprise<\/li><li>Identifier et encourager les qualit\u00e9s de chacun<\/li><li>Mobiliser, motiver et accompagner les individus et les entreprises dans le fa\u00e7onnement de leur vision d&#8217;un avenir attrayant (philosophie \/ mission \/ objectifs)<\/li><li>D\u00e9montrer de mani\u00e8re transparente et mesurable la mise en pratique de l&#8217;efficacit\u00e9 personnelle<\/li><li>Permettre l&#8217;apprentissage et les am\u00e9liorations de mani\u00e8re empathique, ludique et syst\u00e9matique<\/li><\/ul>\n\n\n\n<figure class=\"wp-block-image size-full\"><a href=\"http:\/\/geiger-evolution.ch\/wp-content\/uploads\/2017\/07\/Bruno1.png\"><img loading=\"lazy\" width=\"165\" height=\"212\" src=\"http:\/\/geiger-evolution.ch\/wp-content\/uploads\/2017\/07\/Bruno1.png\" alt=\"\" class=\"wp-image-519\"\/><\/a><\/figure>\n\n\n\n<h4><a href=\"http:\/\/geiger-evolution.ch\/wp-content\/uploads\/2017\/09\/CV_Bruno_Geiger_2018_English.pdf\">CV Bruno Geiger 2018<\/a><\/h4>\n","protected":false},"excerpt":{"rendered":"<p>BRUNO GEIGER &#8211; UN MOTEUR \u00c9conomiste d&#8217;entreprise HES \/ Entrepreneur ind\u00e9pendant \/ Animateur \/ Mod\u00e9rateur Longue exp\u00e9rience en gestion de projet et en management dans les domaines du d\u00e9veloppement d&#8217;entreprise (philosophie\/missions), de la planification et du contr\u00f4le (objectifs\/mesures), de l&#8217;assistance marketing et commerciale, du conseil en entreprise et en ressources humaines ainsi qu&#8217;en gestion de [&hellip;]<\/p>\n","protected":false},"author":1,"featured_media":0,"parent":0,"menu_order":0,"comment_status":"closed","ping_status":"closed","template":"","meta":[],"_links":{"self":[{"href":"https:\/\/geiger-evolution.ch\/index.php\/wp-json\/wp\/v2\/pages\/877"}],"collection":[{"href":"https:\/\/geiger-evolution.ch\/index.php\/wp-json\/wp\/v2\/pages"}],"about":[{"href":"https:\/\/geiger-evolution.ch\/index.php\/wp-json\/wp\/v2\/types\/page"}],"author":[{"embeddable":true,"href":"https:\/\/geiger-evolution.ch\/index.php\/wp-json\/wp\/v2\/users\/1"}],"replies":[{"embeddable":true,"href":"https:\/\/geiger-evolution.ch\/index.php\/wp-json\/wp\/v2\/comments?post=877"}],"version-history":[{"count":7,"href":"https:\/\/geiger-evolution.ch\/index.php\/wp-json\/wp\/v2\/pages\/877\/revisions"}],"predecessor-version":[{"id":1609,"href":"https:\/\/geiger-evolution.ch\/index.php\/wp-json\/wp\/v2\/pages\/877\/revisions\/1609"}],"wp:attachment":[{"href":"https:\/\/geiger-evolution.ch\/index.php\/wp-json\/wp\/v2\/media?parent=877"}],"curies":[{"name":"wp","href":"https:\/\/api.w.org\/{rel}","templated":true}]}}