{"id":882,"date":"2017-09-29T10:18:34","date_gmt":"2017-09-29T10:18:34","guid":{"rendered":"http:\/\/geiger-evolution.ch\/?page_id=882"},"modified":"2021-03-06T14:51:07","modified_gmt":"2021-03-06T14:51:07","slug":"pleine-conscience","status":"publish","type":"page","link":"https:\/\/geiger-evolution.ch\/index.php\/fr\/pleine-conscience\/","title":{"rendered":"Pleine conscience"},"content":{"rendered":"\n<figure class=\"wp-block-image size-large\"><img loading=\"lazy\" width=\"800\" height=\"273\" src=\"http:\/\/geiger-evolution.ch\/wp-content\/uploads\/2017\/07\/2f9976cc27.jpg\" alt=\"\" class=\"wp-image-1773\" srcset=\"https:\/\/geiger-evolution.ch\/wp-content\/uploads\/2017\/07\/2f9976cc27.jpg 800w, https:\/\/geiger-evolution.ch\/wp-content\/uploads\/2017\/07\/2f9976cc27-300x102.jpg 300w\" sizes=\"(max-width: 800px) 100vw, 800px\" \/><\/figure>\n\n\n\n<h2 class=\"has-accent-color has-text-color\">ENTREPRENEURIAT ET PLEINE CONSCIENCE, DEUX CONCEPTS INCOMPATIBLES&nbsp;?<\/h2>\n\n\n\n<h3>Succ\u00e8s et s\u00e9r\u00e9nit\u00e9 avec la pleine conscience dans un environnement de changement<\/h3>\n\n\n\n<p>Vous vous demandez peut-\u00eatre ce que la pleine conscience a \u00e0 voir avec le contexte stressant et plein de d\u00e9fis de l&#8217;entreprise&nbsp;? Par &#8222;pleine conscience&#8220;, nous entendons la gestion d&#8217;entreprise consciente, r\u00e9fl\u00e9chie, globale et \u00e9quilibr\u00e9e&nbsp;!<\/p>\n\n\n\n<p>En d&#8217;autres termes, une entreprise peut g\u00e9n\u00e9rer des r\u00e9sultats tr\u00e8s \u00e9lev\u00e9s avec &#8222;peu&#8220; d&#8217;efforts dans ses t\u00e2ches (manag\u00e9riales).<\/p>\n\n\n\n<p><strong>Consultez notre offre pour entreprises<\/strong><\/p>\n\n\n\n<p>Une nouvelle conscience dans la gestion des relations et de la communication dans l&#8217;environnement priv\u00e9 ou professionnel<\/p>\n\n\n\n<h3>T\u00e9moignages<\/h3>\n\n\n\n<p><em>\u00ab&nbsp;C&#8217;\u00e9tait une soir\u00e9e divertissante et r\u00e9ussie. J&#8217;ai surtout \u00e9t\u00e9 impressionn\u00e9 par l&#8217;\u00e9change d&#8217;id\u00e9es lors du pl\u00e9num, propice aux questions et aux stimulations des mod\u00e9rateurs mais aussi des participants. Adrian et Bruno ont men\u00e9 l&#8217;\u00e9change tout en retenue et non sans humour. Si c&#8217;\u00e9tait \u00e0 refaire, je n&#8217;h\u00e9siterais pas une seconde&nbsp;!&nbsp;\u00bb<\/em><\/p>\n\n\n\n<p><em>\u00ab&nbsp;J&#8217;ai \u00e9t\u00e9 tr\u00e8s impressionn\u00e9 par les comp\u00e9tences techniques d&#8217;Adrian et Bruno, par la mod\u00e9ration tr\u00e8s fine, la profondeur des d\u00e9bats et l&#8217;int\u00e9r\u00eat des intervenants et des participants. Il y avait m\u00eame assez de temps pour la d\u00e9tente et le r\u00e9seautage. Je suis reparti avec des id\u00e9es int\u00e9ressantes. Le voyage depuis l&#8217;Oberland zurichois en valait la peine. Merci d&#8217;avoir organis\u00e9 cette rencontre. Je reviendrais bien volontiers en Suisse centrale.&nbsp;\u00bb<\/em><\/p>\n\n\n\n<p><em>\u00ab&nbsp;Sujet passionnant avec une excellente mod\u00e9ration et des discussions tr\u00e8s int\u00e9ressantes. Une occasion qui en vaut la peine.&nbsp;\u00bb<\/em><\/p>\n\n\n\n<p><em>\u00ab&nbsp;Pour moi, il s&#8217;agissait d&#8217;une rencontre en terrain inconnu&#8230; passionnante au demeurant&nbsp;! J&#8217;essaie d\u00e9sormais de comprendre et d&#8217;\u00e9valuer les nombreuses informations et les nombreux contacts recueillis. Cela m&#8217;aidera peut-\u00eatre \u00e0 r\u00e9pondre \u00e0 la question qui me taraude toujours&nbsp;: comment trouver la paix int\u00e9rieure&nbsp;? Je ne baisse pas les bras. Merci aux intervenants pour cette aide pr\u00e9cieuse&nbsp;!&nbsp;\u00bb<\/em><\/p>\n\n\n\n<h3>Les avantages pour vous&nbsp;:<\/h3>\n\n\n\n<ul><li>Des employ\u00e9s motiv\u00e9s et enjou\u00e9s<\/li><li>Des fournisseurs consciencieux<\/li><li>Une image de marque claire et visible<\/li><li>Des arguments de vente convaincants<\/li><li>Le succ\u00e8s \u00e9conomique<\/li><li>Une meilleure r\u00e9putation aupr\u00e8s des parties prenantes<\/li><\/ul>\n\n\n\n<div style=\"height:20px\" aria-hidden=\"true\" class=\"wp-block-spacer\"><\/div>\n\n\n\n<p>La cl\u00e9 est d&#8217;investir du temps et de l&#8217;argent dans le projet \u00ab&nbsp;Pleine conscience&nbsp;\u00bb dans un contexte \u00e9conomique exigeant, parall\u00e8lement \u00e0 une gestion efficace de vos activit\u00e9s quotidiennes. Vous verrez, cela en vaut la peine&nbsp;!<\/p>\n\n\n\n<p>Fixez des&nbsp;<a title=\"CONTACT\/LIENS\" href=\"http:\/\/geiger-evolution.ch\/?page_id=866&amp;lang=fr&amp;preview=true\">objectifs motivants<\/a>&nbsp;orient\u00e9s sur le long terme&nbsp;! Trouvons ensemble la voie vers l&#8217;avenir en &#8222;pleine conscience&#8220; de votre entreprise&nbsp;!<\/p>\n","protected":false},"excerpt":{"rendered":"<p>ENTREPRENEURIAT ET PLEINE CONSCIENCE, DEUX CONCEPTS INCOMPATIBLES&nbsp;? Succ\u00e8s et s\u00e9r\u00e9nit\u00e9 avec la pleine conscience dans un environnement de changement Vous vous demandez peut-\u00eatre ce que la pleine conscience a \u00e0 voir avec le contexte stressant et plein de d\u00e9fis de l&#8217;entreprise&nbsp;? Par &#8222;pleine conscience&#8220;, nous entendons la gestion d&#8217;entreprise consciente, r\u00e9fl\u00e9chie, globale et \u00e9quilibr\u00e9e&nbsp;! En [&hellip;]<\/p>\n","protected":false},"author":1,"featured_media":0,"parent":0,"menu_order":0,"comment_status":"closed","ping_status":"closed","template":"","meta":[],"_links":{"self":[{"href":"https:\/\/geiger-evolution.ch\/index.php\/wp-json\/wp\/v2\/pages\/882"}],"collection":[{"href":"https:\/\/geiger-evolution.ch\/index.php\/wp-json\/wp\/v2\/pages"}],"about":[{"href":"https:\/\/geiger-evolution.ch\/index.php\/wp-json\/wp\/v2\/types\/page"}],"author":[{"embeddable":true,"href":"https:\/\/geiger-evolution.ch\/index.php\/wp-json\/wp\/v2\/users\/1"}],"replies":[{"embeddable":true,"href":"https:\/\/geiger-evolution.ch\/index.php\/wp-json\/wp\/v2\/comments?post=882"}],"version-history":[{"count":5,"href":"https:\/\/geiger-evolution.ch\/index.php\/wp-json\/wp\/v2\/pages\/882\/revisions"}],"predecessor-version":[{"id":1800,"href":"https:\/\/geiger-evolution.ch\/index.php\/wp-json\/wp\/v2\/pages\/882\/revisions\/1800"}],"wp:attachment":[{"href":"https:\/\/geiger-evolution.ch\/index.php\/wp-json\/wp\/v2\/media?parent=882"}],"curies":[{"name":"wp","href":"https:\/\/api.w.org\/{rel}","templated":true}]}}