{"id":89,"date":"2017-07-02T14:57:24","date_gmt":"2017-07-02T14:57:24","guid":{"rendered":"http:\/\/geiger-evolution.ch\/?page_id=89"},"modified":"2021-02-24T20:50:19","modified_gmt":"2021-02-24T20:50:19","slug":"personal-entwicklung","status":"publish","type":"page","link":"https:\/\/geiger-evolution.ch\/index.php\/personal-entwicklung\/","title":{"rendered":"Personalentwicklung"},"content":{"rendered":"\n<figure class=\"wp-block-image\"><img src=\"http:\/\/geiger-evolution.ch\/wp-content\/uploads\/2017\/07\/120c752a8a.jpg\" alt=\"120c752a8a\" class=\"wp-image-186\"\/><\/figure>\n\n\n\n<h3 class=\"has-accent-color has-text-color\">Die effektive, individualisierte Personalentwicklung in jeder Situation<\/h3>\n\n\n\n<p>Individuelle Personalentwicklung auf hohem Niveau \u2013 das verspricht das Unternehmen. Die Tobler Management initiiert gezieltes Coaching, erstellt leistungsf\u00e4hige und innovative Pers\u00f6nlichkeitsanalysen f\u00fcr F\u00fchrungskr\u00e4fteprogramme, Assessment-Center oder ein Einzel-Assessment und unterst\u00fctzt Teambuilding-Prozesse.<\/p>\n\n\n\n<p>So funktioniert die <strong>Personalentwicklung<\/strong> mit profilingvalues: Sie erkl\u00e4ren uns Ihre Anforderungen und Ihre spezifische Situation. Ihre Mitarbeiter f\u00fchren das profilingvalues Verfahren online durch. Danach \u00fcbermitteln wir Ihnen den Ergebnisbericht gem\u00e4\u00df vereinbarten Feedbackprozess. Auf Wunsch beraten wir Sie noch detaillierter, sprechen die Auswertung als Audio-Datei auf ein Mp3-File ein und organisieren eine Ergebniskontrolle f\u00fcr Ihre Personalentwicklungs-Investition.<\/p>\n\n\n\n<p>Falls Sie an weiteren Informationen bez\u00fcglich Personalentwicklung interessiert sind, dann klicken Sie bitte <a href=\"http:\/\/geiger-evolution.ch\/?page_id=30\"> hier:<\/a><\/p>\n","protected":false},"excerpt":{"rendered":"<p>Die effektive, individualisierte Personalentwicklung in jeder Situation Individuelle Personalentwicklung auf hohem Niveau \u2013 das verspricht das Unternehmen. Die Tobler Management initiiert gezieltes Coaching, erstellt leistungsf\u00e4hige und innovative Pers\u00f6nlichkeitsanalysen f\u00fcr F\u00fchrungskr\u00e4fteprogramme, Assessment-Center oder ein Einzel-Assessment und unterst\u00fctzt Teambuilding-Prozesse. So funktioniert die Personalentwicklung mit profilingvalues: Sie erkl\u00e4ren uns Ihre Anforderungen und Ihre spezifische Situation. Ihre Mitarbeiter f\u00fchren [&hellip;]<\/p>\n","protected":false},"author":1,"featured_media":0,"parent":0,"menu_order":0,"comment_status":"closed","ping_status":"closed","template":"","meta":[],"_links":{"self":[{"href":"https:\/\/geiger-evolution.ch\/index.php\/wp-json\/wp\/v2\/pages\/89"}],"collection":[{"href":"https:\/\/geiger-evolution.ch\/index.php\/wp-json\/wp\/v2\/pages"}],"about":[{"href":"https:\/\/geiger-evolution.ch\/index.php\/wp-json\/wp\/v2\/types\/page"}],"author":[{"embeddable":true,"href":"https:\/\/geiger-evolution.ch\/index.php\/wp-json\/wp\/v2\/users\/1"}],"replies":[{"embeddable":true,"href":"https:\/\/geiger-evolution.ch\/index.php\/wp-json\/wp\/v2\/comments?post=89"}],"version-history":[{"count":5,"href":"https:\/\/geiger-evolution.ch\/index.php\/wp-json\/wp\/v2\/pages\/89\/revisions"}],"predecessor-version":[{"id":1536,"href":"https:\/\/geiger-evolution.ch\/index.php\/wp-json\/wp\/v2\/pages\/89\/revisions\/1536"}],"wp:attachment":[{"href":"https:\/\/geiger-evolution.ch\/index.php\/wp-json\/wp\/v2\/media?parent=89"}],"curies":[{"name":"wp","href":"https:\/\/api.w.org\/{rel}","templated":true}]}}