{"id":896,"date":"2017-09-29T10:08:26","date_gmt":"2017-09-29T10:08:26","guid":{"rendered":"http:\/\/geiger-evolution.ch\/?page_id=896"},"modified":"2021-03-06T14:53:34","modified_gmt":"2021-03-06T14:53:34","slug":"partiquliers","status":"publish","type":"page","link":"https:\/\/geiger-evolution.ch\/index.php\/fr\/partiquliers\/","title":{"rendered":"Individus"},"content":{"rendered":"\n<figure class=\"wp-block-image size-large\"><img loading=\"lazy\" width=\"800\" height=\"273\" src=\"http:\/\/geiger-evolution.ch\/wp-content\/uploads\/2017\/07\/21ee789013.jpg\" alt=\"\" class=\"wp-image-1777\" srcset=\"https:\/\/geiger-evolution.ch\/wp-content\/uploads\/2017\/07\/21ee789013.jpg 800w, https:\/\/geiger-evolution.ch\/wp-content\/uploads\/2017\/07\/21ee789013-300x102.jpg 300w\" sizes=\"(max-width: 800px) 100vw, 800px\" \/><\/figure>\n\n\n\n<h2 class=\"has-accent-color has-text-color\">QUAND VOTRE PERSONNALIT\u00c9 A BESOIN D`UN SOUFFLE NOUVEAU<\/h2>\n\n\n\n<p>Mes s\u00e9ances de coaching et de conseil sont toujours confidentielles et ax\u00e9es sur la recherche de solutions&nbsp;; et mon objectif et de vous aider \u00e0 vous aider. Vous apprendrez rapidement \u00e0 tracer votre propre route et \u00e0 ne plus d\u00e9pendre des autres, y compris de moi&nbsp;!<\/p>\n\n\n\n<ul><li>Vous prendrez un nouvel \u00e9lan dans votre processus de changement ou votre r\u00e9orientation<\/li><li>Vous aurez du temps et de la place pour ce qui vous tient \u00e0 c\u0153ur<\/li><li>Vous gagnerez en qualit\u00e9 de vie et en \u00e9nergie et d\u00e9couvrirez de nouvelles perspectives<\/li><li>Lors d&#8217;un premier entretien complet, nous poserons les fondements d&#8217;une collaboration de confiance<\/li><\/ul>\n\n\n\n<div style=\"height:20px\" aria-hidden=\"true\" class=\"wp-block-spacer\"><\/div>\n\n\n\n<p>Nous trouverons ensemble la bonne voie. N&#8217;attendez plus pour&nbsp;<a title=\"CONTACT\/LIENS\" href=\"http:\/\/geiger-evolution.ch\/?page_id=866&amp;lang=fr&amp;preview=true\">prendre contact<\/a> !<\/p>\n","protected":false},"excerpt":{"rendered":"<p>QUAND VOTRE PERSONNALIT\u00c9 A BESOIN D`UN SOUFFLE NOUVEAU Mes s\u00e9ances de coaching et de conseil sont toujours confidentielles et ax\u00e9es sur la recherche de solutions&nbsp;; et mon objectif et de vous aider \u00e0 vous aider. Vous apprendrez rapidement \u00e0 tracer votre propre route et \u00e0 ne plus d\u00e9pendre des autres, y compris de moi&nbsp;! Vous [&hellip;]<\/p>\n","protected":false},"author":1,"featured_media":0,"parent":0,"menu_order":0,"comment_status":"closed","ping_status":"closed","template":"","meta":[],"_links":{"self":[{"href":"https:\/\/geiger-evolution.ch\/index.php\/wp-json\/wp\/v2\/pages\/896"}],"collection":[{"href":"https:\/\/geiger-evolution.ch\/index.php\/wp-json\/wp\/v2\/pages"}],"about":[{"href":"https:\/\/geiger-evolution.ch\/index.php\/wp-json\/wp\/v2\/types\/page"}],"author":[{"embeddable":true,"href":"https:\/\/geiger-evolution.ch\/index.php\/wp-json\/wp\/v2\/users\/1"}],"replies":[{"embeddable":true,"href":"https:\/\/geiger-evolution.ch\/index.php\/wp-json\/wp\/v2\/comments?post=896"}],"version-history":[{"count":5,"href":"https:\/\/geiger-evolution.ch\/index.php\/wp-json\/wp\/v2\/pages\/896\/revisions"}],"predecessor-version":[{"id":1802,"href":"https:\/\/geiger-evolution.ch\/index.php\/wp-json\/wp\/v2\/pages\/896\/revisions\/1802"}],"wp:attachment":[{"href":"https:\/\/geiger-evolution.ch\/index.php\/wp-json\/wp\/v2\/media?parent=896"}],"curies":[{"name":"wp","href":"https:\/\/api.w.org\/{rel}","templated":true}]}}