{"id":908,"date":"2017-09-29T10:17:20","date_gmt":"2017-09-29T10:17:20","guid":{"rendered":"http:\/\/geiger-evolution.ch\/?page_id=908"},"modified":"2021-02-24T22:57:34","modified_gmt":"2021-02-24T22:57:34","slug":"philosophie-valeurs","status":"publish","type":"page","link":"https:\/\/geiger-evolution.ch\/index.php\/fr\/philosophie-valeurs\/","title":{"rendered":"Philosophie \/ Valeurs"},"content":{"rendered":"\n<h2 class=\"has-accent-color has-text-color\">NOS ENGAGEMENTS<\/h2>\n\n\n\n<h3><strong>Philosophie<\/strong><\/h3>\n\n\n\n<p>Pour l&#8217;entreprise comme pour lui-m\u00eame, l&#8217;humain est LA ressource d\u00e9cisive.<\/p>\n\n\n\n<p>Au-del\u00e0 du comportement, l&#8217;\u00e9tat d&#8217;esprit et l&#8217;attitude jettent les bases de son efficacit\u00e9.<\/p>\n\n\n\n<p>L&#8217;\u00e9nergie positive et l&#8217;optimisation des potentiels favorisent la r\u00e9ussite individuelle ou celle de l&#8217;entreprise, mais \u00e9galement la satisfaction dans tous les domaines.<\/p>\n\n\n\n<p>Cette attitude positive et ces potentiels peuvent \u00eatre r\u00e9v\u00e9l\u00e9s et ancr\u00e9s \u00e0 tout \u00e2ge et dans toutes les entreprises&nbsp;!<\/p>\n\n\n\n<p>Consultez \u00e9galement les&nbsp;<a title=\"M\u00c9DIAS\" href=\"http:\/\/www.geiger-evolution.ch\/medien\/\">articles de presse<\/a>&nbsp;\u00e0 ce sujet.<\/p>\n\n\n\n<h3>Mission<\/h3>\n\n\n\n<p>D\u00e9ployer et asseoir les potentiels des individus et de l&#8217;entreprise<\/p>\n\n\n\n<p>Promouvoir une attitude et un \u00e9tat d&#8217;esprit positifs envers soi-m\u00eame et dans la vie<\/p>\n\n\n\n<p>Cr\u00e9er et int\u00e9grer une \u00e9quipe id\u00e9ale (dans les projets, comme partenaire, lors du management)<\/p>\n\n\n\n<p>Renforcer l&#8217;attractivit\u00e9 (rayonnement \/ image de marque)<\/p>\n\n\n\n<p>Centrer et consolider l&#8217;\u00e9tat d&#8217;esprit personnel et la culture d&#8217;entreprise<\/p>\n\n\n\n<p>Encourager une communication et une culture (d&#8217;entreprise) enthousiasmantes et motivantes<\/p>\n\n\n\n<p>Favoriser le d\u00e9veloppement personnel et l&#8217;ind\u00e9pendance<\/p>\n\n\n\n<h3>Messages cl\u00e9s<\/h3>\n\n\n\n<p>Red\u00e9couvrez-vous et prenez conscience de vos capacit\u00e9s r\u00e9elles. Dites OUI au changement<\/p>\n\n\n\n<p>La solution est en vous&nbsp;: r\u00e9veillez votre force cach\u00e9e&nbsp;!<\/p>\n\n\n\n<p>Renforcez votre personnalit\u00e9 et celle de votre entreprise<\/p>\n\n\n\n<p>Apprenez \u00e0 croire en vous et en vos objectifs et \u00e0 les r\u00e9aliser de mani\u00e8re cibl\u00e9e<\/p>\n\n\n\n<p>(que vous soyez \u00e9tudiant, actif, cadre ou chef d&#8217;entreprise, et quel que soit votre \u00e2ge)<\/p>\n\n\n\n<p>Prenons une nouvelle route et faisons le premier pas ensemble&nbsp;!<\/p>\n\n\n\n<h3>Valeurs<\/h3>\n\n\n\n<h4>\u00c9nergie<\/h4>\n\n\n\n<p>Joie de vivre, soif de progr\u00e8s, de d\u00e9veloppement, attitude et pens\u00e9es positives et dynamiques<\/p>\n\n\n\n<p>Attitude positive et sinc\u00e8rement enthousiaste face au changement<\/p>\n\n\n\n<h4>\u00c9volution<\/h4>\n\n\n\n<p>D\u00e9velopper et d\u00e9ployer le r\u00e9sultat le plus beau, le meilleur et le plus brillant possible<\/p>\n\n\n\n<p>Nous croyons en la perfection de la cr\u00e9ation, avec tout ce que la nature a \u00e0 offrir<\/p>\n\n\n\n<h4>Pleine conscience<\/h4>\n\n\n\n<p>Patience et respect de l&#8217;environnement sont d\u00e9cisifs pour garantir qualit\u00e9 et constance<\/p>\n\n\n\n<p>La pleine conscience jette les bases de tout ce que nous souhaitons faire avec les autres \u00eatres vivants<\/p>\n\n\n\n<h4>Vivre ensemble<\/h4>\n\n\n\n<p>Qu&#8217;il s&#8217;agisse de travailler, de penser, d&#8217;organiser, d&#8217;innover, de d\u00e9velopper, de diriger, de communiquer, de faire de l&#8217;alpinisme ou de pratiquer un sport collectif, une \u00e9quipe mont\u00e9e de mani\u00e8re optimale garantit les meilleurs r\u00e9sultats.<\/p>\n\n\n\n<p>La cl\u00e9 est toujours de b\u00e2tir et de traverser des ponts en toute confiance pour atteindre ensemble l&#8217;objectif.<\/p>\n","protected":false},"excerpt":{"rendered":"<p>NOS ENGAGEMENTS Philosophie Pour l&#8217;entreprise comme pour lui-m\u00eame, l&#8217;humain est LA ressource d\u00e9cisive. Au-del\u00e0 du comportement, l&#8217;\u00e9tat d&#8217;esprit et l&#8217;attitude jettent les bases de son efficacit\u00e9. L&#8217;\u00e9nergie positive et l&#8217;optimisation des potentiels favorisent la r\u00e9ussite individuelle ou celle de l&#8217;entreprise, mais \u00e9galement la satisfaction dans tous les domaines. Cette attitude positive et ces potentiels peuvent [&hellip;]<\/p>\n","protected":false},"author":1,"featured_media":0,"parent":0,"menu_order":0,"comment_status":"closed","ping_status":"closed","template":"","meta":[],"_links":{"self":[{"href":"https:\/\/geiger-evolution.ch\/index.php\/wp-json\/wp\/v2\/pages\/908"}],"collection":[{"href":"https:\/\/geiger-evolution.ch\/index.php\/wp-json\/wp\/v2\/pages"}],"about":[{"href":"https:\/\/geiger-evolution.ch\/index.php\/wp-json\/wp\/v2\/types\/page"}],"author":[{"embeddable":true,"href":"https:\/\/geiger-evolution.ch\/index.php\/wp-json\/wp\/v2\/users\/1"}],"replies":[{"embeddable":true,"href":"https:\/\/geiger-evolution.ch\/index.php\/wp-json\/wp\/v2\/comments?post=908"}],"version-history":[{"count":3,"href":"https:\/\/geiger-evolution.ch\/index.php\/wp-json\/wp\/v2\/pages\/908\/revisions"}],"predecessor-version":[{"id":1611,"href":"https:\/\/geiger-evolution.ch\/index.php\/wp-json\/wp\/v2\/pages\/908\/revisions\/1611"}],"wp:attachment":[{"href":"https:\/\/geiger-evolution.ch\/index.php\/wp-json\/wp\/v2\/media?parent=908"}],"curies":[{"name":"wp","href":"https:\/\/api.w.org\/{rel}","templated":true}]}}