{"id":912,"date":"2017-09-29T10:16:49","date_gmt":"2017-09-29T10:16:49","guid":{"rendered":"http:\/\/geiger-evolution.ch\/?page_id=912"},"modified":"2021-03-06T14:38:02","modified_gmt":"2021-03-06T14:38:02","slug":"pause-salutaire","status":"publish","type":"page","link":"https:\/\/geiger-evolution.ch\/index.php\/fr\/pause-salutaire\/","title":{"rendered":"Pause Salutaire"},"content":{"rendered":"\n<figure class=\"wp-block-image size-large\"><img loading=\"lazy\" width=\"800\" height=\"273\" src=\"http:\/\/geiger-evolution.ch\/wp-content\/uploads\/2017\/07\/2f9976cc27.jpg\" alt=\"\" class=\"wp-image-1773\" srcset=\"https:\/\/geiger-evolution.ch\/wp-content\/uploads\/2017\/07\/2f9976cc27.jpg 800w, https:\/\/geiger-evolution.ch\/wp-content\/uploads\/2017\/07\/2f9976cc27-300x102.jpg 300w\" sizes=\"(max-width: 800px) 100vw, 800px\" \/><\/figure>\n\n\n\n<h2 class=\"has-accent-color has-text-color\">COMMENT GAGNER DU TEMPS EN FAISANT UNE PAUSE SALUTAIRE<\/h2>\n\n\n\n<p><strong>Aujourd&#8217;hui, tout va tr\u00e8s vite. Chaque seconde compte, car le temps, c&#8217;est de l&#8217;argent.<\/strong><\/p>\n\n\n\n<p>Quel dommage que dans la fr\u00e9n\u00e9sie du court terme, les grandes id\u00e9es qui r\u00e9volutionneraient l&#8217;entreprise \u00e0 long terme nous \u00e9chappent&nbsp;!<\/p>\n\n\n\n<p><strong>Cela est vrai pour les particuliers comme pour les entreprises.<\/strong><\/p>\n\n\n\n<p>Vos performances, votre efficacit\u00e9, votre rayonnement et votre force d&#8217;innovation en p\u00e2tissent, ce qui nuit \u00e0 votre r\u00e9ussite actuelle et future&nbsp;!<\/p>\n\n\n\n<p><strong>Octroyez-vous une pause salutaire avec GEIGER EVOLUTION&nbsp;:<\/strong><\/p>\n\n\n\n<ul><li>Prenez le temps de la r\u00e9flexion, en tant qu&#8217;individu ou entreprise<\/li><li>Offrez-vous le temps de r\u00e9fl\u00e9chir \u00e0 votre philosophie de vie ou d&#8217;entreprise, \u00e0 votre strat\u00e9gie et \u00e0 vos objectifs<\/li><li>Prenez de la distance et demandez-vous si les objectifs atteints et la r\u00e9alit\u00e9 actuelle correspondent \u00e0 vos aspirations<\/li><li>Utilisez les r\u00e9ponses pour recharger vos batteries<\/li><li>\u0152uvrez pour la compr\u00e9hension mutuelle au sein de votre entreprise et de votre cercle familial<\/li><li>Prenez un nouveau d\u00e9part sur la voie du succ\u00e8s&nbsp;!<\/li><\/ul>\n\n\n\n<p>Rechargez vos batteries et organisons ensemble une&nbsp;<a title=\"CONTACT\/LIENS\" href=\"http:\/\/geiger-evolution.ch\/?page_id=866&amp;lang=fr&amp;preview=true\">pause salutaire<\/a>&nbsp;!<\/p>\n","protected":false},"excerpt":{"rendered":"<p>COMMENT GAGNER DU TEMPS EN FAISANT UNE PAUSE SALUTAIRE Aujourd&#8217;hui, tout va tr\u00e8s vite. Chaque seconde compte, car le temps, c&#8217;est de l&#8217;argent. Quel dommage que dans la fr\u00e9n\u00e9sie du court terme, les grandes id\u00e9es qui r\u00e9volutionneraient l&#8217;entreprise \u00e0 long terme nous \u00e9chappent&nbsp;! Cela est vrai pour les particuliers comme pour les entreprises. Vos performances, [&hellip;]<\/p>\n","protected":false},"author":1,"featured_media":0,"parent":0,"menu_order":0,"comment_status":"closed","ping_status":"closed","template":"","meta":[],"_links":{"self":[{"href":"https:\/\/geiger-evolution.ch\/index.php\/wp-json\/wp\/v2\/pages\/912"}],"collection":[{"href":"https:\/\/geiger-evolution.ch\/index.php\/wp-json\/wp\/v2\/pages"}],"about":[{"href":"https:\/\/geiger-evolution.ch\/index.php\/wp-json\/wp\/v2\/types\/page"}],"author":[{"embeddable":true,"href":"https:\/\/geiger-evolution.ch\/index.php\/wp-json\/wp\/v2\/users\/1"}],"replies":[{"embeddable":true,"href":"https:\/\/geiger-evolution.ch\/index.php\/wp-json\/wp\/v2\/comments?post=912"}],"version-history":[{"count":3,"href":"https:\/\/geiger-evolution.ch\/index.php\/wp-json\/wp\/v2\/pages\/912\/revisions"}],"predecessor-version":[{"id":1790,"href":"https:\/\/geiger-evolution.ch\/index.php\/wp-json\/wp\/v2\/pages\/912\/revisions\/1790"}],"wp:attachment":[{"href":"https:\/\/geiger-evolution.ch\/index.php\/wp-json\/wp\/v2\/media?parent=912"}],"curies":[{"name":"wp","href":"https:\/\/api.w.org\/{rel}","templated":true}]}}