{"id":917,"date":"2017-09-29T10:05:54","date_gmt":"2017-09-29T10:05:54","guid":{"rendered":"http:\/\/geiger-evolution.ch\/?page_id=917"},"modified":"2021-03-06T14:35:20","modified_gmt":"2021-03-06T14:35:20","slug":"jeu-de-puissance","status":"publish","type":"page","link":"https:\/\/geiger-evolution.ch\/index.php\/fr\/jeu-de-puissance\/","title":{"rendered":"Jeu de puissance"},"content":{"rendered":"\n<figure class=\"wp-block-image size-large\"><img loading=\"lazy\" width=\"800\" height=\"273\" src=\"http:\/\/geiger-evolution.ch\/wp-content\/uploads\/2017\/07\/2f9976cc27.jpg\" alt=\"\" class=\"wp-image-1773\" srcset=\"https:\/\/geiger-evolution.ch\/wp-content\/uploads\/2017\/07\/2f9976cc27.jpg 800w, https:\/\/geiger-evolution.ch\/wp-content\/uploads\/2017\/07\/2f9976cc27-300x102.jpg 300w\" sizes=\"(max-width: 800px) 100vw, 800px\" \/><\/figure>\n\n\n\n<h2 class=\"has-accent-color has-text-color\">MOBILISEZ VOTRE ENTREPRISE!<\/h2>\n\n\n\n<h3><strong>Faites de vos employ\u00e9s des partenaires!<\/strong><\/h3>\n\n\n\n<p>L&#8217;\u00e9tat d&#8217;esprit entrepreneurial est \u00e0 encourager dans toute entreprise.<\/p>\n\n\n\n<p>Faites de nouvelles exp\u00e9riences et nouez des contacts de mani\u00e8re originale! D\u00e9couvrez un outil de motivation simple, rapide et extr\u00eamement efficace!<\/p>\n\n\n\n<p>D\u00e9sormais disponible via une nouvelle application mobile interactive de management&nbsp;!<\/p>\n\n\n\n<p>L&#8217;outil de simulation d&#8217;entreprise PRO4S MEMO mobilise les individus et rend accessible l&#8217;\u00e9tat d&#8217;esprit entrepreneurial, stimule l&#8217;\u00e9change d&#8217;id\u00e9es et favorise le travail en \u00e9quipe. Il encourage \u00e9galement les partenaires \u00e0 se montrer motiv\u00e9s et responsables, ce qui contribue \u00e0 am\u00e9liorer de mani\u00e8re tangible le niveau de prestations et la qualit\u00e9!<\/p>\n\n\n\n<p>Apr\u00e8s une introduction sur les fondements commerciaux et la structure du jeu, vous d\u00e9couvrirez l&#8217;\u00e9tat d&#8217;esprit entrepreneurial et pourrez \u00e9changer vos exp\u00e9riences et vos connaissances. Par \u00e9quipes de deux, lancez les d\u00e9s, jouez et d\u00e9battez autour d&#8217;une table \u00e0 propos des objectifs, des transactions, des probl\u00e8mes et surtout des solutions. Vous reconna\u00eetrez rapidement les champs d&#8217;action et les possibilit\u00e9s d&#8217;am\u00e9lioration dans votre propre entreprise, ainsi que d&#8217;autres options pour vous, vos clients et vos fournisseurs.<\/p>\n\n\n\n<p><strong>Quel est l&#8217;int\u00e9r\u00eat pour votre entreprise ?<\/strong><\/p>\n\n\n\n<ul><li>Un \u00e9tat d&#8217;esprit plus entrepreneurial de la part des cadres dirigeants et des employ\u00e9s contribue \u00e0 am\u00e9liorer la qualit\u00e9 de vos services et l&#8217;attention port\u00e9e aux clients<\/li><li>Une meilleure compr\u00e9hension des objectifs de l&#8217;\u00e9quipe et de l&#8217;entreprise et la capacit\u00e9 \u00e0 les atteindre plus rapidement par vos propres moyens augmente votre chiffre d&#8217;affaires<\/li><li>Le renforcement de la motivation, de l&#8217;encadrement, de la collaboration et de la communication engendre efficacit\u00e9 et efficience dans vos proc\u00e9dures = meilleurs r\u00e9sultats et marges plus \u00e9lev\u00e9es<\/li><li>La cr\u00e9ation d&#8217;un langage et d&#8217;une philosophie partag\u00e9s par tous, des apprentis \u00e0 la g\u00e9rance en passant par les employ\u00e9s, les cadres et les clients, favorise la compr\u00e9hension mutuelle et la transparence<\/li><\/ul>\n\n\n\n<p><\/p>\n\n\n\n<p><strong>Qu&#8217;est-ce qui rend l&#8217;approche ludique si efficace?<\/strong><\/p>\n\n\n\n<ul><li>Le jeu est une mani\u00e8re naturelle d&#8217;apprendre \u00e0 r\u00e9ellement se comprendre<\/li><li>Le jeu simplifie les rapports complexes, aide \u00e0 visualiser les faits et \u00e0 structurer les objectifs. Les questions sont alors trait\u00e9es lors d&#8217;un contact direct<\/li><li>Il permet une interaction vivante et didactique entre les cadres dirigeants, les employ\u00e9s et les clients ou fournisseurs<\/li><li><a title=\"https:\/\/pro4s.adobeconnect.com\/_a54343444\/p60097920\/\" href=\"https:\/\/pro4s.adobeconnect.com\/_a54343444\/p60097920\/\" target=\"_blank\" rel=\"noopener\">Regardez et \u00e9coutez<\/a> les t\u00e9moignages sur le jeu d&#8217;entreprise PRO4S MEMO.<\/li><\/ul>\n\n\n\n<p>Motivez et mobilisez votre entreprise, vos employ\u00e9s, vos clients et vos fournisseurs d&#8217;une mani\u00e8re in\u00e9dite!<\/p>\n\n\n\n<p>Vous souhaitez en savoir plus ? Envoyez-nous une <a title=\"CONTACT\/LIENS\" href=\"http:\/\/geiger-evolution.ch\/?page_id=866&amp;lang=fr&amp;preview=true\">demande<\/a> !<\/p>\n\n\n\n<p>Pour plus d&#8217;informations, consultez la page&nbsp;<a title=\"http:\/\/www.pro4smemo.com\/\" href=\"http:\/\/www.pro4smemo.com\/\" target=\"_blank\" rel=\"noopener\">http:\/\/www.pro4smemo.com\/<\/a><\/p>\n\n\n\n<blockquote class=\"wp-block-quote\"><p><span style=\"font-family: arial,helvetica,sans-serif; font-size: 14pt;\">Si tu veux construire un bateau, ne rassemble pas tes hommes et femmes pour leur donner des ordres, pour expliquer chaque d\u00e9tail, pour leur dire o\u00f9 trouver chaque chose\u2026 Si tu veux construire un bateau, fais na\u00eetre dans le c\u0153ur de tes hommes et femmes le d\u00e9sir de la mer.&nbsp;&nbsp; <\/span><\/p><cite><em>Antoine de Saint-Exup\u00e9ry<\/em><\/cite><\/blockquote>\n","protected":false},"excerpt":{"rendered":"<p>MOBILISEZ VOTRE ENTREPRISE! Faites de vos employ\u00e9s des partenaires! L&#8217;\u00e9tat d&#8217;esprit entrepreneurial est \u00e0 encourager dans toute entreprise. Faites de nouvelles exp\u00e9riences et nouez des contacts de mani\u00e8re originale! D\u00e9couvrez un outil de motivation simple, rapide et extr\u00eamement efficace! D\u00e9sormais disponible via une nouvelle application mobile interactive de management&nbsp;! L&#8217;outil de simulation d&#8217;entreprise PRO4S MEMO [&hellip;]<\/p>\n","protected":false},"author":1,"featured_media":0,"parent":0,"menu_order":0,"comment_status":"closed","ping_status":"closed","template":"","meta":[],"_links":{"self":[{"href":"https:\/\/geiger-evolution.ch\/index.php\/wp-json\/wp\/v2\/pages\/917"}],"collection":[{"href":"https:\/\/geiger-evolution.ch\/index.php\/wp-json\/wp\/v2\/pages"}],"about":[{"href":"https:\/\/geiger-evolution.ch\/index.php\/wp-json\/wp\/v2\/types\/page"}],"author":[{"embeddable":true,"href":"https:\/\/geiger-evolution.ch\/index.php\/wp-json\/wp\/v2\/users\/1"}],"replies":[{"embeddable":true,"href":"https:\/\/geiger-evolution.ch\/index.php\/wp-json\/wp\/v2\/comments?post=917"}],"version-history":[{"count":4,"href":"https:\/\/geiger-evolution.ch\/index.php\/wp-json\/wp\/v2\/pages\/917\/revisions"}],"predecessor-version":[{"id":1788,"href":"https:\/\/geiger-evolution.ch\/index.php\/wp-json\/wp\/v2\/pages\/917\/revisions\/1788"}],"wp:attachment":[{"href":"https:\/\/geiger-evolution.ch\/index.php\/wp-json\/wp\/v2\/media?parent=917"}],"curies":[{"name":"wp","href":"https:\/\/api.w.org\/{rel}","templated":true}]}}