{"id":921,"date":"2017-09-29T10:10:56","date_gmt":"2017-09-29T10:10:56","guid":{"rendered":"http:\/\/geiger-evolution.ch\/?page_id=921"},"modified":"2017-09-29T10:10:56","modified_gmt":"2017-09-29T10:10:56","slug":"valeurs-cultures","status":"publish","type":"page","link":"https:\/\/geiger-evolution.ch\/index.php\/fr\/valeurs-cultures\/","title":{"rendered":"Valeurs \/ Cultures"},"content":{"rendered":"<p><img src=\"https:\/\/image.jimcdn.com\/app\/cms\/image\/transf\/dimension=629x10000:format=jpg\/path\/se5aedbc4e853d32c\/image\/ice400934cd73e0db\/version\/1463489810\/image.jpg\" \/><\/p>\n<h2><span style=\"color: #99cc00; font-family: arial,helvetica,sans-serif;\">\u00caTES-VOUS UN ENTREPRENEUR &#8222;\u00c9THIQUE&#8220;?\u00a0<\/span><\/h2>\n<p><span style=\"font-family: arial,helvetica,sans-serif; font-size: 14pt;\"><strong>Quelle est la personnalit\u00e9 de votre entreprise\u00a0?<br \/>\n<\/strong><\/span><span style=\"font-family: arial,helvetica,sans-serif; font-size: 14pt;\"><strong>Quelle culture d&#8217;entreprise mettez-vous en avant\u00a0?<br \/>\n<\/strong><\/span><span style=\"font-family: arial,helvetica,sans-serif; font-size: 14pt;\"><strong>Quelle image et quel impact souhaitez-vous diffuser\u00a0?<br \/>\n<\/strong><\/span><span style=\"font-family: arial,helvetica,sans-serif; font-size: 14pt;\"><strong>Quels clients votre entreprise cible-t-elle\u00a0?<\/strong><\/span><\/p>\n<p><span style=\"font-family: arial,helvetica,sans-serif; font-size: 14pt;\">La gestion d&#8217;une entreprise, de par ses m\u00e9thodes de travail et son comportement, d\u00e9termine la culture de toute l&#8217;entreprise.<\/span><\/p>\n<p><span style=\"font-family: arial,helvetica,sans-serif; font-size: 14pt;\">&gt; Consultez \u00e9galement les articles de presse \u00e0 ce sujet\u00a0!<\/span><\/p>\n<p><span style=\"font-family: arial,helvetica,sans-serif; font-size: 14pt;\"><strong>Percevez-vous une n\u00e9cessit\u00e9 d&#8217;agir pour vous ou votre environnement\u00a0?<\/strong><\/span><\/p>\n<p><span style=\"font-family: arial,helvetica,sans-serif; font-size: 14pt;\">C&#8217;est avec plaisir que nous vous proposerons de pr\u00e9cieux stimulants et que nous vous accompagnerons sur la voie d&#8217;une culture d&#8217;entreprise sous le signe de la motivation et du succ\u00e8s\u00a0!<\/span><\/p>\n<p><span style=\"font-family: arial,helvetica,sans-serif; font-size: 14pt;\">Les \u00e9l\u00e9ments et valeurs suivants sont particuli\u00e8rement importants\u00a0:<\/span><\/p>\n<ul>\n<li><span style=\"font-family: arial,helvetica,sans-serif; font-size: 14pt;\">Encadrement mod\u00e8le, avec passion et conviction<\/span><\/li>\n<li><span style=\"font-family: arial,helvetica,sans-serif; font-size: 14pt;\">Entrepreneuriat vivant, tangible et compr\u00e9hensible<\/span><\/li>\n<li><span style=\"font-family: arial,helvetica,sans-serif; font-size: 14pt;\">Communication ouverte et sinc\u00e8re en interne comme en externe<\/span><\/li>\n<li><span style=\"font-family: arial,helvetica,sans-serif; font-size: 14pt;\">Pleine conscience et prise en compte de l&#8217;autre<\/span><\/li>\n<li><span style=\"font-family: arial,helvetica,sans-serif; font-size: 14pt;\">Clart\u00e9 de la philosophie, de la mission, des objectifs et des mesures<\/span><\/li>\n<li><span style=\"font-family: arial,helvetica,sans-serif; font-size: 14pt;\">R\u00e9flexion et action du management \u00e0 moyen et \u00e0 long terme<\/span><\/li>\n<li><span style=\"font-family: arial,helvetica,sans-serif; font-size: 14pt;\">Partenariat avec toutes les parties prenantes<\/span><\/li>\n<li><span style=\"font-family: arial,helvetica,sans-serif; font-size: 14pt;\">Passion et conviction dans toutes les actions entreprises<\/span><\/li>\n<li><span style=\"font-family: arial,helvetica,sans-serif; font-size: 14pt;\">Engagement pour soi et son entourage<\/span><\/li>\n<\/ul>\n<p><span style=\"font-family: arial,helvetica,sans-serif; font-size: 14pt;\"><a title=\"CONTACT\/LIENS\" href=\"http:\/\/geiger-evolution.ch\/?page_id=866&amp;lang=fr&amp;preview=true\">Ensemble<\/a>, nous pouvons lib\u00e9rer votre potentiel\u00a0!<\/span><\/p>\n","protected":false},"excerpt":{"rendered":"<p>\u00caTES-VOUS UN ENTREPRENEUR &#8222;\u00c9THIQUE&#8220;?\u00a0 Quelle est la personnalit\u00e9 de votre entreprise\u00a0? Quelle culture d&#8217;entreprise mettez-vous en avant\u00a0? Quelle image et quel impact souhaitez-vous diffuser\u00a0? Quels clients votre entreprise cible-t-elle\u00a0? La gestion d&#8217;une entreprise, de par ses m\u00e9thodes de travail et son comportement, d\u00e9termine la culture de toute l&#8217;entreprise. &gt; Consultez \u00e9galement les articles de presse [&hellip;]<\/p>\n","protected":false},"author":1,"featured_media":0,"parent":0,"menu_order":0,"comment_status":"closed","ping_status":"closed","template":"","meta":[],"_links":{"self":[{"href":"https:\/\/geiger-evolution.ch\/index.php\/wp-json\/wp\/v2\/pages\/921"}],"collection":[{"href":"https:\/\/geiger-evolution.ch\/index.php\/wp-json\/wp\/v2\/pages"}],"about":[{"href":"https:\/\/geiger-evolution.ch\/index.php\/wp-json\/wp\/v2\/types\/page"}],"author":[{"embeddable":true,"href":"https:\/\/geiger-evolution.ch\/index.php\/wp-json\/wp\/v2\/users\/1"}],"replies":[{"embeddable":true,"href":"https:\/\/geiger-evolution.ch\/index.php\/wp-json\/wp\/v2\/comments?post=921"}],"version-history":[{"count":2,"href":"https:\/\/geiger-evolution.ch\/index.php\/wp-json\/wp\/v2\/pages\/921\/revisions"}],"predecessor-version":[{"id":1040,"href":"https:\/\/geiger-evolution.ch\/index.php\/wp-json\/wp\/v2\/pages\/921\/revisions\/1040"}],"wp:attachment":[{"href":"https:\/\/geiger-evolution.ch\/index.php\/wp-json\/wp\/v2\/media?parent=921"}],"curies":[{"name":"wp","href":"https:\/\/api.w.org\/{rel}","templated":true}]}}