{"id":930,"date":"2017-09-29T10:20:08","date_gmt":"2017-09-29T10:20:08","guid":{"rendered":"http:\/\/geiger-evolution.ch\/?page_id=930"},"modified":"2021-03-06T14:44:37","modified_gmt":"2021-03-06T14:44:37","slug":"stimulations","status":"publish","type":"page","link":"https:\/\/geiger-evolution.ch\/index.php\/fr\/stimulations\/","title":{"rendered":"Stimulations"},"content":{"rendered":"\n<figure class=\"wp-block-image size-large\"><img loading=\"lazy\" width=\"800\" height=\"273\" src=\"http:\/\/geiger-evolution.ch\/wp-content\/uploads\/2017\/07\/2f9976cc27.jpg\" alt=\"\" class=\"wp-image-1773\" srcset=\"https:\/\/geiger-evolution.ch\/wp-content\/uploads\/2017\/07\/2f9976cc27.jpg 800w, https:\/\/geiger-evolution.ch\/wp-content\/uploads\/2017\/07\/2f9976cc27-300x102.jpg 300w\" sizes=\"(max-width: 800px) 100vw, 800px\" \/><\/figure>\n\n\n\n<h2 class=\"has-accent-color has-text-color\">LE COMMENCEMENT EST LA MOITI\u00c9 DU TOUT&nbsp;<\/h2>\n\n\n\n<p>Toutes les entreprises fonctionnent. Certaines mieux que d&#8217;autres.<\/p>\n\n\n\n<p>Qu&#8217;est-ce qui fait la diff\u00e9rence&nbsp;? Un encadrement dynamique, passionn\u00e9 et engag\u00e9, plein de caract\u00e8re&nbsp;!<\/p>\n\n\n\n<p>Avez-vous not\u00e9 quelques-uns des sympt\u00f4mes ou probl\u00e8mes suivants ces derniers mois&nbsp;?<\/p>\n\n\n\n<ul><li>La nouvelle strat\u00e9gie n&#8217;est pas appliqu\u00e9e correctement&nbsp;?<\/li><li>Vos employ\u00e9s ne comprennent pas votre philosophie, vos objectifs et votre engagement&nbsp;?<\/li><li>Il est difficile de trouver de nouvelles id\u00e9es et des innovations au sein de votre entreprise&nbsp;?<\/li><\/ul>\n\n\n\n<p><strong>Mobilisez votre entreprise&nbsp;!<\/strong><\/p>\n\n\n\n<h2 class=\"has-accent-color has-text-color\">Stimuler son entreprise<\/h2>\n\n\n\n<ul><li>Des s\u00e9minaires et ateliers ax\u00e9s sur l&#8217;encadrement<\/li><li>Expos\u00e9s stimulants<\/li><li>R\u00e9flexion \/ Contr\u00f4le \/ Analyses \/ Contr\u00f4le des strat\u00e9gies<\/li><li>(Re)d\u00e9veloppement de la philosophie et de la strat\u00e9gie<\/li><li>Planning de changement et accompagnement<\/li><li>Assistance \u00e0 la communication<\/li><\/ul>\n\n\n\n<div style=\"height:20px\" aria-hidden=\"true\" class=\"wp-block-spacer\"><\/div>\n\n\n\n<p><strong>Avantages pour vous&nbsp;:<\/strong><\/p>\n\n\n\n<ul><li>Renforcement de l&#8217;attractivit\u00e9 en tant qu&#8217;employeur et du rayonnement de l&#8217;entreprise<\/li><li>Renforcement durable de la qualit\u00e9, de la productivit\u00e9 et de la collaboration<\/li><li>Rentabilit\u00e9 et par l\u00e0-m\u00eame augmentation de la valeur de l&#8217;entreprise<\/li><li>Enrichissement de la culture d&#8217;entreprise avec des employ\u00e9s motiv\u00e9s<\/li><\/ul>\n\n\n\n<p>Soyez un mod\u00e8le de gestion d&#8217;entreprise&nbsp;! Mettez-y du c\u0153ur et de la passion et stimulez vos employ\u00e9s&nbsp;!<\/p>\n\n\n\n<p>Nous vous soutiendrons avec plaisir. Envoyez-nous votre&nbsp;<a title=\"CONTACT\/LIENS\" href=\"http:\/\/geiger-evolution.ch\/?page_id=866&amp;lang=fr&amp;preview=true\">demande<\/a>&nbsp;!<\/p>\n","protected":false},"excerpt":{"rendered":"<p>LE COMMENCEMENT EST LA MOITI\u00c9 DU TOUT&nbsp; Toutes les entreprises fonctionnent. Certaines mieux que d&#8217;autres. Qu&#8217;est-ce qui fait la diff\u00e9rence&nbsp;? Un encadrement dynamique, passionn\u00e9 et engag\u00e9, plein de caract\u00e8re&nbsp;! Avez-vous not\u00e9 quelques-uns des sympt\u00f4mes ou probl\u00e8mes suivants ces derniers mois&nbsp;? La nouvelle strat\u00e9gie n&#8217;est pas appliqu\u00e9e correctement&nbsp;? Vos employ\u00e9s ne comprennent pas votre philosophie, vos [&hellip;]<\/p>\n","protected":false},"author":1,"featured_media":0,"parent":0,"menu_order":0,"comment_status":"closed","ping_status":"closed","template":"","meta":[],"_links":{"self":[{"href":"https:\/\/geiger-evolution.ch\/index.php\/wp-json\/wp\/v2\/pages\/930"}],"collection":[{"href":"https:\/\/geiger-evolution.ch\/index.php\/wp-json\/wp\/v2\/pages"}],"about":[{"href":"https:\/\/geiger-evolution.ch\/index.php\/wp-json\/wp\/v2\/types\/page"}],"author":[{"embeddable":true,"href":"https:\/\/geiger-evolution.ch\/index.php\/wp-json\/wp\/v2\/users\/1"}],"replies":[{"embeddable":true,"href":"https:\/\/geiger-evolution.ch\/index.php\/wp-json\/wp\/v2\/comments?post=930"}],"version-history":[{"count":4,"href":"https:\/\/geiger-evolution.ch\/index.php\/wp-json\/wp\/v2\/pages\/930\/revisions"}],"predecessor-version":[{"id":1795,"href":"https:\/\/geiger-evolution.ch\/index.php\/wp-json\/wp\/v2\/pages\/930\/revisions\/1795"}],"wp:attachment":[{"href":"https:\/\/geiger-evolution.ch\/index.php\/wp-json\/wp\/v2\/media?parent=930"}],"curies":[{"name":"wp","href":"https:\/\/api.w.org\/{rel}","templated":true}]}}