{"id":935,"date":"2017-09-29T10:06:35","date_gmt":"2017-09-29T10:06:35","guid":{"rendered":"http:\/\/geiger-evolution.ch\/?page_id=935"},"modified":"2017-09-29T10:06:35","modified_gmt":"2017-09-29T10:06:35","slug":"offre","status":"publish","type":"page","link":"https:\/\/geiger-evolution.ch\/index.php\/fr\/offre\/","title":{"rendered":"Offre"},"content":{"rendered":"<p><img src=\"https:\/\/image.jimcdn.com\/app\/cms\/image\/transf\/dimension=629x10000:format=jpg\/path\/se5aedbc4e853d32c\/image\/i9500211df45ed7d2\/version\/1463487687\/image.jpg\" \/><\/p>\n<h2><span style=\"color: #99cc00;\"><span style=\"font-family: arial,helvetica,sans-serif;\">NOS POINT FORTS<\/span><\/span><\/h2>\n<p><img src=\"https:\/\/image.jimcdn.com\/app\/cms\/image\/transf\/dimension=566x10000:format=png\/path\/se5aedbc4e853d32c\/image\/iac6c90a159746120\/version\/1465321504\/image.png\" \/><\/p>\n<p><span style=\"font-family: arial,helvetica,sans-serif; font-size: 14pt;\"><strong>Keep it smart and simple<\/strong><\/span><\/p>\n<ul>\n<li><span style=\"font-family: arial,helvetica,sans-serif; font-size: 14pt;\">Encadrement \/ leadership \/ mod\u00e8le<\/span><\/li>\n<li><span style=\"font-family: arial,helvetica,sans-serif; font-size: 14pt;\">Entrepreneuriat efficace et \u00e0 forte valeur ajout\u00e9e<\/span><\/li>\n<li><span style=\"font-family: arial,helvetica,sans-serif; font-size: 14pt;\">Qualit\u00e9 et satisfaction du client mesurables\u00a0<\/span><\/li>\n<li><span style=\"font-family: arial,helvetica,sans-serif; font-size: 14pt;\">Philosophie, strat\u00e9gie, objectifs et mesures pour un avenir attrayant<\/span><\/li>\n<li><span style=\"font-family: arial,helvetica,sans-serif; font-size: 14pt;\">Outils de management simples li\u00e9s \u00e0 des \u00ab\u00a0facteurs durs et facteurs mous\u00a0\u00bb<\/span><\/li>\n<li><span style=\"font-family: arial,helvetica,sans-serif; font-size: 14pt;\">Communication claire, authentique et coh\u00e9rente en interne comme en externe<\/span><\/li>\n<li><span style=\"font-family: arial,helvetica,sans-serif; font-size: 14pt;\">Gestion du temps et de soi-m\u00eame \/ \u00e9quilibre de vie<\/span><\/li>\n<li><span style=\"font-family: arial,helvetica,sans-serif; font-size: 14pt;\">R\u00e9flexion et am\u00e9lioration continues<\/span><\/li>\n<\/ul>\n","protected":false},"excerpt":{"rendered":"<p>NOS POINT FORTS Keep it smart and simple Encadrement \/ leadership \/ mod\u00e8le Entrepreneuriat efficace et \u00e0 forte valeur ajout\u00e9e Qualit\u00e9 et satisfaction du client mesurables\u00a0 Philosophie, strat\u00e9gie, objectifs et mesures pour un avenir attrayant Outils de management simples li\u00e9s \u00e0 des \u00ab\u00a0facteurs durs et facteurs mous\u00a0\u00bb Communication claire, authentique et coh\u00e9rente en interne comme [&hellip;]<\/p>\n","protected":false},"author":1,"featured_media":0,"parent":0,"menu_order":20,"comment_status":"closed","ping_status":"closed","template":"","meta":[],"_links":{"self":[{"href":"https:\/\/geiger-evolution.ch\/index.php\/wp-json\/wp\/v2\/pages\/935"}],"collection":[{"href":"https:\/\/geiger-evolution.ch\/index.php\/wp-json\/wp\/v2\/pages"}],"about":[{"href":"https:\/\/geiger-evolution.ch\/index.php\/wp-json\/wp\/v2\/types\/page"}],"author":[{"embeddable":true,"href":"https:\/\/geiger-evolution.ch\/index.php\/wp-json\/wp\/v2\/users\/1"}],"replies":[{"embeddable":true,"href":"https:\/\/geiger-evolution.ch\/index.php\/wp-json\/wp\/v2\/comments?post=935"}],"version-history":[{"count":2,"href":"https:\/\/geiger-evolution.ch\/index.php\/wp-json\/wp\/v2\/pages\/935\/revisions"}],"predecessor-version":[{"id":1036,"href":"https:\/\/geiger-evolution.ch\/index.php\/wp-json\/wp\/v2\/pages\/935\/revisions\/1036"}],"wp:attachment":[{"href":"https:\/\/geiger-evolution.ch\/index.php\/wp-json\/wp\/v2\/media?parent=935"}],"curies":[{"name":"wp","href":"https:\/\/api.w.org\/{rel}","templated":true}]}}