{"id":939,"date":"2017-09-29T10:15:17","date_gmt":"2017-09-29T10:15:17","guid":{"rendered":"http:\/\/geiger-evolution.ch\/?page_id=939"},"modified":"2021-03-06T14:28:25","modified_gmt":"2021-03-06T14:28:25","slug":"offre-2","status":"publish","type":"page","link":"https:\/\/geiger-evolution.ch\/index.php\/fr\/offre-2\/","title":{"rendered":"Offre"},"content":{"rendered":"\n<figure class=\"wp-block-image size-large\"><img loading=\"lazy\" width=\"800\" height=\"273\" src=\"http:\/\/geiger-evolution.ch\/wp-content\/uploads\/2017\/07\/2f9976cc27.jpg\" alt=\"\" class=\"wp-image-1773\" srcset=\"https:\/\/geiger-evolution.ch\/wp-content\/uploads\/2017\/07\/2f9976cc27.jpg 800w, https:\/\/geiger-evolution.ch\/wp-content\/uploads\/2017\/07\/2f9976cc27-300x102.jpg 300w\" sizes=\"(max-width: 800px) 100vw, 800px\" \/><\/figure>\n\n\n\n<h2 class=\"has-accent-color has-text-color\">DONNEZ-VOUS L&#8217;\u00c9lAN N\u00c9CESSAIRE!<\/h2>\n\n\n\n<p><strong>Conseils personnalis\u00e9s \/ coaching \/ aide \u00e0 la r\u00e9flexion pour adultes et adolescents<\/strong><\/p>\n\n\n\n<p>Il est toujours difficile de parcourir le chemin seul. Accompagn\u00e9, on peut d\u00e9placer des montagnes&nbsp;!<\/p>\n\n\n\n<p>Un coup de pouce ext\u00e9rieur peut vous aider \u00e0 sortir des sentiers battus et \u00e0 vous ouvrir \u00e0 de nouvelles pens\u00e9es, id\u00e9es et perspectives.<\/p>\n\n\n\n<p><strong>Contactez GEIGER EVOLUTION si vous devez prendre une d\u00e9cision importante concernant&nbsp;:<\/strong><\/p>\n\n\n\n<ul><li>Une d\u00e9mission, un changement de poste<\/li><li>Un accompagnement en cas de reclassement ou de reconversion<\/li><li>Une recherche d&#8217;emploi ou d&#8217;apprentissage<\/li><li>Une candidature<\/li><li>Des d\u00e9fis personnels<\/li><li>Une r\u00e9orientation<\/li><li>Nos m\u00e9thodes de travail confidentielles et ax\u00e9es sur la recherche de solutions vous soutiennent dans les tournants de votre vie priv\u00e9e et professionnelle.<\/li><\/ul>\n\n\n\n<blockquote class=\"wp-block-quote\"><p><span style=\"font-family: arial,helvetica,sans-serif; font-size: 14pt;\"><em>\u00ab\u00a0M\u00eame le plus long des voyages commence par un premier pas\u00a0\u00bb<\/em><\/span><\/p><cite><em>Lao Tseu<\/em><\/cite><\/blockquote>\n\n\n\n<p><span style=\"font-family: arial,helvetica,sans-serif; font-size: 14pt;\"><a title=\"CONTACT\/LIENS\" href=\"http:\/\/geiger-evolution.ch\/?page_id=866&amp;lang=fr&amp;preview=true\">Saisissez votre chance<\/a>, faisons ensemble les premiers pas de votre nouvelle vie&nbsp;!<\/span><\/p>\n","protected":false},"excerpt":{"rendered":"<p>DONNEZ-VOUS L&#8217;\u00c9lAN N\u00c9CESSAIRE! Conseils personnalis\u00e9s \/ coaching \/ aide \u00e0 la r\u00e9flexion pour adultes et adolescents Il est toujours difficile de parcourir le chemin seul. Accompagn\u00e9, on peut d\u00e9placer des montagnes&nbsp;! Un coup de pouce ext\u00e9rieur peut vous aider \u00e0 sortir des sentiers battus et \u00e0 vous ouvrir \u00e0 de nouvelles pens\u00e9es, id\u00e9es et perspectives. [&hellip;]<\/p>\n","protected":false},"author":1,"featured_media":0,"parent":0,"menu_order":0,"comment_status":"closed","ping_status":"closed","template":"","meta":[],"_links":{"self":[{"href":"https:\/\/geiger-evolution.ch\/index.php\/wp-json\/wp\/v2\/pages\/939"}],"collection":[{"href":"https:\/\/geiger-evolution.ch\/index.php\/wp-json\/wp\/v2\/pages"}],"about":[{"href":"https:\/\/geiger-evolution.ch\/index.php\/wp-json\/wp\/v2\/types\/page"}],"author":[{"embeddable":true,"href":"https:\/\/geiger-evolution.ch\/index.php\/wp-json\/wp\/v2\/users\/1"}],"replies":[{"embeddable":true,"href":"https:\/\/geiger-evolution.ch\/index.php\/wp-json\/wp\/v2\/comments?post=939"}],"version-history":[{"count":4,"href":"https:\/\/geiger-evolution.ch\/index.php\/wp-json\/wp\/v2\/pages\/939\/revisions"}],"predecessor-version":[{"id":1776,"href":"https:\/\/geiger-evolution.ch\/index.php\/wp-json\/wp\/v2\/pages\/939\/revisions\/1776"}],"wp:attachment":[{"href":"https:\/\/geiger-evolution.ch\/index.php\/wp-json\/wp\/v2\/media?parent=939"}],"curies":[{"name":"wp","href":"https:\/\/api.w.org\/{rel}","templated":true}]}}