{"id":944,"date":"2017-09-29T10:16:02","date_gmt":"2017-09-29T10:16:02","guid":{"rendered":"http:\/\/geiger-evolution.ch\/?page_id=944"},"modified":"2017-09-29T13:23:47","modified_gmt":"2017-09-29T13:23:47","slug":"offre-3","status":"publish","type":"page","link":"https:\/\/geiger-evolution.ch\/index.php\/fr\/offre-3\/","title":{"rendered":"Offre"},"content":{"rendered":"<p><img src=\"https:\/\/image.jimcdn.com\/app\/cms\/image\/transf\/dimension=629x10000:format=jpg\/path\/se5aedbc4e853d32c\/image\/ic323d61f1b62ae07\/version\/1463487808\/image.jpg\" \/><\/p>\n<h2><span style=\"color: #99cc00; font-family: arial,helvetica,sans-serif;\">OFFRE POUR ENTREPRISES<\/span><\/h2>\n<p><span style=\"font-family: arial,helvetica,sans-serif; font-size: 14pt;\">Donnez de l&#8217;assurance \u00e0 vos cadres et \u00e0 vos employ\u00e9s, gr\u00e2ce \u00e0 des solutions dynamiques, engag\u00e9es et passionn\u00e9es. Montrez-leur l&#8217;exemple\u00a0!<\/span><\/p>\n<p><span style=\"font-family: arial,helvetica,sans-serif; font-size: 14pt;\"><strong>Contactez GEIGER EVOLUTION pour\u00a0:<\/strong><\/span><\/p>\n<ul>\n<li><span style=\"font-family: arial,helvetica,sans-serif; font-size: 14pt;\">Des s\u00e9minaires et ateliers ax\u00e9s sur la pratique manag\u00e9riale<\/span><\/li>\n<li><span style=\"font-family: arial,helvetica,sans-serif; font-size: 14pt;\">Des expos\u00e9s stimulants<\/span><\/li>\n<li><span style=\"font-family: arial,helvetica,sans-serif; font-size: 14pt;\">Des pr\u00e9sentations passionnantes<\/span><\/li>\n<li><span style=\"font-family: arial,helvetica,sans-serif; font-size: 14pt;\">Des interlocuteurs neutres pour la r\u00e9flexion, l&#8217;analyse, les tables rondes, etc.<\/span><\/li>\n<li><span style=\"font-family: arial,helvetica,sans-serif; font-size: 14pt;\">Un (re)d\u00e9veloppement d&#8217;une philosophie et d&#8217;une strat\u00e9gie ouvertes<\/span><\/li>\n<li><span style=\"font-family: arial,helvetica,sans-serif; font-size: 14pt;\">Un planning de changement et un accompagnement cibl\u00e9s<\/span><\/li>\n<li><span style=\"font-family: arial,helvetica,sans-serif; font-size: 14pt;\">Une assistance transparente \u00e0 la communication<\/span><\/li>\n<\/ul>\n<p><span style=\"font-family: arial,helvetica,sans-serif; font-size: 14pt;\"><strong>Avantages pour vous\u00a0:<\/strong><\/span><\/p>\n<ul>\n<li><span style=\"font-family: arial,helvetica,sans-serif; font-size: 14pt;\">KISS &#8211; tout est \u00ab\u00a0simple et bien pens\u00e9\u00a0\u00bb<\/span><\/li>\n<li><span style=\"font-family: arial,helvetica,sans-serif; font-size: 14pt;\">Renforcement de l&#8217;attractivit\u00e9 en tant qu&#8217;employeur et du rayonnement de l&#8217;entreprise<\/span><\/li>\n<li><span style=\"font-family: arial,helvetica,sans-serif; font-size: 14pt;\">S\u00e9curit\u00e9 dans le quotidien (de l&#8217;encadrement)<\/span><\/li>\n<li><span style=\"font-family: arial,helvetica,sans-serif; font-size: 14pt;\">Renforcement durable de la qualit\u00e9, de la productivit\u00e9 et de la collaboration<\/span><\/li>\n<li><span style=\"font-family: arial,helvetica,sans-serif; font-size: 14pt;\">Rentabilit\u00e9 et par l\u00e0-m\u00eame augmentation de la valeur de l&#8217;entreprise<\/span><\/li>\n<li><span style=\"font-family: arial,helvetica,sans-serif; font-size: 14pt;\">Enrichissement de la culture d&#8217;entreprise avec des employ\u00e9s motiv\u00e9s\u00a0<\/span><\/li>\n<\/ul>\n<p><span style=\"font-family: arial,helvetica,sans-serif; font-size: 14pt;\">Envoyez-nous une\u00a0<a title=\"CONTACT\/LIENS\" href=\"http:\/\/geiger-evolution.ch\/?page_id=866&amp;lang=fr&amp;preview=true\">demande<\/a>\u00a0!<\/span><\/p>\n","protected":false},"excerpt":{"rendered":"<p>OFFRE POUR ENTREPRISES Donnez de l&#8217;assurance \u00e0 vos cadres et \u00e0 vos employ\u00e9s, gr\u00e2ce \u00e0 des solutions dynamiques, engag\u00e9es et passionn\u00e9es. Montrez-leur l&#8217;exemple\u00a0! Contactez GEIGER EVOLUTION pour\u00a0: Des s\u00e9minaires et ateliers ax\u00e9s sur la pratique manag\u00e9riale Des expos\u00e9s stimulants Des pr\u00e9sentations passionnantes Des interlocuteurs neutres pour la r\u00e9flexion, l&#8217;analyse, les tables rondes, etc. Un (re)d\u00e9veloppement [&hellip;]<\/p>\n","protected":false},"author":1,"featured_media":0,"parent":0,"menu_order":0,"comment_status":"closed","ping_status":"closed","template":"","meta":[],"_links":{"self":[{"href":"https:\/\/geiger-evolution.ch\/index.php\/wp-json\/wp\/v2\/pages\/944"}],"collection":[{"href":"https:\/\/geiger-evolution.ch\/index.php\/wp-json\/wp\/v2\/pages"}],"about":[{"href":"https:\/\/geiger-evolution.ch\/index.php\/wp-json\/wp\/v2\/types\/page"}],"author":[{"embeddable":true,"href":"https:\/\/geiger-evolution.ch\/index.php\/wp-json\/wp\/v2\/users\/1"}],"replies":[{"embeddable":true,"href":"https:\/\/geiger-evolution.ch\/index.php\/wp-json\/wp\/v2\/comments?post=944"}],"version-history":[{"count":4,"href":"https:\/\/geiger-evolution.ch\/index.php\/wp-json\/wp\/v2\/pages\/944\/revisions"}],"predecessor-version":[{"id":1125,"href":"https:\/\/geiger-evolution.ch\/index.php\/wp-json\/wp\/v2\/pages\/944\/revisions\/1125"}],"wp:attachment":[{"href":"https:\/\/geiger-evolution.ch\/index.php\/wp-json\/wp\/v2\/media?parent=944"}],"curies":[{"name":"wp","href":"https:\/\/api.w.org\/{rel}","templated":true}]}}