{"id":974,"date":"2017-09-29T10:00:32","date_gmt":"2017-09-29T10:00:32","guid":{"rendered":"http:\/\/geiger-evolution.ch\/?page_id=974"},"modified":"2021-02-24T22:42:31","modified_gmt":"2021-02-24T22:42:31","slug":"profiling-values-3","status":"publish","type":"page","link":"https:\/\/geiger-evolution.ch\/index.php\/fr\/profiling-values-3\/","title":{"rendered":"Profiling values"},"content":{"rendered":"\n<h2>UN TEST DE PERSONNALIT\u00c9&nbsp;<\/h2>\n\n\n\n<div id=\"cc-m-13750996725\" class=\"j-module n j-spacing \">\u00a0<\/div>\n\n\n\n<p>Vous cherchez un outil simple ET pertinent pour analyser votre personnalit\u00e9&nbsp;? Votre candidature&nbsp;? Votre appel d&#8217;offres&nbsp;? Votre proc\u00e9dure de recrutement et de s\u00e9lection&nbsp;? De coaching&nbsp;? De reclassement&nbsp;? Votre processus de changement&nbsp;?<\/p>\n\n\n\n<p><strong><a title=\"CONTACT\/LIENS\" href=\"http:\/\/geiger-evolution.ch\/?page_id=866&amp;lang=fr&amp;preview=true\">Essayez le test<\/a> <\/strong>Profilingvalues !<\/p>\n\n\n\n<p>Profilingvalues est un processus de test \u00e9prouv\u00e9 scientifiquement.&nbsp;Il s&#8217;agit du seul outil capable de mesurer les \u00ab&nbsp;valeurs intrins\u00e8ques&nbsp;\u00bb et la situation actuelle d&#8217;une personne.<\/p>\n\n\n\n<p>Les informations sur lesquelles le rapport Profilingvalues s&#8217;appuie sont rassembl\u00e9es \u00e0 l&#8217;aide d&#8217;un questionnaire en ligne. Les traits de personnalit\u00e9 sont alors repr\u00e9sent\u00e9s en deux cat\u00e9gories&nbsp;: les capacit\u00e9s et les d\u00e9sirs.<\/p>\n\n\n\n<p>L&#8217;\u00e9valuation s&#8217;appuie sur la psychologie des valeurs et prend en compte les d\u00e9viances par rapport \u00e0 une norme logique et math\u00e9matique. Contrairement aux m\u00e9thodes comportementales, le processus de test n&#8217;est pas manipulable et peut \u00eatre effectu\u00e9 partout et \u00e0 tout moment.<\/p>\n\n\n\n<p>Simple et confortable, il ne vous prendra que 20&nbsp;minutes&nbsp;!<\/p>\n\n\n\n<p>Le test Profilingvalues s&#8217;appuie sur des m\u00e9thodes scientifiques de psychologie des valeurs du Professeur Robert S. Hartman, un scientifique allemand ayant \u00e9migr\u00e9 en 1932 aux \u00c9tats-Unis en passant par l\u2019Angleterre puis le Mexique. L&#8217;\u00e9chelle de comp\u00e9tence du processus de test Profilingvalues est valid\u00e9e de mani\u00e8re g\u00e9n\u00e9rale dans la communaut\u00e9 scientifique. La m\u00e9thode a \u00e9t\u00e9 \u00e9prouv\u00e9e en comparaison avec d&#8217;autres tests, comme le questionnaire 16 PF de R.B. Cattell.<\/p>\n\n\n\n<p>Profilingvalues est un syst\u00e8me unique au monde. Il permet de comprendre les besoins individuels de l&#8217;entreprise mais \u00e9galement les capacit\u00e9s des candidats.<\/p>\n\n\n\n<p>Pour de plus amples informations sur les fondements scientifiques du processus de test Profilingvalues, cliquez <a title=\"DIAGNOSTIC\" href=\"http:\/\/geiger-evolution.ch\/?page_id=866&amp;lang=fr&amp;preview=true\">ici.<\/a><\/p>\n\n\n\n<p><strong>Offres<\/strong><\/p>\n\n\n\n<p><a title=\"CONTACT\/LIENS\" href=\"http:\/\/geiger-evolution.ch\/?page_id=866&amp;lang=fr&amp;preview=true\">Contactez-nous&nbsp;!<\/a> Nous cr\u00e9erons un pack adapt\u00e9 \u00e0 vos besoins pour une analyse personnalis\u00e9e, une \u00e9valuation des candidatures, un coaching ou un reclassement&nbsp;!<\/p>\n","protected":false},"excerpt":{"rendered":"<p>UN TEST DE PERSONNALIT\u00c9&nbsp; Vous cherchez un outil simple ET pertinent pour analyser votre personnalit\u00e9&nbsp;? Votre candidature&nbsp;? Votre appel d&#8217;offres&nbsp;? Votre proc\u00e9dure de recrutement et de s\u00e9lection&nbsp;? De coaching&nbsp;? De reclassement&nbsp;? Votre processus de changement&nbsp;? Essayez le test Profilingvalues ! Profilingvalues est un processus de test \u00e9prouv\u00e9 scientifiquement.&nbsp;Il s&#8217;agit du seul outil capable de mesurer [&hellip;]<\/p>\n","protected":false},"author":1,"featured_media":0,"parent":0,"menu_order":0,"comment_status":"closed","ping_status":"closed","template":"","meta":[],"_links":{"self":[{"href":"https:\/\/geiger-evolution.ch\/index.php\/wp-json\/wp\/v2\/pages\/974"}],"collection":[{"href":"https:\/\/geiger-evolution.ch\/index.php\/wp-json\/wp\/v2\/pages"}],"about":[{"href":"https:\/\/geiger-evolution.ch\/index.php\/wp-json\/wp\/v2\/types\/page"}],"author":[{"embeddable":true,"href":"https:\/\/geiger-evolution.ch\/index.php\/wp-json\/wp\/v2\/users\/1"}],"replies":[{"embeddable":true,"href":"https:\/\/geiger-evolution.ch\/index.php\/wp-json\/wp\/v2\/comments?post=974"}],"version-history":[{"count":5,"href":"https:\/\/geiger-evolution.ch\/index.php\/wp-json\/wp\/v2\/pages\/974\/revisions"}],"predecessor-version":[{"id":1604,"href":"https:\/\/geiger-evolution.ch\/index.php\/wp-json\/wp\/v2\/pages\/974\/revisions\/1604"}],"wp:attachment":[{"href":"https:\/\/geiger-evolution.ch\/index.php\/wp-json\/wp\/v2\/media?parent=974"}],"curies":[{"name":"wp","href":"https:\/\/api.w.org\/{rel}","templated":true}]}}