{"id":984,"date":"2017-09-29T10:07:12","date_gmt":"2017-09-29T10:07:12","guid":{"rendered":"http:\/\/geiger-evolution.ch\/?page_id=984"},"modified":"2021-03-06T14:29:53","modified_gmt":"2021-03-06T14:29:53","slug":"entreprises","status":"publish","type":"page","link":"https:\/\/geiger-evolution.ch\/index.php\/fr\/entreprises\/","title":{"rendered":"Entreprises"},"content":{"rendered":"\n<figure class=\"wp-block-image size-large\"><img loading=\"lazy\" width=\"800\" height=\"273\" src=\"http:\/\/geiger-evolution.ch\/wp-content\/uploads\/2017\/07\/21ee789013.jpg\" alt=\"\" class=\"wp-image-1777\" srcset=\"https:\/\/geiger-evolution.ch\/wp-content\/uploads\/2017\/07\/21ee789013.jpg 800w, https:\/\/geiger-evolution.ch\/wp-content\/uploads\/2017\/07\/21ee789013-300x102.jpg 300w\" sizes=\"(max-width: 800px) 100vw, 800px\" \/><\/figure>\n\n\n\n<h2 class=\"has-accent-color has-text-color\">TROUVER LA FORCE DANS SON ENTREPRISE<\/h2>\n\n\n\n<p>Les d\u00e9fis actuels demandent une pr\u00e9sence et une \u00e9nergie ind\u00e9fectibles. Mobilisez tout votre potentiel pour les relever!<\/p>\n\n\n\n<p><strong>GEIGER EVOLUTION vous offre transparence et s\u00e9curit\u00e9 en vous donnant des r\u00e9ponses claires et pratiques et en cherchant avec vous une solution.<\/strong><\/p>\n\n\n\n<ul><li>Vous n&#8217;arrivez pas \u00e0 mettre en \u0153uvre efficacement votre strat\u00e9gie&nbsp;?<\/li><li>Vos employ\u00e9s ne comprennent pas votre philosophie et vos objectifs&nbsp;?<\/li><li>Le rayonnement de votre entreprise ou son image de marque sont insuffisants&nbsp;?<\/li><li>Avez-vous des points de vue divergents au sein de l&#8217;\u00e9quipe de gestion&nbsp;?<\/li><li>Avez-vous des difficult\u00e9s \u00e0 conclure des accords ou des partenariats avec vos fournisseurs ou vos clients&nbsp;?<\/li><li>\u00cates-vous insatisfait en mati\u00e8re de qualit\u00e9 ou de performances&nbsp;?<\/li><\/ul>\n\n\n\n<p>Prenez du temps pour vous et votre \u00e9quipe de gestion et ralentissez un instant. Cessez de courir apr\u00e8s les objectifs. D\u00e9tendez-vous et rechargez vos batteries pour repartir de plus belle vers un avenir productif.<\/p>\n\n\n\n<p>S&#8217;accorder une pause aide \u00e0 prendre des d\u00e9cisions r\u00e9fl\u00e9chies et durables. Vous gagnerez ainsi du temps et relancerez la bonne marche de votre entreprise&nbsp;!<\/p>\n\n\n\n<p>Offrez-vous un peu de temps. Organisons <a title=\"CONTACT\/LIENS\" href=\"http:\/\/geiger-evolution.ch\/?page_id=866&amp;lang=fr&amp;preview=true\">ensemble<\/a> une pause salutaire&nbsp;!<\/p>\n","protected":false},"excerpt":{"rendered":"<p>TROUVER LA FORCE DANS SON ENTREPRISE Les d\u00e9fis actuels demandent une pr\u00e9sence et une \u00e9nergie ind\u00e9fectibles. Mobilisez tout votre potentiel pour les relever! GEIGER EVOLUTION vous offre transparence et s\u00e9curit\u00e9 en vous donnant des r\u00e9ponses claires et pratiques et en cherchant avec vous une solution. Vous n&#8217;arrivez pas \u00e0 mettre en \u0153uvre efficacement votre strat\u00e9gie&nbsp;? [&hellip;]<\/p>\n","protected":false},"author":1,"featured_media":0,"parent":0,"menu_order":0,"comment_status":"closed","ping_status":"closed","template":"","meta":[],"_links":{"self":[{"href":"https:\/\/geiger-evolution.ch\/index.php\/wp-json\/wp\/v2\/pages\/984"}],"collection":[{"href":"https:\/\/geiger-evolution.ch\/index.php\/wp-json\/wp\/v2\/pages"}],"about":[{"href":"https:\/\/geiger-evolution.ch\/index.php\/wp-json\/wp\/v2\/types\/page"}],"author":[{"embeddable":true,"href":"https:\/\/geiger-evolution.ch\/index.php\/wp-json\/wp\/v2\/users\/1"}],"replies":[{"embeddable":true,"href":"https:\/\/geiger-evolution.ch\/index.php\/wp-json\/wp\/v2\/comments?post=984"}],"version-history":[{"count":5,"href":"https:\/\/geiger-evolution.ch\/index.php\/wp-json\/wp\/v2\/pages\/984\/revisions"}],"predecessor-version":[{"id":1779,"href":"https:\/\/geiger-evolution.ch\/index.php\/wp-json\/wp\/v2\/pages\/984\/revisions\/1779"}],"wp:attachment":[{"href":"https:\/\/geiger-evolution.ch\/index.php\/wp-json\/wp\/v2\/media?parent=984"}],"curies":[{"name":"wp","href":"https:\/\/api.w.org\/{rel}","templated":true}]}}