{"id":986,"date":"2017-09-29T09:42:29","date_gmt":"2017-09-29T09:42:29","guid":{"rendered":"http:\/\/geiger-evolution.ch\/?page_id=986"},"modified":"2018-07-20T08:51:36","modified_gmt":"2018-07-20T08:51:36","slug":"vocational-training","status":"publish","type":"page","link":"https:\/\/geiger-evolution.ch\/index.php\/en\/vocational-training\/","title":{"rendered":"Vocational Education &#038; Training (VET)"},"content":{"rendered":"<p><img id=\"cc-m-imagesubtitle-image-12486882023\" src=\"https:\/\/image.jimcdn.com\/app\/cms\/image\/transf\/dimension=666x10000:format=jpg\/path\/s10f05ab7ec9f2cc6\/image\/i51580d823796b8d3\/version\/1454153290\/image.jpg\" sizes=\"(min-width: 666px) 666px, 100vw\" alt=\"\" data-src=\"https:\/\/image.jimcdn.com\/app\/cms\/image\/transf\/dimension=666x10000:format=jpg\/path\/s10f05ab7ec9f2cc6\/image\/i51580d823796b8d3\/version\/1454153290\/image.jpg\" data-src-width=\"800\" data-src-height=\"273\" data-image-id=\"8139341323\" \/><\/p>\n<h2><span style=\"color: #99cc00; font-family: arial,helvetica,sans-serif;\">Strenghtening Switzerland&#8217;s dual track<br \/>\nVET-System<\/span><\/h2>\n<p><span style=\"font-family: arial, helvetica, sans-serif; font-size: 14pt;\"><strong>International VET-Program in Zug\u00a0<\/strong><\/span><\/p>\n<p><span style=\"font-family: arial, helvetica, sans-serif;\"><a href=\"https:\/\/www.efz-international-eng.ch\/media\/\" target=\"_blank\" rel=\"noopener\">https:\/\/www.efz-international-eng.ch\/media\/<\/a><\/span><\/p>\n<p><span style=\"font-family: arial, helvetica, sans-serif;\"><strong>Congratulation to the graduation<\/strong><\/span><\/p>\n<p><img loading=\"lazy\" class=\"alignnone size-medium wp-image-1274\" src=\"http:\/\/geiger-evolution.ch\/wp-content\/uploads\/2017\/09\/1-1-300x200.jpg\" alt=\"\" width=\"300\" height=\"200\" srcset=\"https:\/\/geiger-evolution.ch\/wp-content\/uploads\/2017\/09\/1-1-300x200.jpg 300w, https:\/\/geiger-evolution.ch\/wp-content\/uploads\/2017\/09\/1-1.jpg 600w\" sizes=\"(max-width: 300px) 100vw, 300px\" \/> <img loading=\"lazy\" class=\"alignnone size-medium wp-image-1275\" src=\"http:\/\/geiger-evolution.ch\/wp-content\/uploads\/2017\/09\/2-1-300x200.jpg\" alt=\"\" width=\"300\" height=\"200\" srcset=\"https:\/\/geiger-evolution.ch\/wp-content\/uploads\/2017\/09\/2-1-300x200.jpg 300w, https:\/\/geiger-evolution.ch\/wp-content\/uploads\/2017\/09\/2-1.jpg 600w\" sizes=\"(max-width: 300px) 100vw, 300px\" \/><\/p>\n<p style=\"font-weight: 300;\"><span style=\"font-family: arial, helvetica, sans-serif;\"><b><strong>Sie haben es geschafft, die ersten sechs Kaufleute im Projekt Berufsbildung International Zug d\u00fcrfen mit Stolz ihr F\u00e4higkeitszeugnis mit Supplement entgegennehmen. Mit gest\u00e4rktem Selbstbewusstsein haben sie sich vor drei Jahren dazu entschieden, die Berufslehre in englischer Sprache an allen drei Lernorten zu absolvieren und im Kanton Zug eine Pionierrolle einzunehmen.<\/strong><\/b><\/span><\/p>\n<p style=\"font-weight: 300;\"><span style=\"font-family: arial, helvetica, sans-serif;\">Die Lernenden von bildxzug und Roche Diagnostics International AG profitierten w\u00e4hrend ihrer Ausbildung davon, in einer internationalen Firma zu arbeiten, zus\u00e4tzlich die \u00fcberbetrieblichen Kurse wie auch ein hoher Anteil der F\u00e4cher in der Berufsfachschule in Englisch zu besuchen. Seit nun drei Jahren gibt es im Kanton Zug das spezielle Format, die international ausgerichtete Berufslehre f\u00fcr Kaufleute EFZ und Informatik EFZ. Die Ausbildung ist interessant f\u00fcr Jugendliche mit guten Englischkenntnissen, die eine abwechslungsreiche und herausfordernde Ausbildung auf internationalem Parkett suchen. Sie bietet aber auch fremdsprachigen Jugendlichen mit ausreichenden Deutschkenntnissen eine Chance. Ganz in englischer Sprache, wie urspr\u00fcnglich geplant, ist nicht m\u00f6glich, da gewisse Ziele in der Standardsprache erf\u00fcllt werden m\u00fcssen, die von der Bildungsverordnung vorgegeben sind. Nach einem eher z\u00f6gerlichen Start im Sommer 2015 spricht sich die Idee einerseits bei den Jugendlichen wie auch bei Firmen herum. Waren es anfangs im kaufm\u00e4nnischen Bereich gerade nur diese sechs Lernenden, sind es aktuell bereits mehr als zwanzig Jugendliche, die mit Selbstvertrauen und Elan diese Herausforderung angenommen haben.<\/span><\/p>\n<p><strong><span style=\"font-family: arial, helvetica, sans-serif;\">(translation will follow soon)<\/span><\/strong><\/p>\n<p>&nbsp;<\/p>\n<p><span style=\"font-size: 14pt;\"><strong><span style=\"font-family: arial, helvetica, sans-serif;\">VET-Congress 2018<\/span><\/strong><\/span><\/p>\n<p><span style=\"font-family: arial, helvetica, sans-serif;\">The 2018 International Congress on VPET has concentrated on\u00a0the challenges in adapting to the needs of the labour market in a rapidly changing and digitalised world, vertical and horizontal system permeability, lifelong learning and curriculum development in VPET.<\/span><\/p>\n<p><a href=\"http:\/\/www.vpet-congress.ch\/en\/review\" target=\"_blank\" rel=\"noopener\"><span style=\"font-family: arial, helvetica, sans-serif;\">http:\/\/www.vpet-congress.ch\/en\/review<\/span><\/a><\/p>\n<p>&nbsp;<\/p>\n<p><span style=\"font-family: arial,helvetica,sans-serif; font-size: 14pt;\"><strong>Successful launch of the new book at the International Congress on Vocational and Professional Education and Training in Winterthur<\/strong> (20.-22.6.2016); \u00a0<a title=\"www.vpet-congress.ch\" href=\"http:\/\/www.vpet-congress.ch\/\" target=\"_blank\" rel=\"noopener\">www.vpet-congress.ch<\/a> <\/span><\/p>\n<table>\n<tbody>\n<tr>\n<td><img loading=\"lazy\" class=\"alignnone wp-image-987 size-medium\" src=\"http:\/\/geiger-evolution.ch\/wp-content\/uploads\/2017\/09\/1-300x169.jpg\" alt=\"\" width=\"300\" height=\"169\" srcset=\"https:\/\/geiger-evolution.ch\/wp-content\/uploads\/2017\/09\/1-300x169.jpg 300w, https:\/\/geiger-evolution.ch\/wp-content\/uploads\/2017\/09\/1.jpg 711w\" sizes=\"(max-width: 300px) 100vw, 300px\" \/><img loading=\"lazy\" class=\"alignnone wp-image-988 size-medium\" src=\"http:\/\/geiger-evolution.ch\/wp-content\/uploads\/2017\/09\/2-300x169.jpg\" alt=\"\" width=\"300\" height=\"169\" srcset=\"https:\/\/geiger-evolution.ch\/wp-content\/uploads\/2017\/09\/2-300x169.jpg 300w, https:\/\/geiger-evolution.ch\/wp-content\/uploads\/2017\/09\/2.jpg 711w\" sizes=\"(max-width: 300px) 100vw, 300px\" \/><\/p>\n<p><img loading=\"lazy\" class=\"alignnone wp-image-989 size-medium\" src=\"http:\/\/geiger-evolution.ch\/wp-content\/uploads\/2017\/09\/3-300x169.jpg\" alt=\"\" width=\"300\" height=\"169\" srcset=\"https:\/\/geiger-evolution.ch\/wp-content\/uploads\/2017\/09\/3-300x169.jpg 300w, https:\/\/geiger-evolution.ch\/wp-content\/uploads\/2017\/09\/3.jpg 711w\" sizes=\"(max-width: 300px) 100vw, 300px\" \/><img loading=\"lazy\" class=\"alignnone wp-image-990 size-medium\" src=\"http:\/\/geiger-evolution.ch\/wp-content\/uploads\/2017\/09\/4-300x169.jpg\" alt=\"\" width=\"300\" height=\"169\" srcset=\"https:\/\/geiger-evolution.ch\/wp-content\/uploads\/2017\/09\/4-300x169.jpg 300w, https:\/\/geiger-evolution.ch\/wp-content\/uploads\/2017\/09\/4.jpg 711w\" sizes=\"(max-width: 300px) 100vw, 300px\" \/><\/p>\n<p><img loading=\"lazy\" class=\"alignnone wp-image-991 size-medium\" src=\"http:\/\/geiger-evolution.ch\/wp-content\/uploads\/2017\/09\/5-300x169.jpg\" alt=\"\" width=\"300\" height=\"169\" srcset=\"https:\/\/geiger-evolution.ch\/wp-content\/uploads\/2017\/09\/5-300x169.jpg 300w, https:\/\/geiger-evolution.ch\/wp-content\/uploads\/2017\/09\/5.jpg 711w\" sizes=\"(max-width: 300px) 100vw, 300px\" \/><img loading=\"lazy\" class=\"alignnone size-medium wp-image-992\" src=\"http:\/\/geiger-evolution.ch\/wp-content\/uploads\/2017\/09\/6-300x169.jpg\" alt=\"\" width=\"300\" height=\"169\" srcset=\"https:\/\/geiger-evolution.ch\/wp-content\/uploads\/2017\/09\/6-300x169.jpg 300w, https:\/\/geiger-evolution.ch\/wp-content\/uploads\/2017\/09\/6.jpg 711w\" sizes=\"(max-width: 300px) 100vw, 300px\" \/><\/td>\n<td><\/td>\n<\/tr>\n<\/tbody>\n<\/table>\n<p><span style=\"font-family: arial,helvetica,sans-serif; font-size: 14pt;\">* VPET = Vocational and Professional Education and Training System <\/span><\/p>\n<p><img id=\"cc-m-textwithimage-image-12670444323\" src=\"https:\/\/image.jimcdn.com\/app\/cms\/image\/transf\/dimension=333x1024:format=jpg\/path\/s10f05ab7ec9f2cc6\/image\/i44f2b5490c5d5aab\/version\/1463481233\/image.jpg\" sizes=\"(min-width: 333px) 333px, 100vw\" alt=\"\" data-src=\"https:\/\/image.jimcdn.com\/app\/cms\/image\/transf\/dimension=333x1024:format=jpg\/path\/s10f05ab7ec9f2cc6\/image\/i44f2b5490c5d5aab\/version\/1463481233\/image.jpg\" data-src-width=\"1092\" data-src-height=\"754\" data-image-id=\"8263778723\" \/><\/p>\n<p><span style=\"font-family: arial,helvetica,sans-serif; font-size: 14pt;\"><b>Vocational and Professional Education and Training in Switzerland<br \/>\n<\/b><strong>Success factors and challenges for sustainable implementation abroad<\/strong><\/span><\/p>\n<p><span style=\"font-family: arial,helvetica,sans-serif; font-size: 14pt;\">&#8222;Commercial apprenticeships largely in English&#8220;<\/span><\/p>\n<div id=\"cc-m-10018903195\" class=\"n j-text\">\n<p><span style=\"font-family: arial,helvetica,sans-serif; font-size: 14pt;\">In the summer of 2015, the Office for Vocational Education and Training in the Canton of Zug introduced new commercial apprenticeships for business administration and information technology largely in English.<\/span><\/p>\n<p><span style=\"font-family: arial,helvetica,sans-serif; font-size: 14pt;\">Within the\u00a0<a title=\"https:\/\/www.zg.ch\/international\/english\" href=\"https:\/\/www.zg.ch\/international\/english\" target=\"_blank\" rel=\"noopener\">Office for Vocational Education and Training in the Canton of Zug,<\/a> Bruno Geiger is Project Manager of a project that involves developing and implementing commercial apprenticeships conducted largely through English in conjunction with the Swiss Federal Vocational Education and Training (VET) Diploma\u00a0(first years in management and IT &#8211; commencing summer 2015).<\/span><\/p>\n<p><span style=\"font-family: arial,helvetica,sans-serif; font-size: 14pt;\">The Canton of Zug hopes that this project will create an additional service for young people interested in languages, while also helping Switzerland&#8217;s dual-track system of vocational education and training achieve greater recognition and involving Swiss companies with an international outlook and multinationals to a greater degree in vocational education and training.<\/span><\/p>\n<div style=\"width: 331px\" class=\"wp-caption alignnone\"><a href=\"http:\/\/www.swissinfo.ch\/ger\/globales-praktikum_berufslehre-auf-englisch-findet-bei-multinationalen-unternehmen-anklang\/41798286\" target=\"_blank\" rel=\"noopener\"><img loading=\"lazy\" id=\"cc-m-imagesubtitle-image-12671581223\" src=\"https:\/\/image.jimcdn.com\/app\/cms\/image\/transf\/dimension=321x10000:format=jpg\/path\/s10f05ab7ec9f2cc6\/image\/i6b2b5bfc782585ee\/version\/1463496583\/image.jpg\" sizes=\"(min-width: 321px) 321px, 100vw\" alt=\"\" width=\"321\" height=\"214\" data-src=\"https:\/\/image.jimcdn.com\/app\/cms\/image\/transf\/dimension=321x10000:format=jpg\/path\/s10f05ab7ec9f2cc6\/image\/i6b2b5bfc782585ee\/version\/1463496583\/image.jpg\" data-src-width=\"640\" data-src-height=\"426\" data-image-id=\"8264296823\" \/><\/a><p class=\"wp-caption-text\"><span style=\"font-family: arial,helvetica,sans-serif; font-size: 14pt;\">Swissinfo &#8211; December 04. 2015<\/span><\/p><\/div>\n<p><iframe loading=\"lazy\" src=\"\/\/tp.srgssr.ch\/p\/srf\/embed?urn=urn:srf:ais:video:9f616074-04d3-42c5-a085-08bd3c8e4f92\" name=\"ECO vom 01.12.2014\" width=\"312\" height=\"351\" frameborder=\"0\"><\/iframe><\/p>\n<p><span style=\"font-family: arial,helvetica,sans-serif; font-size: 14pt;\"><b>For more information, contact:<\/b><\/span><\/p>\n<p><span style=\"font-family: arial,helvetica,sans-serif; font-size: 14pt;\">Bruno Geiger, Geiger Evolution GmbH,\u00a0www.geiger-evolution.ch<br \/>\n<\/span><span style=\"font-family: arial,helvetica,sans-serif; font-size: 14pt;\">For questions to Bruno Geiger, call +41 79 \/ 371 36 76<\/span><\/p>\n<\/div>\n","protected":false},"excerpt":{"rendered":"<p>Strenghtening Switzerland&#8217;s dual track VET-System International VET-Program in Zug\u00a0 https:\/\/www.efz-international-eng.ch\/media\/ Congratulation to the graduation Sie haben es geschafft, die ersten sechs Kaufleute im Projekt Berufsbildung International Zug d\u00fcrfen mit Stolz ihr F\u00e4higkeitszeugnis mit Supplement entgegennehmen. Mit gest\u00e4rktem Selbstbewusstsein haben sie sich vor drei Jahren dazu entschieden, die Berufslehre in englischer Sprache an allen drei Lernorten [&hellip;]<\/p>\n","protected":false},"author":1,"featured_media":0,"parent":0,"menu_order":0,"comment_status":"closed","ping_status":"closed","template":"","meta":[],"_links":{"self":[{"href":"https:\/\/geiger-evolution.ch\/index.php\/wp-json\/wp\/v2\/pages\/986"}],"collection":[{"href":"https:\/\/geiger-evolution.ch\/index.php\/wp-json\/wp\/v2\/pages"}],"about":[{"href":"https:\/\/geiger-evolution.ch\/index.php\/wp-json\/wp\/v2\/types\/page"}],"author":[{"embeddable":true,"href":"https:\/\/geiger-evolution.ch\/index.php\/wp-json\/wp\/v2\/users\/1"}],"replies":[{"embeddable":true,"href":"https:\/\/geiger-evolution.ch\/index.php\/wp-json\/wp\/v2\/comments?post=986"}],"version-history":[{"count":9,"href":"https:\/\/geiger-evolution.ch\/index.php\/wp-json\/wp\/v2\/pages\/986\/revisions"}],"predecessor-version":[{"id":1302,"href":"https:\/\/geiger-evolution.ch\/index.php\/wp-json\/wp\/v2\/pages\/986\/revisions\/1302"}],"wp:attachment":[{"href":"https:\/\/geiger-evolution.ch\/index.php\/wp-json\/wp\/v2\/media?parent=986"}],"curies":[{"name":"wp","href":"https:\/\/api.w.org\/{rel}","templated":true}]}}