{"id":99,"date":"2017-07-02T14:54:10","date_gmt":"2017-07-02T14:54:10","guid":{"rendered":"http:\/\/geiger-evolution.ch\/?page_id=99"},"modified":"2021-03-06T11:10:53","modified_gmt":"2021-03-06T11:10:53","slug":"muster-report","status":"publish","type":"page","link":"https:\/\/geiger-evolution.ch\/index.php\/muster-report\/","title":{"rendered":"Muster-Report"},"content":{"rendered":"\n<figure class=\"wp-block-image\"><img src=\"http:\/\/geiger-evolution.ch\/wp-content\/uploads\/2017\/07\/120c752a8a.jpg\" alt=\"120c752a8a\" class=\"wp-image-186\"\/><\/figure>\n\n\n\n<h3 class=\"has-accent-color has-text-color\">Report profilingvalues im \u00dcberblick<\/h3>\n\n\n\n<p><strong>M\u00d6CHTEN SIE DAS KOMPLETTE BEISPIEL ANSEHEN?<br>KLICKEN SIE BITTE HIER:<\/strong><\/p>\n\n\n\n<p><a href=\"http:\/\/geiger-evolution.ch\/wp-content\/uploads\/2017\/07\/Musterreport-Fr.-Schmidt.pdf\">Musterreport Frau Maria Schmidt<\/a><\/p>\n\n\n\n<p>Kombination aus \u201eK\u00f6nnen\u201c und \u201eWollen\u201c Der wichtigste Aspekt von profilingvalues ist die Kombination aus \u201eK\u00f6nnen\u201c (Balken) und \u201eWollen\u201c (Rauten). Wir k\u00f6nnen Talente und Potenziale haben, die wir gleichsam links liegen lassen oder auf die wir proaktiv setzen, vertrauen und sogar fokussieren. In dieser Kombination liegt eine unglaubliche \u201eTiefensch\u00e4rfe\u201c, wenn es darum geht nicht nur darzustellen, wie jemand grunds\u00e4tzlich \u201egestrickt\u201c ist, sondern in welcher Situation er gegenw\u00e4rtig steckt, d.h. wie das aktuelle Umfeld auf den Einzelnen einwirkt.<\/p>\n\n\n\n<figure class=\"wp-block-image\"><a href=\"http:\/\/geiger-evolution.ch\/wp-content\/uploads\/2017\/07\/Report1.jpg\"><img src=\"http:\/\/geiger-evolution.ch\/wp-content\/uploads\/2017\/07\/Report1-300x163.jpg\" alt=\"Report1\" class=\"wp-image-287\"\/><\/a><\/figure>\n\n\n\n<p>Talentlandkarte &#8211; Das Spinnendiagramm ist ein \u00e4u\u00dferst beliebter Teil des profilingvalues Reports. Die blaue Kurve repr\u00e4sentiert die Balken (K\u00f6nnen) der Skalen auf den Seiten 5 und 6 des Reports und bildet somit die \u201eTalentlandkarte\u201c zum aktuellen Zeitpunkt. Die orange Kurve zeigt die dazugeh\u00f6rigen Rauten (Wollen) und gibt damit Signal, wo eine Person gegenw\u00e4rtig die \u201eSchwingen der Aufmerksamkeit\u201c ausgebreitet hat, oder wo sie sich ggf. einigelt.<\/p>\n\n\n\n<figure class=\"wp-block-image\"><img src=\"http:\/\/geiger-evolution.ch\/wp-content\/uploads\/2017\/07\/Report2.jpg\" alt=\"Report2\" class=\"wp-image-288\"\/><\/figure>\n\n\n\n<h3 class=\"has-accent-color has-text-color\">Empfehlung mit Blick auf berufliche Einsatzfelder<\/h3>\n\n\n\n<p>Die Seite 9 des profilingvalues Reports zeigt auf einen Blick die Eignung f\u00fcr unterschiedliche Berufe und Funktionen. In den Standards sind typische Pers\u00f6nlichkeitseigenschaften hinterlegt, die auch in den Pers\u00f6nlichkeitsauspr\u00e4gungen vieler Stelleninhaber zu finden sind. In jeder beruflichen Rolle gibt es allerdings erfolgreiche Vertreter, die quasi aus der Art schlagen. Die Skalen reichen von ganz links (65) bis ganz rechts (90) und sind in 5 gleich gro\u00dfe Abschnitte eingeteilt. Bildlich gesprochen wird hier gemessen, inwieweit eine Person die Anforderungen abdeckt. Die reine Abgleichmechanik zwischen Anforderungsprofil und Person reicht dabei jedoch nie aus, um eine Entscheidung zu treffen.<\/p>\n\n\n\n<figure class=\"wp-block-image\"><img src=\"http:\/\/geiger-evolution.ch\/wp-content\/uploads\/2017\/07\/Report3.jpg\" alt=\"Report3\" class=\"wp-image-286\"\/><\/figure>\n\n\n\n<p>Die \u00fcbrigen Standanforderungsprofile lauten: Forschung\/Entwicklung\/Konzeption, Verkauf, Produktion\/Einkauf\/Logistik, Auftrags-\/ Projektmanagement, Finanzen &amp; Administration, Service, Personalmanagement, F\u00fchrung\/ Unternehmerisch.<\/p>\n\n\n\n<p><strong>M\u00d6CHTEN SIE DAS KOMPLETTE BEISPIEL ANSEHEN? KLICKEN SIE BITTE HIER<\/strong>:<\/p>\n\n\n\n<p><a href=\"http:\/\/geiger-evolution.ch\/wp-content\/uploads\/2017\/07\/Musterreport-Fr.-Schmidt.pdf\" target=\"_blank\" rel=\"noopener\"><span lang=\"de\">Musterreport Frau Maria Schmidt<\/span><\/a><\/p>\n\n\n\n<p><strong>Profilingvalues Report ist allerdings viel mehr, als hier dargestellt!<\/strong><\/p>\n\n\n\n<p>M\u00f6chten Sie in die Tiefen hineinspringen? Sind Sie an einer Zertifizierung oder einer Durchf\u00fchrung vom Profiling interessiert? Schreiben Sie uns bitte eine <a href=\"http:\/\/geiger-evolution.ch\/?page_id=30\">Nachricht<\/a>.<\/p>\n\n\n\n<p><a href=\"http:\/\/geiger-evolution.ch\/wp-content\/uploads\/2017\/07\/Report2.jpg\">&nbsp;<\/a><\/p>\n","protected":false},"excerpt":{"rendered":"<p>Report profilingvalues im \u00dcberblick M\u00d6CHTEN SIE DAS KOMPLETTE BEISPIEL ANSEHEN?KLICKEN SIE BITTE HIER: Musterreport Frau Maria Schmidt Kombination aus \u201eK\u00f6nnen\u201c und \u201eWollen\u201c Der wichtigste Aspekt von profilingvalues ist die Kombination aus \u201eK\u00f6nnen\u201c (Balken) und \u201eWollen\u201c (Rauten). Wir k\u00f6nnen Talente und Potenziale haben, die wir gleichsam links liegen lassen oder auf die wir proaktiv setzen, vertrauen [&hellip;]<\/p>\n","protected":false},"author":1,"featured_media":0,"parent":0,"menu_order":0,"comment_status":"closed","ping_status":"closed","template":"","meta":[],"_links":{"self":[{"href":"https:\/\/geiger-evolution.ch\/index.php\/wp-json\/wp\/v2\/pages\/99"}],"collection":[{"href":"https:\/\/geiger-evolution.ch\/index.php\/wp-json\/wp\/v2\/pages"}],"about":[{"href":"https:\/\/geiger-evolution.ch\/index.php\/wp-json\/wp\/v2\/types\/page"}],"author":[{"embeddable":true,"href":"https:\/\/geiger-evolution.ch\/index.php\/wp-json\/wp\/v2\/users\/1"}],"replies":[{"embeddable":true,"href":"https:\/\/geiger-evolution.ch\/index.php\/wp-json\/wp\/v2\/comments?post=99"}],"version-history":[{"count":7,"href":"https:\/\/geiger-evolution.ch\/index.php\/wp-json\/wp\/v2\/pages\/99\/revisions"}],"predecessor-version":[{"id":1704,"href":"https:\/\/geiger-evolution.ch\/index.php\/wp-json\/wp\/v2\/pages\/99\/revisions\/1704"}],"wp:attachment":[{"href":"https:\/\/geiger-evolution.ch\/index.php\/wp-json\/wp\/v2\/media?parent=99"}],"curies":[{"name":"wp","href":"https:\/\/api.w.org\/{rel}","templated":true}]}}