{"id":998,"date":"2017-09-29T10:13:30","date_gmt":"2017-09-29T10:13:30","guid":{"rendered":"http:\/\/geiger-evolution.ch\/?page_id=998"},"modified":"2021-03-06T11:41:18","modified_gmt":"2021-03-06T11:41:18","slug":"media-2","status":"publish","type":"page","link":"https:\/\/geiger-evolution.ch\/index.php\/fr\/media-2\/","title":{"rendered":"M\u00e9dia"},"content":{"rendered":"\n<figure class=\"wp-block-image size-large\"><img loading=\"lazy\" width=\"800\" height=\"273\" src=\"http:\/\/geiger-evolution.ch\/wp-content\/uploads\/2017\/07\/7992b03339.jpg\" alt=\"\" class=\"wp-image-1707\" srcset=\"https:\/\/geiger-evolution.ch\/wp-content\/uploads\/2017\/07\/7992b03339.jpg 800w, https:\/\/geiger-evolution.ch\/wp-content\/uploads\/2017\/07\/7992b03339-300x102.jpg 300w\" sizes=\"(max-width: 800px) 100vw, 800px\" \/><\/figure>\n\n\n\n<figure class=\"wp-block-image\"><img src=\"http:\/\/geiger-evolution.ch\/wp-content\/uploads\/2018\/07\/HR-f-e1531734021256.png\" alt=\"\"\/><\/figure>\n\n\n\n<p><a href=\"http:\/\/geiger-evolution.ch\/wp-content\/uploads\/2018\/07\/Artikel_HRD_Denaris_Focus_0318_FR.pdf\" target=\"_blank\" rel=\"noopener\">Denaris, magazine sp\u00e9cialis\u00e9, \u00e9t\u00e9 2018<\/a><\/p>\n\n\n\n<div class=\"wp-block-file\"><a href=\"http:\/\/geiger-evolution.ch\/wp-content\/uploads\/2017\/09\/la-cote-14-4-15-2a.pdf\"><span class=\"has-inline-color has-black-color\">La Cote &#8211; 14.04.2015<\/span><\/a><a href=\"http:\/\/geiger-evolution.ch\/wp-content\/uploads\/2017\/09\/la-cote-14-4-15-2a.pdf\" class=\"wp-block-file__button\" download>T\u00e9l\u00e9charger<\/a><\/div>\n\n\n\n<div class=\"wp-block-file\"><a href=\"http:\/\/geiger-evolution.ch\/wp-content\/uploads\/2017\/09\/Libert\u00e9-14-4-15-2b.pdf\"><span class=\"has-inline-color has-black-color\">La Lib\u00e9rt\u00e9 &#8211; 14.04.2015<\/span><\/a><a href=\"http:\/\/geiger-evolution.ch\/wp-content\/uploads\/2017\/09\/Libert\u00e9-14-4-15-2b.pdf\" class=\"wp-block-file__button\" download>T\u00e9l\u00e9Charger<\/a><\/div>\n\n\n\n<div class=\"wp-block-file\"><a href=\"http:\/\/geiger-evolution.ch\/wp-content\/uploads\/2017\/07\/lagefi-14-4-15.pdf\"><span class=\"has-inline-color has-black-color\">L&#8217;Agefi &#8211; 14.04.2015<\/span><\/a><a href=\"http:\/\/geiger-evolution.ch\/wp-content\/uploads\/2017\/07\/lagefi-14-4-15.pdf\" class=\"wp-block-file__button\" download>T\u00e9l\u00e9charger<\/a><\/div>\n\n\n\n<div class=\"wp-block-file\"><a href=\"http:\/\/geiger-evolution.ch\/wp-content\/uploads\/2017\/07\/le-courrier-14-4-15.pdf\"><span class=\"has-inline-color has-black-color\">Le Courrier &#8211; 14.04.2015<\/span><\/a><a href=\"http:\/\/geiger-evolution.ch\/wp-content\/uploads\/2017\/07\/le-courrier-14-4-15.pdf\" class=\"wp-block-file__button\" download>T\u00e9l\u00e9charger<\/a><\/div>\n\n\n\n<div class=\"wp-block-file\"><a href=\"http:\/\/geiger-evolution.ch\/wp-content\/uploads\/2017\/07\/le-journal-du-jura-14-4-15.pdf\"><span class=\"has-inline-color has-black-color\">Le journal du Jura &#8211; 14.04.2015<\/span><\/a><a href=\"http:\/\/geiger-evolution.ch\/wp-content\/uploads\/2017\/07\/le-journal-du-jura-14-4-15.pdf\" class=\"wp-block-file__button\" download>T\u00e9L\u00e9Charger<\/a><\/div>\n\n\n\n<div class=\"wp-block-file\"><a href=\"http:\/\/geiger-evolution.ch\/wp-content\/uploads\/2017\/07\/le-nouvelliste-14-4-15.pdf\"><span class=\"has-inline-color has-black-color\">Le Nouvelliste &#8211; 14.04.2015<\/span><\/a><a href=\"http:\/\/geiger-evolution.ch\/wp-content\/uploads\/2017\/07\/le-nouvelliste-14-4-15.pdf\" class=\"wp-block-file__button\" download>T\u00e9L\u00e9CHARGER<\/a><\/div>\n\n\n\n<div class=\"wp-block-file\"><a href=\"http:\/\/geiger-evolution.ch\/wp-content\/uploads\/2017\/07\/lexpress-14-4-15.pdf\"><span class=\"has-inline-color has-black-color\">L&#8217;Express &#8211; 14.04.15<\/span><\/a><a href=\"http:\/\/geiger-evolution.ch\/wp-content\/uploads\/2017\/07\/lexpress-14-4-15.pdf\" class=\"wp-block-file__button\" download>T\u00e9L\u00e9CHARGER<\/a><\/div>\n","protected":false},"excerpt":{"rendered":"<p>Denaris, magazine sp\u00e9cialis\u00e9, \u00e9t\u00e9 2018<\/p>\n","protected":false},"author":1,"featured_media":0,"parent":0,"menu_order":0,"comment_status":"closed","ping_status":"closed","template":"","meta":[],"_links":{"self":[{"href":"https:\/\/geiger-evolution.ch\/index.php\/wp-json\/wp\/v2\/pages\/998"}],"collection":[{"href":"https:\/\/geiger-evolution.ch\/index.php\/wp-json\/wp\/v2\/pages"}],"about":[{"href":"https:\/\/geiger-evolution.ch\/index.php\/wp-json\/wp\/v2\/types\/page"}],"author":[{"embeddable":true,"href":"https:\/\/geiger-evolution.ch\/index.php\/wp-json\/wp\/v2\/users\/1"}],"replies":[{"embeddable":true,"href":"https:\/\/geiger-evolution.ch\/index.php\/wp-json\/wp\/v2\/comments?post=998"}],"version-history":[{"count":11,"href":"https:\/\/geiger-evolution.ch\/index.php\/wp-json\/wp\/v2\/pages\/998\/revisions"}],"predecessor-version":[{"id":1734,"href":"https:\/\/geiger-evolution.ch\/index.php\/wp-json\/wp\/v2\/pages\/998\/revisions\/1734"}],"wp:attachment":[{"href":"https:\/\/geiger-evolution.ch\/index.php\/wp-json\/wp\/v2\/media?parent=998"}],"curies":[{"name":"wp","href":"https:\/\/api.w.org\/{rel}","templated":true}]}}